{"id":2431,"date":"2019-09-23T11:27:41","date_gmt":"2019-09-23T11:27:41","guid":{"rendered":"https:\/\/fairfaxcryobank.com\/?page_id=2431"},"modified":"2020-08-28T10:15:49","modified_gmt":"2020-08-28T14:15:49","slug":"servicios-geneticos","status":"publish","type":"page","link":"https:\/\/fairfaxcryobank.com\/es\/servicios-geneticos","title":{"rendered":"Servicios Gen\u00e9ticos"},"content":{"rendered":"\n<h2 class=\"wp-block-heading\"><strong>Pruebas y servicios gen\u00e9ticos del banco de esperma<\/strong><\/h2>\n\n\n\n<p>El experimentado y atento equipo de Servicios Gen\u00e9ticos trabaja con tecnolog\u00eda de vanguardia para proporcionar las pruebas y servicios gen\u00e9ticos de donantes de esperma m\u00e1s completos. El equipo est\u00e1 disponible para responder a sus preguntas, discutir pruebas especiales y establecer coincidencias de donantes adecuadas en un esfuerzo por proporcionar la mejor selecci\u00f3n de donantes de esperma para usted.<\/p>\n\n\n\n<hr class=\"wp-block-separator\"\/>\n\n\n\n<h3 class=\"wp-block-heading\"><strong>Equipo de Servicios Gen\u00e9ticos de Fairfax Cryobank<\/strong><\/h3>\n\n\n\n<div class=\"wp-block-media-text alignwide\" style=\"grid-template-columns:30% auto\"><figure class=\"wp-block-media-text__media\"><img loading=\"lazy\" decoding=\"async\" width=\"170\" height=\"170\" src=\"https:\/\/fairfaxcryobank.com\/wp-content\/uploads\/team-03.png\" alt=\"\" class=\"wp-image-5307\" srcset=\"https:\/\/fairfaxcryobank.com\/wp-content\/uploads\/team-03.png 170w, https:\/\/fairfaxcryobank.com\/wp-content\/uploads\/team-03-150x150.png 150w\" sizes=\"auto, (max-width: 170px) 100vw, 170px\" \/><\/figure><div class=\"wp-block-media-text__content\">\n<h4 class=\"wp-block-heading\"><strong>Harvey J. Stern, M.D., Ph.D.,<br>Director M<\/strong>\u00e9<strong>dico<\/strong><\/h4>\n\n\n\n<p>Como Director M\u00e9dico de Fairfax Cryobank, el Dr. Stern es un m\u00e9dico de gen\u00e9tica\ncon experiencia especial en la evaluaci\u00f3n de riesgos gen\u00e9ticos. Su revisi\u00f3n de\nlas historias m\u00e9dicas y familiares de los donantes a\u00f1ade un nivel de\ntranquilidad al proceso de detecci\u00f3n de donantes. &nbsp;Si los antecedentes\nm\u00e9dicos o familiares de un donante ponen a los ni\u00f1os en mayor riesgo, no son\naceptados en el programa.<\/p>\n<\/div><\/div>\n\n\n\n<div style=\"height:20px\" aria-hidden=\"true\" class=\"wp-block-spacer\"><\/div>\n\n\n\n<div class=\"wp-block-media-text alignwide\" style=\"grid-template-columns:30% auto\"><figure class=\"wp-block-media-text__media\"><img loading=\"lazy\" decoding=\"async\" width=\"170\" height=\"170\" src=\"https:\/\/fairfaxcryobank.com\/wp-content\/uploads\/team-02.png\" alt=\"\" class=\"wp-image-5301\" srcset=\"https:\/\/fairfaxcryobank.com\/wp-content\/uploads\/team-02.png 170w, https:\/\/fairfaxcryobank.com\/wp-content\/uploads\/team-02-150x150.png 150w\" sizes=\"auto, (max-width: 170px) 100vw, 170px\" \/><\/figure><div class=\"wp-block-media-text__content\">\n<h4 class=\"wp-block-heading\"><strong>Suzanne Seitz, M.S. M.P.A.<br>Consejera G<\/strong>\u00e9netica<\/h4>\n\n\n\n<p>Nuestra Consejera Gen\u00e9tica de tiempo completo, Suzanne Seitz, MS, est\u00e1 disponible para ayudar a responder sus preguntas y trabajar con usted para encontrar el donante que sea la mejor elecci\u00f3n para usted.<\/p>\n\n\n\n<p>Puede contactar a Suzanne enviando un correo electr\u00f3nico a <a href=\"mailto:sseitz@fairfaxcryobank.com\">sseitz@fairfaxcryobank.com<\/a> o llamando al 800-338-8407.<\/p>\n<\/div><\/div>\n\n\n\n<hr class=\"wp-block-separator\"\/>\n\n\n\n<div style=\"height:20px\" aria-hidden=\"true\" class=\"wp-block-spacer\"><\/div>\n\n\n\n<h2 class=\"wp-block-heading\"><strong>Servicios Gen\u00e9ticos<\/strong><\/h2>\n\n\n\n<h4 class=\"wp-block-heading\"><strong>Selecci\u00f3n de Donantes: <\/strong><\/h4>\n\n\n\n<p><strong>Ayud\u00e1ndole a encontrar el donante ideal basado en resultados de evaluaciones gen\u00e9ticas<\/strong><\/p>\n\n\n\n<p>Fairfax Cryobank se compromete a proveer m\u00e1s evaluaciones gen\u00e9ticas que cualquier otro banco criog\u00e9nico de esperma. Es m\u00e1s, varios donantes contienen paneles de hasta 300 an\u00e1lisis de condiciones gen\u00e9ticas. Esto reduce el riesgo de su descendencia y reasegura su familia. Visite nuestra lista de An\u00e1lisis de Condiciones Gen\u00e9ticas Expandida para estar m\u00e1s informados(as). <\/p>\n\n\n\n<p>Para las familias con antecedentes de enfermedades gen\u00e9ticas, podemos trabajar con ustedes para encontrar un donante para reducir los riesgos de sus futuros(as) hijos(as).&nbsp;Encuentra <a href=\"https:\/\/fairfaxcryobank.com\/families-with-genetic\">m\u00e1s informaci\u00f3n<\/a>.<\/p>\n\n\n\n<p>\u00a1Encontrar al donante ideal ahora es m\u00e1s f\u00e1cil que nunca! Clasifique a los donantes por los resultados negativos de las evaluaciones por enfermedad o nombre de condici\u00f3n gen\u00e9tica que le sea importante. Esta clasificaci\u00f3n ya est\u00e1 disponible en la <a href=\"https:\/\/fairfaxcryobank.com\/search\/\">B\u00fasqueda de Donantes<\/a>.<\/p>\n\n\n\n<h4 class=\"wp-block-heading\"><strong>Evaluaciones especificas: <\/strong><\/h4>\n\n\n\n<p><strong>Si selecciona un donante que no ha sido evaluado para las condiciones que necesita, es posible que podamos coordinar esos an\u00e1lisis.<\/strong><\/p>\n\n\n\n<p>Si selecciona un donante que no haya sido evaluado para la condici\u00f3n la cual\nusted es portador, ofrecemos pruebas espec\u00edficas en donantes seleccionados.\nPuede tomar hasta 3 semanas para los resultados por los cuales hay un costo. Si\npuede encontrar un donante que dio negativo y, por lo tanto, con un riesgo\nreducido, le recomendamos que tambi\u00e9n examine otros donantes de paneles expandidos\nantes de tomar una decisi\u00f3n final.<\/p>\n\n\n\n<p>Si desea saber m\u00e1s sobre las evaluaciones espec\u00edficas y, tal vez ya\ntenga un donante en mente, estaremos encantados de hablar con usted.<\/p>\n\n\n\n<h4 class=\"wp-block-heading\"><strong>Correlaci\u00f3n: <\/strong><\/h4>\n\n\n\n<p>Cuando est\u00e9 listo para continuar con su donante preferido, nuestro\nAsesor Gen\u00e9tico est\u00e1 disponible para comparar los resultados de sus pruebas con\nlos resultados del donante. Si hay una situaci\u00f3n que necesita ser m\u00e1s enfocada,\npodemos informarle de los siguientes pasos. Las correlaciones tambi\u00e9n se pueden\nhacer a trav\u00e9s de su cl\u00ednica, utilizando los resultados de las evaluaciones que\nya tienen como punto de partida de la comparaci\u00f3n.<\/p>\n\n\n\n<h4 class=\"wp-block-heading\"><strong>Actualizaciones m\u00e9dicas:<\/strong><\/h4>\n\n\n\n<p>Si hay una actualizaci\u00f3n m\u00e9dica importante sobre el donante o sus hijos,\nqueremos ser lo m\u00e1s transparentes posible. Publicaremos la informaci\u00f3n en su\nsecci\u00f3n de Resumen de Perfil de inmediato. Si hay alg\u00fan riesgo adicional del que\nnecesite ser informado(a), enviaremos notificaciones a todos aquellos que han\nutilizado el donante, as\u00ed como a las cl\u00ednicas que recibieron los env\u00edos del\nvial.<\/p>\n\n\n\n<p>Si va a utilizar su muestra del donante pronto, compruebe el <a href=\"https:\/\/fairfaxcryobank.com\/donor-medical-status-updates\">estado de su donante<\/a> en la B\u00fasqueda de Donantes. Si el estado del donante (esquina superior derecha de su p\u00e1gina de donante) sigue siendo Activo o Inactivo, no hay preocupaciones adicionales. Si es convertido a Investigaci\u00f3n o Restricci\u00f3n, es posible que la informaci\u00f3n ya este publicada en su secci\u00f3n de Resumen de Perfil o que haya sido informado (a) de alguna notificaci\u00f3n que recibi\u00f3. Pero si tine alguna pregunta, estamos dispuestos a compartir los detalles.&nbsp;<\/p>\n\n\n\n<div class=\"wp-block-buttons aligncenter is-layout-flex wp-block-buttons-is-layout-flex\">\n<div class=\"wp-block-button\"><a class=\"wp-block-button__link has-background\" href=\"https:\/\/fairfaxcryobank.com\/es\/pruebas-de-geneticas-extendidas\" style=\"background-color:#ea6950\">Pruebas de Enfermedades Gen\u00e9ticas Expandidas<\/a><\/div>\n<\/div>\n\n\n\n<p><\/p>\n","protected":false},"excerpt":{"rendered":"<p>Pruebas y servicios gen\u00e9ticos del banco de esperma El experimentado y atento equipo de Servicios Gen\u00e9ticos trabaja con tecnolog\u00eda de vanguardia para proporcionar las pruebas y servicios gen\u00e9ticos de donantes de esperma m\u00e1s completos. El equipo est\u00e1 disponible para responder a sus preguntas, discutir pruebas especiales y establecer coincidencias de &#8230;<\/p>\n","protected":false},"author":1,"featured_media":2435,"parent":0,"menu_order":0,"comment_status":"closed","ping_status":"closed","template":"","meta":{"footnotes":""},"class_list":["post-2431","page","type-page","status-publish","has-post-thumbnail","hentry"],"yoast_head":"<!-- This site is optimized with the Yoast SEO plugin v27.1.1 - https:\/\/yoast.com\/product\/yoast-seo-wordpress\/ -->\n<title>Servicios Gen\u00e9ticos | Fairfax Cryobank<\/title>\n<meta name=\"description\" content=\"Utilizando tecnolog\u00eda de vanguardia, el objetivo de nuestro equipo gen\u00e9tico es reducir el riesgo en su selecci\u00f3n de donantes.\" \/>\n<meta name=\"robots\" content=\"index, follow, max-snippet:-1, max-image-preview:large, max-video-preview:-1\" \/>\n<link rel=\"canonical\" href=\"https:\/\/fairfaxcryobank.com\/es\/servicios-geneticos\" \/>\n<meta property=\"og:locale\" content=\"es_ES\" \/>\n<meta property=\"og:type\" content=\"article\" \/>\n<meta property=\"og:title\" content=\"Servicios Gen\u00e9ticos | Fairfax Cryobank\" \/>\n<meta property=\"og:description\" content=\"Utilizando tecnolog\u00eda de vanguardia, el objetivo de nuestro equipo gen\u00e9tico es reducir el riesgo en su selecci\u00f3n de donantes.\" \/>\n<meta property=\"og:url\" content=\"https:\/\/fairfaxcryobank.com\/es\/servicios-geneticos\" \/>\n<meta property=\"og:site_name\" content=\"Fairfax Cryobank - Find a Sperm Donor\" \/>\n<meta property=\"article:publisher\" content=\"https:\/\/www.facebook.com\/fairfax.cryobank\" \/>\n<meta property=\"article:modified_time\" content=\"2020-08-28T14:15:49+00:00\" \/>\n<meta property=\"og:image\" content=\"https:\/\/fairfaxcryobank.com\/wp-content\/uploads\/Artboard-3.jpg\" \/>\n\t<meta property=\"og:image:width\" content=\"1250\" \/>\n\t<meta property=\"og:image:height\" content=\"938\" \/>\n\t<meta property=\"og:image:type\" content=\"image\/jpeg\" \/>\n<meta name=\"twitter:card\" content=\"summary_large_image\" \/>\n<meta name=\"twitter:site\" content=\"@FairfaxCryobank\" \/>\n<meta name=\"twitter:label1\" content=\"Tiempo de lectura\" \/>\n\t<meta name=\"twitter:data1\" content=\"4 minutos\" \/>\n<script type=\"application\/ld+json\" class=\"yoast-schema-graph\">{\"@context\":\"https:\/\/schema.org\",\"@graph\":[{\"@type\":\"WebPage\",\"@id\":\"https:\/\/fairfaxcryobank.com\/es\/servicios-geneticos\",\"url\":\"https:\/\/fairfaxcryobank.com\/es\/servicios-geneticos\",\"name\":\"Servicios Gen\u00e9ticos | Fairfax Cryobank\",\"isPartOf\":{\"@id\":\"https:\/\/fairfaxcryobank.com\/es#website\"},\"primaryImageOfPage\":{\"@id\":\"https:\/\/fairfaxcryobank.com\/es\/servicios-geneticos#primaryimage\"},\"image\":{\"@id\":\"https:\/\/fairfaxcryobank.com\/es\/servicios-geneticos#primaryimage\"},\"thumbnailUrl\":\"https:\/\/fairfaxcryobank.com\/wp-content\/uploads\/Artboard-3.jpg\",\"datePublished\":\"2019-09-23T11:27:41+00:00\",\"dateModified\":\"2020-08-28T14:15:49+00:00\",\"description\":\"Utilizando tecnolog\u00eda de vanguardia, el objetivo de nuestro equipo gen\u00e9tico es reducir el riesgo en su selecci\u00f3n de donantes.\",\"breadcrumb\":{\"@id\":\"https:\/\/fairfaxcryobank.com\/es\/servicios-geneticos#breadcrumb\"},\"inLanguage\":\"es\",\"potentialAction\":[{\"@type\":\"ReadAction\",\"target\":[\"https:\/\/fairfaxcryobank.com\/es\/servicios-geneticos\"]}]},{\"@type\":\"ImageObject\",\"inLanguage\":\"es\",\"@id\":\"https:\/\/fairfaxcryobank.com\/es\/servicios-geneticos#primaryimage\",\"url\":\"https:\/\/fairfaxcryobank.com\/wp-content\/uploads\/Artboard-3.jpg\",\"contentUrl\":\"https:\/\/fairfaxcryobank.com\/wp-content\/uploads\/Artboard-3.jpg\",\"width\":1250,\"height\":938,\"caption\":\"Servicios Gen\u00e9ticos\"},{\"@type\":\"BreadcrumbList\",\"@id\":\"https:\/\/fairfaxcryobank.com\/es\/servicios-geneticos#breadcrumb\",\"itemListElement\":[{\"@type\":\"ListItem\",\"position\":1,\"name\":\"Home\",\"item\":\"https:\/\/fairfaxcryobank.com\/es\"},{\"@type\":\"ListItem\",\"position\":2,\"name\":\"Servicios Gen\u00e9ticos\"}]},{\"@type\":\"WebSite\",\"@id\":\"https:\/\/fairfaxcryobank.com\/es#website\",\"url\":\"https:\/\/fairfaxcryobank.com\/es\",\"name\":\"Fairfax Cryobank - Find a Sperm Donor\",\"description\":\"Top-Tier Sperm Bank\",\"publisher\":{\"@id\":\"https:\/\/fairfaxcryobank.com\/es#organization\"},\"potentialAction\":[{\"@type\":\"SearchAction\",\"target\":{\"@type\":\"EntryPoint\",\"urlTemplate\":\"https:\/\/fairfaxcryobank.com\/es?s={search_term_string}\"},\"query-input\":{\"@type\":\"PropertyValueSpecification\",\"valueRequired\":true,\"valueName\":\"search_term_string\"}}],\"inLanguage\":\"es\"},{\"@type\":\"Organization\",\"@id\":\"https:\/\/fairfaxcryobank.com\/es#organization\",\"name\":\"Fairfax Cryobank\",\"url\":\"https:\/\/fairfaxcryobank.com\/es\",\"logo\":{\"@type\":\"ImageObject\",\"inLanguage\":\"es\",\"@id\":\"https:\/\/fairfaxcryobank.com\/es#\/schema\/logo\/image\/\",\"url\":\"https:\/\/fairfaxcryobank.com\/wp-content\/uploads\/logo.webp\",\"contentUrl\":\"https:\/\/fairfaxcryobank.com\/wp-content\/uploads\/logo.webp\",\"width\":1,\"height\":1,\"caption\":\"Fairfax Cryobank\"},\"image\":{\"@id\":\"https:\/\/fairfaxcryobank.com\/es#\/schema\/logo\/image\/\"},\"sameAs\":[\"https:\/\/www.facebook.com\/fairfax.cryobank\",\"https:\/\/x.com\/FairfaxCryobank\",\"https:\/\/www.instagram.com\/fairfaxcryobank\/\",\"https:\/\/www.pinterest.com\/fairfaxcryo\/\"]}]}<\/script>\n<!-- \/ Yoast SEO plugin. -->","yoast_head_json":{"title":"Servicios Gen\u00e9ticos | Fairfax Cryobank","description":"Utilizando tecnolog\u00eda de vanguardia, el objetivo de nuestro equipo gen\u00e9tico es reducir el riesgo en su selecci\u00f3n de donantes.","robots":{"index":"index","follow":"follow","max-snippet":"max-snippet:-1","max-image-preview":"max-image-preview:large","max-video-preview":"max-video-preview:-1"},"canonical":"https:\/\/fairfaxcryobank.com\/es\/servicios-geneticos","og_locale":"es_ES","og_type":"article","og_title":"Servicios Gen\u00e9ticos | Fairfax Cryobank","og_description":"Utilizando tecnolog\u00eda de vanguardia, el objetivo de nuestro equipo gen\u00e9tico es reducir el riesgo en su selecci\u00f3n de donantes.","og_url":"https:\/\/fairfaxcryobank.com\/es\/servicios-geneticos","og_site_name":"Fairfax Cryobank - Find a Sperm Donor","article_publisher":"https:\/\/www.facebook.com\/fairfax.cryobank","article_modified_time":"2020-08-28T14:15:49+00:00","og_image":[{"width":1250,"height":938,"url":"https:\/\/fairfaxcryobank.com\/wp-content\/uploads\/Artboard-3.jpg","type":"image\/jpeg"}],"twitter_card":"summary_large_image","twitter_site":"@FairfaxCryobank","twitter_misc":{"Tiempo de lectura":"4 minutos"},"schema":{"@context":"https:\/\/schema.org","@graph":[{"@type":"WebPage","@id":"https:\/\/fairfaxcryobank.com\/es\/servicios-geneticos","url":"https:\/\/fairfaxcryobank.com\/es\/servicios-geneticos","name":"Servicios Gen\u00e9ticos | Fairfax Cryobank","isPartOf":{"@id":"https:\/\/fairfaxcryobank.com\/es#website"},"primaryImageOfPage":{"@id":"https:\/\/fairfaxcryobank.com\/es\/servicios-geneticos#primaryimage"},"image":{"@id":"https:\/\/fairfaxcryobank.com\/es\/servicios-geneticos#primaryimage"},"thumbnailUrl":"https:\/\/fairfaxcryobank.com\/wp-content\/uploads\/Artboard-3.jpg","datePublished":"2019-09-23T11:27:41+00:00","dateModified":"2020-08-28T14:15:49+00:00","description":"Utilizando tecnolog\u00eda de vanguardia, el objetivo de nuestro equipo gen\u00e9tico es reducir el riesgo en su selecci\u00f3n de donantes.","breadcrumb":{"@id":"https:\/\/fairfaxcryobank.com\/es\/servicios-geneticos#breadcrumb"},"inLanguage":"es","potentialAction":[{"@type":"ReadAction","target":["https:\/\/fairfaxcryobank.com\/es\/servicios-geneticos"]}]},{"@type":"ImageObject","inLanguage":"es","@id":"https:\/\/fairfaxcryobank.com\/es\/servicios-geneticos#primaryimage","url":"https:\/\/fairfaxcryobank.com\/wp-content\/uploads\/Artboard-3.jpg","contentUrl":"https:\/\/fairfaxcryobank.com\/wp-content\/uploads\/Artboard-3.jpg","width":1250,"height":938,"caption":"Servicios Gen\u00e9ticos"},{"@type":"BreadcrumbList","@id":"https:\/\/fairfaxcryobank.com\/es\/servicios-geneticos#breadcrumb","itemListElement":[{"@type":"ListItem","position":1,"name":"Home","item":"https:\/\/fairfaxcryobank.com\/es"},{"@type":"ListItem","position":2,"name":"Servicios Gen\u00e9ticos"}]},{"@type":"WebSite","@id":"https:\/\/fairfaxcryobank.com\/es#website","url":"https:\/\/fairfaxcryobank.com\/es","name":"Fairfax Cryobank - Find a Sperm Donor","description":"Top-Tier Sperm Bank","publisher":{"@id":"https:\/\/fairfaxcryobank.com\/es#organization"},"potentialAction":[{"@type":"SearchAction","target":{"@type":"EntryPoint","urlTemplate":"https:\/\/fairfaxcryobank.com\/es?s={search_term_string}"},"query-input":{"@type":"PropertyValueSpecification","valueRequired":true,"valueName":"search_term_string"}}],"inLanguage":"es"},{"@type":"Organization","@id":"https:\/\/fairfaxcryobank.com\/es#organization","name":"Fairfax Cryobank","url":"https:\/\/fairfaxcryobank.com\/es","logo":{"@type":"ImageObject","inLanguage":"es","@id":"https:\/\/fairfaxcryobank.com\/es#\/schema\/logo\/image\/","url":"https:\/\/fairfaxcryobank.com\/wp-content\/uploads\/logo.webp","contentUrl":"https:\/\/fairfaxcryobank.com\/wp-content\/uploads\/logo.webp","width":1,"height":1,"caption":"Fairfax Cryobank"},"image":{"@id":"https:\/\/fairfaxcryobank.com\/es#\/schema\/logo\/image\/"},"sameAs":["https:\/\/www.facebook.com\/fairfax.cryobank","https:\/\/x.com\/FairfaxCryobank","https:\/\/www.instagram.com\/fairfaxcryobank\/","https:\/\/www.pinterest.com\/fairfaxcryo\/"]}]}},"post_mailing_queue_ids":[],"_links":{"self":[{"href":"https:\/\/fairfaxcryobank.com\/es\/wp-json\/wp\/v2\/pages\/2431","targetHints":{"allow":["GET"]}}],"collection":[{"href":"https:\/\/fairfaxcryobank.com\/es\/wp-json\/wp\/v2\/pages"}],"about":[{"href":"https:\/\/fairfaxcryobank.com\/es\/wp-json\/wp\/v2\/types\/page"}],"author":[{"embeddable":true,"href":"https:\/\/fairfaxcryobank.com\/es\/wp-json\/wp\/v2\/users\/1"}],"replies":[{"embeddable":true,"href":"https:\/\/fairfaxcryobank.com\/es\/wp-json\/wp\/v2\/comments?post=2431"}],"version-history":[{"count":0,"href":"https:\/\/fairfaxcryobank.com\/es\/wp-json\/wp\/v2\/pages\/2431\/revisions"}],"wp:featuredmedia":[{"embeddable":true,"href":"https:\/\/fairfaxcryobank.com\/es\/wp-json\/wp\/v2\/media\/2435"}],"wp:attachment":[{"href":"https:\/\/fairfaxcryobank.com\/es\/wp-json\/wp\/v2\/media?parent=2431"}],"curies":[{"name":"wp","href":"https:\/\/api.w.org\/{rel}","templated":true}]}}