{"id":2444,"date":"2019-09-23T11:28:03","date_gmt":"2019-09-23T11:28:03","guid":{"rendered":"https:\/\/fairfaxcryobank.com\/?page_id=2444"},"modified":"2020-08-28T10:21:05","modified_gmt":"2020-08-28T14:21:05","slug":"pruebas-de-geneticas-extendidas","status":"publish","type":"page","link":"https:\/\/fairfaxcryobank.com\/es\/pruebas-de-geneticas-extendidas","title":{"rendered":"Pruebas de Enfermedades Gen\u00e9ticas Expandidas"},"content":{"rendered":"\n<h2 class=\"wp-block-heading\"><strong>Evaluaciones Gen\u00e9ticas en el Proceso de Esperma de Donantes<\/strong><\/h2>\n\n\n\n<p>Las evaluaciones Gen\u00e9ticas de portadores se han vuelto\nr\u00e1pidamente m\u00e1s avanzadas y ahora, rutinariamente, ofrecen informaci\u00f3n sobre\ncientos de enfermedades.&nbsp; Como el \u00fanico banco de esperma con un Director\nM\u00e9dico que es un MD, Genetista PhD, Fairfax Cryobank entiende el valor de esta expansi\u00f3n\na las evaluaciones de enfermedades gen\u00e9ticas portadoras tras el proceso de\nselecci\u00f3n de donantes de esperma.<\/p>\n\n\n\n<p>A partir de enero de 2018, todos los nuevos donantes est\u00e1n siendo evaluados seg\u00fan nuestro panel expandido de enfermedades gen\u00e9ticas, incluidas m\u00e1s de 280 enfermedades.&nbsp;El Resumen de Evaluaciones Gen\u00e9ticas de un donante est\u00e1 disponible en l\u00ednea en la p\u00e1gina del donante. Y muestra una lista de todas las enfermedades gen\u00e9ticas que hemos examinado y los resultados. Para encontrar los donantes con pruebas de enfermedades gen\u00e9ticas expandidas, puede seleccionarlos en <a href=\"https:\/\/fairfaxcryobank.com\/search\/\">la B\u00fasqueda de donantes<\/a> &nbsp;en la pesta\u00f1a \u00abB\u00fasqueda avanzada\u00bb.<\/p>\n\n\n\n<p>Muchas mujeres ya se han sometido a un panel de evaluaciones expandidas de condiciones gen\u00e9ticas como parte de su tratamiento previo al embarazo. M\u00e1s del 70% encontrar\u00e1n que son portadoras de 1 o m\u00e1s condiciones gen\u00e9ticas. Para los clientes portadores de alguna condici\u00f3n gen\u00e9tica, estas evaluaciones adicionales en nuestros donantes significa que es probable que encuentre el donante adecuado el cual pueden seleccionar inmediatamente. <\/p>\n\n\n\n<hr class=\"wp-block-separator\"\/>\n\n\n\n<h3 class=\"wp-block-heading\"><strong>Portadores de Enfermedades con Mutaciones Gen\u00e9ticas<\/strong><\/h3>\n\n\n\n<div class=\"wp-block-image\"><figure class=\"aligncenter size-large is-resized\"><img loading=\"lazy\" decoding=\"async\" src=\"https:\/\/fairfaxcryobank.com\/wp-content\/uploads\/\/automal-recessive-en-espanol-945x1024.png\" alt=\"Pruebas de Enfermedades Gen\u00e9ticas Expandidas\" class=\"wp-image-10910\" width=\"724\" height=\"785\" srcset=\"https:\/\/fairfaxcryobank.com\/wp-content\/uploads\/automal-recessive-en-espanol-945x1024.png 945w, https:\/\/fairfaxcryobank.com\/wp-content\/uploads\/automal-recessive-en-espanol-277x300.png 277w, https:\/\/fairfaxcryobank.com\/wp-content\/uploads\/automal-recessive-en-espanol-768x833.png 768w, https:\/\/fairfaxcryobank.com\/wp-content\/uploads\/automal-recessive-en-espanol-1417x1536.png 1417w, https:\/\/fairfaxcryobank.com\/wp-content\/uploads\/automal-recessive-en-espanol.png 1795w\" sizes=\"auto, (max-width: 724px) 100vw, 724px\" \/><figcaption>Pruebas de Enfermedades Gen\u00e9ticas Expandidas<\/figcaption><\/figure><\/div>\n\n\n\n<p>De hecho, todos somos portadores de varias mutaciones de enfermedades gen\u00e9ticas, s\u00f3lo algunas de las cuales pueden ser evaluadas con la tecnolog\u00eda actual. Como portadores, la expectativa es que nos mantengamos saludables. Antes de tener hijos, si una persona sabe que es portadora de alguna condici\u00f3n gen\u00e9tica recesiva, idealmente queremos conocer el estado de la pareja del portador para el mismo gen de la enfermedad. Dos personas portadoras de las mismas &nbsp;condiciones gen\u00e9ticas recesivas tienen un 25% de probabilidades de tener un(a) ni\u00f1o(a) afectado(a).<br> <br> Si ambos padres son dados negativos para el mismo gen, o, si despu\u00e9s de la evaluaci\u00f3n, s\u00f3lo uno es portador, se considera que est\u00e1n en bajo riesgo. <\/p>\n\n\n\n<p><strong>\u00bfC\u00f3mo s\u00e9 si un donante es portador de una condici\u00f3n gen\u00e9tica?<\/strong><\/p>\n\n\n\n<p>La p\u00e1gina web del donante tendr\u00e1 un formulario de Reconocimiento de\nRiesgo Gen\u00e9tico que proporciona detalles espec\u00edficos sobre los resultados de\nportador. Los donantes con evaluaciones gen\u00e9ticas expandidas que no tienen un\nformulario de Reconocimiento de Riesgo Gen\u00e9tico no fueron positivos para\nninguna de las enfermedades gen\u00e9ticas evaluadas. Sus Evaluaciones Gen\u00e9ticas, un\ndocumento PDF disponible para descargar en la p\u00e1gina web del donante, tambi\u00e9n\nda detalles completos en los resultados de pruebas gen\u00e9ticas. <\/p>\n\n\n\n<p><strong>Estoy considerando un donante portador de una condici\u00f3n gen\u00e9tica. \u00bfC\u00f3mo\nme afecta esto?<\/strong><\/p>\n\n\n\n<p>Un donante portador de alguna enfermedad gen\u00e9tica se puede utilizar con\n\u00e9xito para tener hijos(as) sanos(as).&nbsp; Si usted ha sido evaluado y sus\nresultados muestran que est\u00e1 a bajo riesgo (negativo) para la misma condici\u00f3n\nde la que el donante es portador, entonces puede considerar seleccionar este\ndonante. Si no se ha completado la evaluaci\u00f3n, le recomendamos que lo haga\nantes de usar este donante. Su m\u00e9dico o consejero gen\u00e9tico son buenos recursos\npara ayudar a completar cualquier evaluaci\u00f3n recomendada y responder a sus\npreguntas.<\/p>\n\n\n\n<p><strong>\u00bfQu\u00e9 debo hacer si quiero usar un donante que sea Portador?<\/strong><\/p>\n\n\n\n<ol class=\"wp-block-list\"><li>Dir\u00edjase al formulario de Reconocimiento\nde Riesgo Gen\u00e9tico para el donante que desea utilizar. El formulario de\nReconocimiento de Riesgo Gen\u00e9tico est\u00e1 disponible como PDF descargable en la\np\u00e1gina web del donante en la b\u00fasqueda de donantes. Tambi\u00e9n est\u00e1 disponible como\nun DocuSign que permite una firma digital.<\/li><li>Si le es indicado, considere evaluaciones\ngen\u00e9ticas portadoras, donde un resultado negativo para el mismo gen de la\nenfermedad reduce el riesgo.<\/li><li>Cuando est\u00e9 listo para avanzar, firme y\ndevuelva el formulario de Reconocimiento de Riesgo Gen\u00e9tico para su donante\nseleccionado. Esto debe completarse antes de enviar los viales a su cl\u00ednica.<\/li><li>Su cl\u00ednica recibir\u00e1 una copia del formulario\nfirmado de Reconocimiento de Riesgo Gen\u00e9tico y una copia del Resumen de Pruebas\nGen\u00e9ticas del donante con su env\u00edo de vial.<\/li><\/ol>\n\n\n\n<p>Llame a Servicios al Cliente al 800-338-8407 para obtener ayuda.<\/p>\n\n\n\n<figure class=\"wp-block-embed-youtube wp-block-embed is-type-video is-provider-youtube wp-embed-aspect-16-9 wp-has-aspect-ratio\"><div class=\"wp-block-embed__wrapper\">\n<iframe loading=\"lazy\" title=\"Expanded Panel Genetic Testing - Fairfax Cryobank\" width=\"500\" height=\"281\" src=\"https:\/\/www.youtube.com\/embed\/AbOkTTYAnA4?feature=oembed\" frameborder=\"0\" allow=\"accelerometer; autoplay; clipboard-write; encrypted-media; gyroscope; picture-in-picture; web-share\" referrerpolicy=\"strict-origin-when-cross-origin\" allowfullscreen><\/iframe>\n<\/div><\/figure>\n","protected":false},"excerpt":{"rendered":"<p>Evaluaciones Gen\u00e9ticas en el Proceso de Esperma de Donantes Las evaluaciones Gen\u00e9ticas de portadores se han vuelto r\u00e1pidamente m\u00e1s avanzadas y ahora, rutinariamente, ofrecen informaci\u00f3n sobre cientos de enfermedades.&nbsp; Como el \u00fanico banco de esperma con un Director M\u00e9dico que es un MD, Genetista PhD, Fairfax Cryobank entiende el valor &#8230;<\/p>\n","protected":false},"author":1,"featured_media":10910,"parent":0,"menu_order":0,"comment_status":"closed","ping_status":"closed","template":"","meta":{"footnotes":""},"class_list":["post-2444","page","type-page","status-publish","has-post-thumbnail","hentry"],"yoast_head":"<!-- This site is optimized with the Yoast SEO plugin v27.1.1 - https:\/\/yoast.com\/product\/yoast-seo-wordpress\/ -->\n<title>Pruebas de Enfermedades Gen\u00e9ticas Expandidas | Fairfax Cryobank<\/title>\n<meta name=\"description\" content=\"Leer mas sobre Pruebas de Enfermedades Gen\u00e9ticas Expandidas por Fairfax Cryobank.\" \/>\n<meta name=\"robots\" content=\"index, follow, max-snippet:-1, max-image-preview:large, max-video-preview:-1\" \/>\n<link rel=\"canonical\" href=\"https:\/\/fairfaxcryobank.com\/es\/pruebas-de-geneticas-extendidas\" \/>\n<meta property=\"og:locale\" content=\"es_ES\" \/>\n<meta property=\"og:type\" content=\"article\" \/>\n<meta property=\"og:title\" content=\"Pruebas de Enfermedades Gen\u00e9ticas Expandidas | Fairfax Cryobank\" \/>\n<meta property=\"og:description\" content=\"Leer mas sobre Pruebas de Enfermedades Gen\u00e9ticas Expandidas por Fairfax Cryobank.\" \/>\n<meta property=\"og:url\" content=\"https:\/\/fairfaxcryobank.com\/es\/pruebas-de-geneticas-extendidas\" \/>\n<meta property=\"og:site_name\" content=\"Fairfax Cryobank - Find a Sperm Donor\" \/>\n<meta property=\"article:publisher\" content=\"https:\/\/www.facebook.com\/fairfax.cryobank\" \/>\n<meta property=\"article:modified_time\" content=\"2020-08-28T14:21:05+00:00\" \/>\n<meta property=\"og:image\" content=\"https:\/\/fairfaxcryobank.com\/wp-content\/uploads\/automal-recessive-en-espanol.png\" \/>\n\t<meta property=\"og:image:width\" content=\"1795\" \/>\n\t<meta property=\"og:image:height\" content=\"1946\" \/>\n\t<meta property=\"og:image:type\" content=\"image\/png\" \/>\n<meta name=\"twitter:card\" content=\"summary_large_image\" \/>\n<meta name=\"twitter:site\" content=\"@FairfaxCryobank\" \/>\n<meta name=\"twitter:label1\" content=\"Tiempo de lectura\" \/>\n\t<meta name=\"twitter:data1\" content=\"4 minutos\" \/>\n<script type=\"application\/ld+json\" class=\"yoast-schema-graph\">{\"@context\":\"https:\/\/schema.org\",\"@graph\":[{\"@type\":\"WebPage\",\"@id\":\"https:\/\/fairfaxcryobank.com\/es\/pruebas-de-geneticas-extendidas\",\"url\":\"https:\/\/fairfaxcryobank.com\/es\/pruebas-de-geneticas-extendidas\",\"name\":\"Pruebas de Enfermedades Gen\u00e9ticas Expandidas | Fairfax Cryobank\",\"isPartOf\":{\"@id\":\"https:\/\/fairfaxcryobank.com\/es#website\"},\"primaryImageOfPage\":{\"@id\":\"https:\/\/fairfaxcryobank.com\/es\/pruebas-de-geneticas-extendidas#primaryimage\"},\"image\":{\"@id\":\"https:\/\/fairfaxcryobank.com\/es\/pruebas-de-geneticas-extendidas#primaryimage\"},\"thumbnailUrl\":\"https:\/\/fairfaxcryobank.com\/wp-content\/uploads\/automal-recessive-en-espanol.png\",\"datePublished\":\"2019-09-23T11:28:03+00:00\",\"dateModified\":\"2020-08-28T14:21:05+00:00\",\"description\":\"Leer mas sobre Pruebas de Enfermedades Gen\u00e9ticas Expandidas por Fairfax Cryobank.\",\"breadcrumb\":{\"@id\":\"https:\/\/fairfaxcryobank.com\/es\/pruebas-de-geneticas-extendidas#breadcrumb\"},\"inLanguage\":\"es\",\"potentialAction\":[{\"@type\":\"ReadAction\",\"target\":[\"https:\/\/fairfaxcryobank.com\/es\/pruebas-de-geneticas-extendidas\"]}]},{\"@type\":\"ImageObject\",\"inLanguage\":\"es\",\"@id\":\"https:\/\/fairfaxcryobank.com\/es\/pruebas-de-geneticas-extendidas#primaryimage\",\"url\":\"https:\/\/fairfaxcryobank.com\/wp-content\/uploads\/automal-recessive-en-espanol.png\",\"contentUrl\":\"https:\/\/fairfaxcryobank.com\/wp-content\/uploads\/automal-recessive-en-espanol.png\",\"width\":1795,\"height\":1946,\"caption\":\"Pruebas de Enfermedades Gen\u00e9ticas Expandidas\"},{\"@type\":\"BreadcrumbList\",\"@id\":\"https:\/\/fairfaxcryobank.com\/es\/pruebas-de-geneticas-extendidas#breadcrumb\",\"itemListElement\":[{\"@type\":\"ListItem\",\"position\":1,\"name\":\"Home\",\"item\":\"https:\/\/fairfaxcryobank.com\/es\"},{\"@type\":\"ListItem\",\"position\":2,\"name\":\"Pruebas de Enfermedades Gen\u00e9ticas Expandidas\"}]},{\"@type\":\"WebSite\",\"@id\":\"https:\/\/fairfaxcryobank.com\/es#website\",\"url\":\"https:\/\/fairfaxcryobank.com\/es\",\"name\":\"Fairfax Cryobank - Find a Sperm Donor\",\"description\":\"Top-Tier Sperm Bank\",\"publisher\":{\"@id\":\"https:\/\/fairfaxcryobank.com\/es#organization\"},\"potentialAction\":[{\"@type\":\"SearchAction\",\"target\":{\"@type\":\"EntryPoint\",\"urlTemplate\":\"https:\/\/fairfaxcryobank.com\/es?s={search_term_string}\"},\"query-input\":{\"@type\":\"PropertyValueSpecification\",\"valueRequired\":true,\"valueName\":\"search_term_string\"}}],\"inLanguage\":\"es\"},{\"@type\":\"Organization\",\"@id\":\"https:\/\/fairfaxcryobank.com\/es#organization\",\"name\":\"Fairfax Cryobank\",\"url\":\"https:\/\/fairfaxcryobank.com\/es\",\"logo\":{\"@type\":\"ImageObject\",\"inLanguage\":\"es\",\"@id\":\"https:\/\/fairfaxcryobank.com\/es#\/schema\/logo\/image\/\",\"url\":\"https:\/\/fairfaxcryobank.com\/wp-content\/uploads\/logo.webp\",\"contentUrl\":\"https:\/\/fairfaxcryobank.com\/wp-content\/uploads\/logo.webp\",\"width\":1,\"height\":1,\"caption\":\"Fairfax Cryobank\"},\"image\":{\"@id\":\"https:\/\/fairfaxcryobank.com\/es#\/schema\/logo\/image\/\"},\"sameAs\":[\"https:\/\/www.facebook.com\/fairfax.cryobank\",\"https:\/\/x.com\/FairfaxCryobank\",\"https:\/\/www.instagram.com\/fairfaxcryobank\/\",\"https:\/\/www.pinterest.com\/fairfaxcryo\/\"]}]}<\/script>\n<!-- \/ Yoast SEO plugin. -->","yoast_head_json":{"title":"Pruebas de Enfermedades Gen\u00e9ticas Expandidas | Fairfax Cryobank","description":"Leer mas sobre Pruebas de Enfermedades Gen\u00e9ticas Expandidas por Fairfax Cryobank.","robots":{"index":"index","follow":"follow","max-snippet":"max-snippet:-1","max-image-preview":"max-image-preview:large","max-video-preview":"max-video-preview:-1"},"canonical":"https:\/\/fairfaxcryobank.com\/es\/pruebas-de-geneticas-extendidas","og_locale":"es_ES","og_type":"article","og_title":"Pruebas de Enfermedades Gen\u00e9ticas Expandidas | Fairfax Cryobank","og_description":"Leer mas sobre Pruebas de Enfermedades Gen\u00e9ticas Expandidas por Fairfax Cryobank.","og_url":"https:\/\/fairfaxcryobank.com\/es\/pruebas-de-geneticas-extendidas","og_site_name":"Fairfax Cryobank - Find a Sperm Donor","article_publisher":"https:\/\/www.facebook.com\/fairfax.cryobank","article_modified_time":"2020-08-28T14:21:05+00:00","og_image":[{"width":1795,"height":1946,"url":"https:\/\/fairfaxcryobank.com\/wp-content\/uploads\/automal-recessive-en-espanol.png","type":"image\/png"}],"twitter_card":"summary_large_image","twitter_site":"@FairfaxCryobank","twitter_misc":{"Tiempo de lectura":"4 minutos"},"schema":{"@context":"https:\/\/schema.org","@graph":[{"@type":"WebPage","@id":"https:\/\/fairfaxcryobank.com\/es\/pruebas-de-geneticas-extendidas","url":"https:\/\/fairfaxcryobank.com\/es\/pruebas-de-geneticas-extendidas","name":"Pruebas de Enfermedades Gen\u00e9ticas Expandidas | Fairfax Cryobank","isPartOf":{"@id":"https:\/\/fairfaxcryobank.com\/es#website"},"primaryImageOfPage":{"@id":"https:\/\/fairfaxcryobank.com\/es\/pruebas-de-geneticas-extendidas#primaryimage"},"image":{"@id":"https:\/\/fairfaxcryobank.com\/es\/pruebas-de-geneticas-extendidas#primaryimage"},"thumbnailUrl":"https:\/\/fairfaxcryobank.com\/wp-content\/uploads\/automal-recessive-en-espanol.png","datePublished":"2019-09-23T11:28:03+00:00","dateModified":"2020-08-28T14:21:05+00:00","description":"Leer mas sobre Pruebas de Enfermedades Gen\u00e9ticas Expandidas por Fairfax Cryobank.","breadcrumb":{"@id":"https:\/\/fairfaxcryobank.com\/es\/pruebas-de-geneticas-extendidas#breadcrumb"},"inLanguage":"es","potentialAction":[{"@type":"ReadAction","target":["https:\/\/fairfaxcryobank.com\/es\/pruebas-de-geneticas-extendidas"]}]},{"@type":"ImageObject","inLanguage":"es","@id":"https:\/\/fairfaxcryobank.com\/es\/pruebas-de-geneticas-extendidas#primaryimage","url":"https:\/\/fairfaxcryobank.com\/wp-content\/uploads\/automal-recessive-en-espanol.png","contentUrl":"https:\/\/fairfaxcryobank.com\/wp-content\/uploads\/automal-recessive-en-espanol.png","width":1795,"height":1946,"caption":"Pruebas de Enfermedades Gen\u00e9ticas Expandidas"},{"@type":"BreadcrumbList","@id":"https:\/\/fairfaxcryobank.com\/es\/pruebas-de-geneticas-extendidas#breadcrumb","itemListElement":[{"@type":"ListItem","position":1,"name":"Home","item":"https:\/\/fairfaxcryobank.com\/es"},{"@type":"ListItem","position":2,"name":"Pruebas de Enfermedades Gen\u00e9ticas Expandidas"}]},{"@type":"WebSite","@id":"https:\/\/fairfaxcryobank.com\/es#website","url":"https:\/\/fairfaxcryobank.com\/es","name":"Fairfax Cryobank - Find a Sperm Donor","description":"Top-Tier Sperm Bank","publisher":{"@id":"https:\/\/fairfaxcryobank.com\/es#organization"},"potentialAction":[{"@type":"SearchAction","target":{"@type":"EntryPoint","urlTemplate":"https:\/\/fairfaxcryobank.com\/es?s={search_term_string}"},"query-input":{"@type":"PropertyValueSpecification","valueRequired":true,"valueName":"search_term_string"}}],"inLanguage":"es"},{"@type":"Organization","@id":"https:\/\/fairfaxcryobank.com\/es#organization","name":"Fairfax Cryobank","url":"https:\/\/fairfaxcryobank.com\/es","logo":{"@type":"ImageObject","inLanguage":"es","@id":"https:\/\/fairfaxcryobank.com\/es#\/schema\/logo\/image\/","url":"https:\/\/fairfaxcryobank.com\/wp-content\/uploads\/logo.webp","contentUrl":"https:\/\/fairfaxcryobank.com\/wp-content\/uploads\/logo.webp","width":1,"height":1,"caption":"Fairfax Cryobank"},"image":{"@id":"https:\/\/fairfaxcryobank.com\/es#\/schema\/logo\/image\/"},"sameAs":["https:\/\/www.facebook.com\/fairfax.cryobank","https:\/\/x.com\/FairfaxCryobank","https:\/\/www.instagram.com\/fairfaxcryobank\/","https:\/\/www.pinterest.com\/fairfaxcryo\/"]}]}},"post_mailing_queue_ids":[],"_links":{"self":[{"href":"https:\/\/fairfaxcryobank.com\/es\/wp-json\/wp\/v2\/pages\/2444","targetHints":{"allow":["GET"]}}],"collection":[{"href":"https:\/\/fairfaxcryobank.com\/es\/wp-json\/wp\/v2\/pages"}],"about":[{"href":"https:\/\/fairfaxcryobank.com\/es\/wp-json\/wp\/v2\/types\/page"}],"author":[{"embeddable":true,"href":"https:\/\/fairfaxcryobank.com\/es\/wp-json\/wp\/v2\/users\/1"}],"replies":[{"embeddable":true,"href":"https:\/\/fairfaxcryobank.com\/es\/wp-json\/wp\/v2\/comments?post=2444"}],"version-history":[{"count":0,"href":"https:\/\/fairfaxcryobank.com\/es\/wp-json\/wp\/v2\/pages\/2444\/revisions"}],"wp:featuredmedia":[{"embeddable":true,"href":"https:\/\/fairfaxcryobank.com\/es\/wp-json\/wp\/v2\/media\/10910"}],"wp:attachment":[{"href":"https:\/\/fairfaxcryobank.com\/es\/wp-json\/wp\/v2\/media?parent=2444"}],"curies":[{"name":"wp","href":"https:\/\/api.w.org\/{rel}","templated":true}]}}