{"id":2451,"date":"2019-09-23T11:31:20","date_gmt":"2019-09-23T11:31:20","guid":{"rendered":"https:\/\/fairfaxcryobank.com\/?page_id=2451"},"modified":"2024-04-22T10:40:59","modified_gmt":"2024-04-22T14:40:59","slug":"preguntas-frecuentes","status":"publish","type":"page","link":"https:\/\/fairfaxcryobank.com\/es\/preguntas-frecuentes","title":{"rendered":"Preguntas Frecuentes"},"content":{"rendered":"\n<h2 class=\"wp-block-heading\"><strong>Preguntas m\u00e1s comunes<\/strong><\/h2>\n\n\n\n<p>Desde nuestros inicios en 1986, Fairfax Cryobank ha visto cada pregunta\nde esperma, evaluaciones gen\u00e9ticas, pedidos y almacenamiento de donantes\nhabidos y por haber. Desde \u00ab\u00bfC\u00f3mo se elige un banco de esperma?\u00bb a \u00ab\u00bfCu\u00e1nto\nesperma se necesita para quedar embarazada?\u00bb<\/p>\n\n\n\n<p>Nuestro equipo reuni\u00f3 una lista de nuestras preguntas m\u00e1s frecuentes a continuaci\u00f3n para ayudarle a entender mejor el proceso de construcci\u00f3n familiar en Fairfax Cryobank.<\/p>\n\n\n\n\t<div class=\"block-links\" >\n\t\t\t<a class=\"block-link\" id=\"bl-block_5d13c8df28e4e\" href=\"https:\/\/fairfaxcryobank.com\/es\/donor-sperm-faqs\">\n\t\t\t<span class=\"-icon\" style=\"background-image:url(https:\/\/fairfaxcryobank.com\/wp-content\/uploads\/icon-sperm-donor.png);\"><\/span>\n\t\t\t<span class=\"-title\">Esperma de donante<\/span>\n\t\t<\/a>\n\t\t\t<a class=\"block-link\" id=\"bl-block_5d13c8df28e4e\" href=\"https:\/\/fairfaxcryobank.com\/es\/notificaciones-de-disponibilidad-de-los-donantes\">\n\t\t\t<span class=\"-icon\" style=\"background-image:url(https:\/\/fairfaxcryobank.com\/wp-content\/uploads\/icon-waitlist.png);\"><\/span>\n\t\t\t<span class=\"-title\">Notificaciones de disponibilidad de los donantes<\/span>\n\t\t<\/a>\n\t\t\t<a class=\"block-link\" id=\"bl-block_5d13c8df28e4e\" href=\"https:\/\/fairfaxcryobank.com\/es\/ordering-shipping-faqs\">\n\t\t\t<span class=\"-icon\" style=\"background-image:url(https:\/\/fairfaxcryobank.com\/wp-content\/uploads\/icon-ordering-and-shipping.png);\"><\/span>\n\t\t\t<span class=\"-title\">Pedidos y env\u00edos<\/span>\n\t\t<\/a>\n\t\t\t<a class=\"block-link\" id=\"bl-block_5d13c8df28e4e\" href=\"https:\/\/fairfaxcryobank.com\/es\/online-ordering-faqs\">\n\t\t\t<span class=\"-icon\" style=\"background-image:url(https:\/\/fairfaxcryobank.com\/wp-content\/uploads\/icon-online-ordering.png);\"><\/span>\n\t\t\t<span class=\"-title\">Pedidos en l\u00ednea <\/span>\n\t\t<\/a>\n\t\t\t<a class=\"block-link\" id=\"bl-block_5d13c8df28e4e\" href=\"https:\/\/fairfaxcryobank.com\/es\/transfer-of-ownership\">\n\t\t\t<span class=\"-icon\" style=\"background-image:url(https:\/\/fairfaxcryobank.com\/wp-content\/uploads\/icon-transfer-vial-ownership.png);\"><\/span>\n\t\t\t<span class=\"-title\">Transferir la propiedad del vial <\/span>\n\t\t<\/a>\n\t\t\t<a class=\"block-link\" id=\"bl-block_5d13c8df28e4e\" href=\"https:\/\/fairfaxcryobank.com\/es\/enfermedades-infecciosas\">\n\t\t\t<span class=\"-icon\" style=\"background-image:url(https:\/\/fairfaxcryobank.com\/wp-content\/uploads\/icon-genetic-issues.png);\"><\/span>\n\t\t\t<span class=\"-title\">Enfermedades Infecciosas<\/span>\n\t\t<\/a>\n\t\t<\/div>\n<script>\n<\/script>\n<style>\n.block-link {\n\tdisplay: block;\n\tposition: relative;\n\tmargin: 0 0 10px; padding: 39px 39px 39px 129px;\n\tcolor: #217392;\n\tfont-weight: 400; font-size: 22px; line-height: 1;\n\ttext-decoration: none;\n\tbackground: #f6f6f6;\n\tborder: 1px solid transparent;\n\ttransition: .3s\n}\n.block-link .-icon {\n\tposition: absolute;\n\ttop: 0; bottom: 0; left: 0;\n\twidth: 100px;\n\tbackground-position: center; background-repeat: no-repeat; background-color: #e6e6e6;\n}\n.block-link:after {\n\tdisplay: none;\n\tcontent: \"\";\n\tposition: absolute;\n\ttop: 50%; right: 18px;\n\twidth: 14px; height: 21px;\n\ttransform: translateY(-50%);\n\tbackground:url(https:\/\/fairfaxcryobank.com\/wp-content\/themes\/fairfaxcryobank\/images\/icon-bold-orange-arrow-right.png) no-repeat;\n}\n.block-link:hover {\n\tcolor: #676767;\n\ttext-decoration: none;\n\tbackground: #fff;\n\tborder: 1px solid #e1e1e1;\n\tbox-shadow:\n\t\tinset 0 1px #fff,\n\t\tinset 0 -1px #fff,\n\t\tinset 1px 0 #fff,\n\t\tinset -1px 0 #fff,\n\t\t0 0 20px rgba(0,0,0,0.1);\n\ttransform: scale(1.03,1.03);\n}\n.block-link:hover .-icon { top: 1px; bottom: 1px; left: 1px; background-color: #f5f6f6 }\n.block-link:hover:after { display: block }\n<\/style>\n\n\n<p>\u00bfA\u00fan tiene preguntas? Llame a Servicios al Cliente al 1-800-338-8407.<\/p>\n","protected":false},"excerpt":{"rendered":"<p>Preguntas m\u00e1s comunes Desde nuestros inicios en 1986, Fairfax Cryobank ha visto cada pregunta de esperma, evaluaciones gen\u00e9ticas, pedidos y almacenamiento de donantes habidos y por haber. Desde \u00ab\u00bfC\u00f3mo se elige un banco de esperma?\u00bb a \u00ab\u00bfCu\u00e1nto esperma se necesita para quedar embarazada?\u00bb Nuestro equipo reuni\u00f3 una lista de nuestras &#8230;<\/p>\n","protected":false},"author":1,"featured_media":0,"parent":0,"menu_order":0,"comment_status":"closed","ping_status":"closed","template":"","meta":{"footnotes":""},"class_list":["post-2451","page","type-page","status-publish","hentry"],"yoast_head":"<!-- This site is optimized with the Yoast SEO plugin v27.1.1 - https:\/\/yoast.com\/product\/yoast-seo-wordpress\/ -->\n<title>Preguntas Frecuentes | Fairfax Cryobank<\/title>\n<meta name=\"description\" content=\"Desde nuestros inicios en 1986, Fairfax Cryobank ha visto cada pregunta de esperma, evaluaciones gen\u00e9ticas, pedidos y almacenamiento de donantes habidos y por haber.\" \/>\n<meta name=\"robots\" content=\"index, follow, max-snippet:-1, max-image-preview:large, max-video-preview:-1\" \/>\n<link rel=\"canonical\" href=\"https:\/\/fairfaxcryobank.com\/es\/preguntas-frecuentes\" \/>\n<meta property=\"og:locale\" content=\"es_ES\" \/>\n<meta property=\"og:type\" content=\"article\" \/>\n<meta property=\"og:title\" content=\"Preguntas Frecuentes | Fairfax Cryobank\" \/>\n<meta property=\"og:description\" content=\"Desde nuestros inicios en 1986, Fairfax Cryobank ha visto cada pregunta de esperma, evaluaciones gen\u00e9ticas, pedidos y almacenamiento de donantes habidos y por haber.\" \/>\n<meta property=\"og:url\" content=\"https:\/\/fairfaxcryobank.com\/es\/preguntas-frecuentes\" \/>\n<meta property=\"og:site_name\" content=\"Fairfax Cryobank - Find a Sperm Donor\" \/>\n<meta property=\"article:publisher\" content=\"https:\/\/www.facebook.com\/fairfax.cryobank\" \/>\n<meta property=\"article:modified_time\" content=\"2024-04-22T14:40:59+00:00\" \/>\n<meta name=\"twitter:card\" content=\"summary_large_image\" \/>\n<meta name=\"twitter:site\" content=\"@FairfaxCryobank\" \/>\n<script type=\"application\/ld+json\" class=\"yoast-schema-graph\">{\"@context\":\"https:\/\/schema.org\",\"@graph\":[{\"@type\":\"WebPage\",\"@id\":\"https:\/\/fairfaxcryobank.com\/es\/preguntas-frecuentes\",\"url\":\"https:\/\/fairfaxcryobank.com\/es\/preguntas-frecuentes\",\"name\":\"Preguntas Frecuentes | Fairfax Cryobank\",\"isPartOf\":{\"@id\":\"https:\/\/fairfaxcryobank.com\/es#website\"},\"datePublished\":\"2019-09-23T11:31:20+00:00\",\"dateModified\":\"2024-04-22T14:40:59+00:00\",\"description\":\"Desde nuestros inicios en 1986, Fairfax Cryobank ha visto cada pregunta de esperma, evaluaciones gen\u00e9ticas, pedidos y almacenamiento de donantes habidos y por haber.\",\"breadcrumb\":{\"@id\":\"https:\/\/fairfaxcryobank.com\/es\/preguntas-frecuentes#breadcrumb\"},\"inLanguage\":\"es\",\"potentialAction\":[{\"@type\":\"ReadAction\",\"target\":[\"https:\/\/fairfaxcryobank.com\/es\/preguntas-frecuentes\"]}]},{\"@type\":\"BreadcrumbList\",\"@id\":\"https:\/\/fairfaxcryobank.com\/es\/preguntas-frecuentes#breadcrumb\",\"itemListElement\":[{\"@type\":\"ListItem\",\"position\":1,\"name\":\"Home\",\"item\":\"https:\/\/fairfaxcryobank.com\/es\"},{\"@type\":\"ListItem\",\"position\":2,\"name\":\"Preguntas Frecuentes\"}]},{\"@type\":\"WebSite\",\"@id\":\"https:\/\/fairfaxcryobank.com\/es#website\",\"url\":\"https:\/\/fairfaxcryobank.com\/es\",\"name\":\"Fairfax Cryobank - Find a Sperm Donor\",\"description\":\"Top-Tier Sperm Bank\",\"publisher\":{\"@id\":\"https:\/\/fairfaxcryobank.com\/es#organization\"},\"potentialAction\":[{\"@type\":\"SearchAction\",\"target\":{\"@type\":\"EntryPoint\",\"urlTemplate\":\"https:\/\/fairfaxcryobank.com\/es?s={search_term_string}\"},\"query-input\":{\"@type\":\"PropertyValueSpecification\",\"valueRequired\":true,\"valueName\":\"search_term_string\"}}],\"inLanguage\":\"es\"},{\"@type\":\"Organization\",\"@id\":\"https:\/\/fairfaxcryobank.com\/es#organization\",\"name\":\"Fairfax Cryobank\",\"url\":\"https:\/\/fairfaxcryobank.com\/es\",\"logo\":{\"@type\":\"ImageObject\",\"inLanguage\":\"es\",\"@id\":\"https:\/\/fairfaxcryobank.com\/es#\/schema\/logo\/image\/\",\"url\":\"https:\/\/fairfaxcryobank.com\/wp-content\/uploads\/logo.webp\",\"contentUrl\":\"https:\/\/fairfaxcryobank.com\/wp-content\/uploads\/logo.webp\",\"width\":1,\"height\":1,\"caption\":\"Fairfax Cryobank\"},\"image\":{\"@id\":\"https:\/\/fairfaxcryobank.com\/es#\/schema\/logo\/image\/\"},\"sameAs\":[\"https:\/\/www.facebook.com\/fairfax.cryobank\",\"https:\/\/x.com\/FairfaxCryobank\",\"https:\/\/www.instagram.com\/fairfaxcryobank\/\",\"https:\/\/www.pinterest.com\/fairfaxcryo\/\"]}]}<\/script>\n<!-- \/ Yoast SEO plugin. -->","yoast_head_json":{"title":"Preguntas Frecuentes | Fairfax Cryobank","description":"Desde nuestros inicios en 1986, Fairfax Cryobank ha visto cada pregunta de esperma, evaluaciones gen\u00e9ticas, pedidos y almacenamiento de donantes habidos y por haber.","robots":{"index":"index","follow":"follow","max-snippet":"max-snippet:-1","max-image-preview":"max-image-preview:large","max-video-preview":"max-video-preview:-1"},"canonical":"https:\/\/fairfaxcryobank.com\/es\/preguntas-frecuentes","og_locale":"es_ES","og_type":"article","og_title":"Preguntas Frecuentes | Fairfax Cryobank","og_description":"Desde nuestros inicios en 1986, Fairfax Cryobank ha visto cada pregunta de esperma, evaluaciones gen\u00e9ticas, pedidos y almacenamiento de donantes habidos y por haber.","og_url":"https:\/\/fairfaxcryobank.com\/es\/preguntas-frecuentes","og_site_name":"Fairfax Cryobank - Find a Sperm Donor","article_publisher":"https:\/\/www.facebook.com\/fairfax.cryobank","article_modified_time":"2024-04-22T14:40:59+00:00","twitter_card":"summary_large_image","twitter_site":"@FairfaxCryobank","schema":{"@context":"https:\/\/schema.org","@graph":[{"@type":"WebPage","@id":"https:\/\/fairfaxcryobank.com\/es\/preguntas-frecuentes","url":"https:\/\/fairfaxcryobank.com\/es\/preguntas-frecuentes","name":"Preguntas Frecuentes | Fairfax Cryobank","isPartOf":{"@id":"https:\/\/fairfaxcryobank.com\/es#website"},"datePublished":"2019-09-23T11:31:20+00:00","dateModified":"2024-04-22T14:40:59+00:00","description":"Desde nuestros inicios en 1986, Fairfax Cryobank ha visto cada pregunta de esperma, evaluaciones gen\u00e9ticas, pedidos y almacenamiento de donantes habidos y por haber.","breadcrumb":{"@id":"https:\/\/fairfaxcryobank.com\/es\/preguntas-frecuentes#breadcrumb"},"inLanguage":"es","potentialAction":[{"@type":"ReadAction","target":["https:\/\/fairfaxcryobank.com\/es\/preguntas-frecuentes"]}]},{"@type":"BreadcrumbList","@id":"https:\/\/fairfaxcryobank.com\/es\/preguntas-frecuentes#breadcrumb","itemListElement":[{"@type":"ListItem","position":1,"name":"Home","item":"https:\/\/fairfaxcryobank.com\/es"},{"@type":"ListItem","position":2,"name":"Preguntas Frecuentes"}]},{"@type":"WebSite","@id":"https:\/\/fairfaxcryobank.com\/es#website","url":"https:\/\/fairfaxcryobank.com\/es","name":"Fairfax Cryobank - Find a Sperm Donor","description":"Top-Tier Sperm Bank","publisher":{"@id":"https:\/\/fairfaxcryobank.com\/es#organization"},"potentialAction":[{"@type":"SearchAction","target":{"@type":"EntryPoint","urlTemplate":"https:\/\/fairfaxcryobank.com\/es?s={search_term_string}"},"query-input":{"@type":"PropertyValueSpecification","valueRequired":true,"valueName":"search_term_string"}}],"inLanguage":"es"},{"@type":"Organization","@id":"https:\/\/fairfaxcryobank.com\/es#organization","name":"Fairfax Cryobank","url":"https:\/\/fairfaxcryobank.com\/es","logo":{"@type":"ImageObject","inLanguage":"es","@id":"https:\/\/fairfaxcryobank.com\/es#\/schema\/logo\/image\/","url":"https:\/\/fairfaxcryobank.com\/wp-content\/uploads\/logo.webp","contentUrl":"https:\/\/fairfaxcryobank.com\/wp-content\/uploads\/logo.webp","width":1,"height":1,"caption":"Fairfax Cryobank"},"image":{"@id":"https:\/\/fairfaxcryobank.com\/es#\/schema\/logo\/image\/"},"sameAs":["https:\/\/www.facebook.com\/fairfax.cryobank","https:\/\/x.com\/FairfaxCryobank","https:\/\/www.instagram.com\/fairfaxcryobank\/","https:\/\/www.pinterest.com\/fairfaxcryo\/"]}]}},"post_mailing_queue_ids":[],"_links":{"self":[{"href":"https:\/\/fairfaxcryobank.com\/es\/wp-json\/wp\/v2\/pages\/2451","targetHints":{"allow":["GET"]}}],"collection":[{"href":"https:\/\/fairfaxcryobank.com\/es\/wp-json\/wp\/v2\/pages"}],"about":[{"href":"https:\/\/fairfaxcryobank.com\/es\/wp-json\/wp\/v2\/types\/page"}],"author":[{"embeddable":true,"href":"https:\/\/fairfaxcryobank.com\/es\/wp-json\/wp\/v2\/users\/1"}],"replies":[{"embeddable":true,"href":"https:\/\/fairfaxcryobank.com\/es\/wp-json\/wp\/v2\/comments?post=2451"}],"version-history":[{"count":2,"href":"https:\/\/fairfaxcryobank.com\/es\/wp-json\/wp\/v2\/pages\/2451\/revisions"}],"predecessor-version":[{"id":18016,"href":"https:\/\/fairfaxcryobank.com\/es\/wp-json\/wp\/v2\/pages\/2451\/revisions\/18016"}],"wp:attachment":[{"href":"https:\/\/fairfaxcryobank.com\/es\/wp-json\/wp\/v2\/media?parent=2451"}],"curies":[{"name":"wp","href":"https:\/\/api.w.org\/{rel}","templated":true}]}}