{"id":2455,"date":"2019-09-23T11:32:10","date_gmt":"2019-09-23T11:32:10","guid":{"rendered":"https:\/\/fairfaxcryobank.com\/?page_id=2455"},"modified":"2020-03-11T16:56:00","modified_gmt":"2020-03-11T16:56:00","slug":"evaluaciones-de-donantes","status":"publish","type":"page","link":"https:\/\/fairfaxcryobank.com\/es\/evaluaciones-de-donantes","title":{"rendered":"Evaluaciones de Donantes"},"content":{"rendered":"\n<h2 class=\"wp-block-heading\"><strong>Requisitos rigurosos de donantes de Fairfax<\/strong><\/h2>\n\n\n\n<p>El proceso de selecci\u00f3n est\u00e1 dise\u00f1ado intencionalmente para ser extenso\ny excluye a cualquier solicitante que no cumpla con nuestros est\u00e1ndares l\u00edderes\nen la industria.<\/p>\n\n\n\n<p>La evaluaci\u00f3n de donantes de esperma incluye los siguientes requisitos:<\/p>\n\n\n\n<ul class=\"wp-block-list\"><li>Extenso cuestionario de salud<\/li><li>Examen f\u00edsico<\/li><li>Ex\u00e1menes de enfermedades m\u00e9dicas, gen\u00e9ticas e infecciosas<\/li><li>Evaluaci\u00f3n de la calidad del esperma<\/li><li>Entrevistas en persona con nuestro personal<\/li><li>Verificaci\u00f3n de t\u00edtulos educativos mediante la revisi\u00f3n de transcripciones<\/li><li>Verificaci\u00f3n de antecedentes penales (iniciada en 2013)<\/li><li>Evaluaciones psicol\u00f3gicas (iniciadas en 2017)<\/li><li>Pruebas de enfermedades f\u00edsicas e infecciosas recurrentes mientras los donantes est\u00e1n activos<\/li><\/ul>\n\n\n\n<hr class=\"wp-block-separator\"\/>\n\n\n\n<h3 class=\"wp-block-heading\"><strong>Video sobre nuestra Evaluacion de donantes de esperma<\/strong><\/h3>\n\n\n\n<figure class=\"wp-block-embed-youtube wp-block-embed is-type-video is-provider-youtube wp-embed-aspect-16-9 wp-has-aspect-ratio\"><div class=\"wp-block-embed__wrapper\">\n<iframe loading=\"lazy\" title=\"Fairfax screens our quality sperm donors\" width=\"500\" height=\"281\" src=\"https:\/\/www.youtube.com\/embed\/51jeaLShZ2M?feature=oembed\" frameborder=\"0\" allow=\"accelerometer; autoplay; clipboard-write; encrypted-media; gyroscope; picture-in-picture; web-share\" referrerpolicy=\"strict-origin-when-cross-origin\" allowfullscreen><\/iframe>\n<\/div><\/figure>\n\n\n\n<p><strong>Evaluaci\u00f3n preliminar:<\/strong><\/p>\n\n\n\n<p>Todos los solicitantes para donantes de esperma deben tener entre 18 y\n39 a\u00f1os de edad. Cada solicitante debe completar un formulario de solicitud que\nincluya una historia cl\u00ednica y gen\u00e9tica del solicitante y los miembros su la\nfamilia, tanto como, un documento de consentimiento y autorizaci\u00f3n de muestras.\nCada solicitud se revisa durante una entrevista personal con el aplicante. Los\nsolicitantes que no est\u00e1n en un grupo de alto riesgo para contraer el SIDA y no\ntienen antecedentes de enfermedades transmisibles infecciosas son requeridos a\npresentar un m\u00ednimo de dos muestras de espermatozoides para su an\u00e1lisis.<\/p>\n\n\n\n<p><strong>An\u00e1lisis de esperma<\/strong><strong>:<\/strong><\/p>\n\n\n\n<p>Cada esp\u00e9cimen de esperma sometido a an\u00e1lisis se eval\u00faa para el volumen,\npH, recuento, motilidad, progresi\u00f3n, viabilidad, anormalidad y gl\u00f3bulos\nblancos. Los espec\u00edmenes se congelan y posteriormente se descongelan para el\nan\u00e1lisis posterior al deshielo. Cualquier solicitante cuya muestra de\nespermatozoides no cumpla con el est\u00e1ndar m\u00ednimo posterior al descongelamiento\nde 20 millones de c\u00e9lulas m\u00f3viles totales\/ml queda excluido del proceso de evaluaci\u00f3n.<\/p>\n\n\n\n<p><strong>Evaluaci\u00f3n de enfermedades infecciosas:<\/strong><\/p>\n\n\n\n<p>Se utilizan dos t\u00e9cnicas para detectar enfermedades infecciosas. Las pruebas serol\u00f3gicas, la t\u00e9cnica est\u00e1ndar de la industria, buscan la presencia de la reacci\u00f3n del cuerpo (anticuerpos) a una infecci\u00f3n. La otra metodolog\u00eda, ampliamente utilizada en Fairfax Cryobank es la Prueba de Reacci\u00f3n en Cadena de la Polimerasa (PCR) (tambi\u00e9n llamada NAT para pruebas de \u00c1cido Nucleico), un m\u00e9todo mucho m\u00e1s sensible que utiliza t\u00e9cnicas gen\u00e9ticas moleculares para identificar la presencia del ADN del agente infecto. <a href=\"https:\/\/fairfaxcryobank.com\/es\/pruebas-de-geneticas-extendidas\" target=\"_blank\" rel=\"noreferrer noopener\" aria-label=\" (opens in a new tab)\">Haga clic aqu\u00ed para obtener una lista actual de pruebas de detecci\u00f3n infecciosas realizadas en nuestros donantes.<\/a><\/p>\n\n\n\n<p><strong>Evaluaci\u00f3n m\u00e9dica y gen\u00e9tica:<\/strong><\/p>\n\n\n\n<p>Cada solicitante tiene un examen f\u00edsico completo y su historial m\u00e9dico y\ngen\u00e9tico es evaluado por un genetista cl\u00ednico. Es esencial tener una\ncomprensi\u00f3n integral de las condiciones gen\u00e9ticas y la herencia gen\u00e9tica con el\nfin de proporcionar la mejor evaluaci\u00f3n posible del donante para las\ncondiciones hereditarias. Fairfax Cryobank proporciona la experiencia de los\ngenetistas cl\u00ednicos certificados por la junta directiva en la evaluaci\u00f3n de los\nantecedentes m\u00e9dicos y familiares del donante, as\u00ed como en la revisi\u00f3n de los\nresultados de las pruebas extensas gen\u00e9ticas realizadas en todos los\nsolicitantes para donantes de esperma. Cualquier solicitante con antecedentes\nfamiliares que lo coloca en un riesgo mayor de lo normal de transmitir una\ncondici\u00f3n gen\u00e9tica es rechazado.<\/p>\n\n\n\n<p>Lista actual: <a href=\"https:\/\/fairfaxcryobank.com\/es\/pruebas-de-geneticas-extendidas\">Pruebas de Enfermedades Gen\u00e9ticas<\/a>.<\/p>\n\n\n\n<p><strong>Pruebas posteriores a la aceptaci\u00f3n<\/strong><strong>:<\/strong><\/p>\n\n\n\n<p>Una vez el aplicante es aceptado en el programa de donantes, cada esp\u00e9cimen de espermatozoides se eval\u00faa individualmente tanto antes de la congelaci\u00f3n como despu\u00e9s del deshielo. Cualquier esp\u00e9cimen que no cumpla con los requisitos de est\u00e1ndar m\u00ednimos se descarta. Todos los espec\u00edmenes se ponen en cuarentena seis meses y el donante vuelve a realizar la prueba de VIH-1, VIH-2, HTLV-I y II, ant\u00edgeno superficial de la hepatitis B, hepatitis C, s\u00edfilis (RPR), CMV, gonorrea de Neisseria y Clamydia trachomatis antes de ser permitidas para su uso.<\/p>\n\n\n\n<p><a href=\"\/donor-and-offspring-evaluation\"><strong>Informes de condiciones m\u00e9dicas en la descendencia de donantes:<\/strong><\/a><\/p>\n\n\n\n<p>Fairfax Cryobank se compromete a proporcionar esperma de Donante que\nproduzca beb\u00e9s sanos, de los cuales hay miles, durante nuestros veinte a\u00f1os de\noperaci\u00f3n. Sin embargo, en la poblaci\u00f3n general, cada embarazo tiene\naproximadamente un riesgo de 3%-4% a producir un ni\u00f1o con alg\u00fan defecto de\nnacimiento o deficiencia mental. Nuestra extensa evaluaci\u00f3n y pruebas reduce\neste riesgo, pero no es posible eliminarlo.<\/p>\n\n\n\n<p>Pedimos a los m\u00e9dicos y clientes que nos notifiquen cada vez que nazca\nun(a) ni\u00f1o(a) con alguna condici\u00f3n m\u00e9dica. En casos inusuales, cuando recibimos\ndicha notificaci\u00f3n, inmediatamente eliminamos a ese donante de la venta e\ninvestigamos el informe. Recopilamos cuidadosamente toda la informaci\u00f3n que\npodamos sobre cualquier condici\u00f3n reportada, pidiendo el diagn\u00f3stico de un\nm\u00e9dico, y los antecedentes familiares sobre la madre. Desafortunadamente, en\nmuchos casos, nunca recibimos un diagn\u00f3stico m\u00e9dico que sea esencial para\ninvestigar adecuadamente el informe. <\/p>\n\n\n\n<p>El director de Fairfax Cryobank es un m\u00e9dico certificado por la Junta en\npediatr\u00eda y gen\u00e9tica cl\u00ednica. Eval\u00faa cuidadosamente todos los informes cl\u00ednicos\nadversos. Si se pueden realizar pruebas adicionales del donante (no todas las\ncondiciones m\u00e9dicas tienen una simple prueba de sangre o muestras) que puedan\nidentificar o ayudar a aclarar el papel de un donante, \u00e9l lo ordena. Si nuestro\nDirector M\u00e9dico determina que el uso del donante podr\u00eda aumentar el riesgo alguna\ncondici\u00f3n m\u00e9dica y\/o defecto de nacimiento por encima del riesgo en la\npoblaci\u00f3n general, restringiremos ese donante, lo que significa que su esperma\nya no estar\u00e1 disponible para la venta al p\u00fablico en general.<\/p>\n\n\n\n<p>Sin embargo, en ciertas circunstancias, permitiremos que este\ndonante permanezca disponible s\u00f3lo para los clientes que ya tienen un hijo de\nel mismo donante, lo que les permite la opci\u00f3n de intentar tener un hermano\nbiol\u00f3gico de su hijo. Aquellos individuos que deseen tener un hermano biol\u00f3gico\npara su hijo deben firmar un consentimiento lo cual describa la condici\u00f3n\ncl\u00ednica y los riesgos asociados con ella antes de poder comprar o enviar\ncualquiera de estas unidades del donante para futuras inseminaciones. Se\nrecomienda el asesoramiento gen\u00e9tico para que aquellos que quieran usar un\ndonante restringido puedan tener sus preguntas respondidas antes de tomar la\ndecisi\u00f3n de firmar el consentimiento informado. Los clientes y sus m\u00e9dicos\npueden evaluar si es apropiado utilizar este donante.<\/p>\n","protected":false},"excerpt":{"rendered":"<p>Requisitos rigurosos de donantes de Fairfax El proceso de selecci\u00f3n est\u00e1 dise\u00f1ado intencionalmente para ser extenso y excluye a cualquier solicitante que no cumpla con nuestros est\u00e1ndares l\u00edderes en la industria. La evaluaci\u00f3n de donantes de esperma incluye los siguientes requisitos: Extenso cuestionario de salud Examen f\u00edsico Ex\u00e1menes de enfermedades &#8230;<\/p>\n","protected":false},"author":1,"featured_media":0,"parent":0,"menu_order":0,"comment_status":"closed","ping_status":"closed","template":"","meta":{"footnotes":""},"class_list":["post-2455","page","type-page","status-publish","hentry"],"yoast_head":"<!-- This site is optimized with the Yoast SEO plugin v27.1.1 - https:\/\/yoast.com\/product\/yoast-seo-wordpress\/ -->\n<title>Evaluaciones de Donantes | Fairfax Cryobank<\/title>\n<meta name=\"description\" content=\"Fairfax Cryobank es el lider de la industria por la evaluaci\u00f3n de donantes de esperma hasta 1986. Aprender mas sobre requisitos de donante de esperma aqui.\" \/>\n<meta name=\"robots\" content=\"index, follow, max-snippet:-1, max-image-preview:large, max-video-preview:-1\" \/>\n<link rel=\"canonical\" href=\"https:\/\/fairfaxcryobank.com\/es\/evaluaciones-de-donantes\" \/>\n<meta property=\"og:locale\" content=\"es_ES\" \/>\n<meta property=\"og:type\" content=\"article\" \/>\n<meta property=\"og:title\" content=\"Evaluaciones de Donantes | Fairfax Cryobank\" \/>\n<meta property=\"og:description\" content=\"Fairfax Cryobank es el lider de la industria por la evaluaci\u00f3n de donantes de esperma hasta 1986. Aprender mas sobre requisitos de donante de esperma aqui.\" \/>\n<meta property=\"og:url\" content=\"https:\/\/fairfaxcryobank.com\/es\/evaluaciones-de-donantes\" \/>\n<meta property=\"og:site_name\" content=\"Fairfax Cryobank - Find a Sperm Donor\" \/>\n<meta property=\"article:publisher\" content=\"https:\/\/www.facebook.com\/fairfax.cryobank\" \/>\n<meta property=\"article:modified_time\" content=\"2020-03-11T16:56:00+00:00\" \/>\n<meta name=\"twitter:card\" content=\"summary_large_image\" \/>\n<meta name=\"twitter:site\" content=\"@FairfaxCryobank\" \/>\n<meta name=\"twitter:label1\" content=\"Tiempo de lectura\" \/>\n\t<meta name=\"twitter:data1\" content=\"5 minutos\" \/>\n<script type=\"application\/ld+json\" class=\"yoast-schema-graph\">{\"@context\":\"https:\/\/schema.org\",\"@graph\":[{\"@type\":\"WebPage\",\"@id\":\"https:\/\/fairfaxcryobank.com\/es\/evaluaciones-de-donantes\",\"url\":\"https:\/\/fairfaxcryobank.com\/es\/evaluaciones-de-donantes\",\"name\":\"Evaluaciones de Donantes | Fairfax Cryobank\",\"isPartOf\":{\"@id\":\"https:\/\/fairfaxcryobank.com\/es#website\"},\"datePublished\":\"2019-09-23T11:32:10+00:00\",\"dateModified\":\"2020-03-11T16:56:00+00:00\",\"description\":\"Fairfax Cryobank es el lider de la industria por la evaluaci\u00f3n de donantes de esperma hasta 1986. Aprender mas sobre requisitos de donante de esperma aqui.\",\"breadcrumb\":{\"@id\":\"https:\/\/fairfaxcryobank.com\/es\/evaluaciones-de-donantes#breadcrumb\"},\"inLanguage\":\"es\",\"potentialAction\":[{\"@type\":\"ReadAction\",\"target\":[\"https:\/\/fairfaxcryobank.com\/es\/evaluaciones-de-donantes\"]}]},{\"@type\":\"BreadcrumbList\",\"@id\":\"https:\/\/fairfaxcryobank.com\/es\/evaluaciones-de-donantes#breadcrumb\",\"itemListElement\":[{\"@type\":\"ListItem\",\"position\":1,\"name\":\"Home\",\"item\":\"https:\/\/fairfaxcryobank.com\/es\"},{\"@type\":\"ListItem\",\"position\":2,\"name\":\"Evaluaciones de Donantes\"}]},{\"@type\":\"WebSite\",\"@id\":\"https:\/\/fairfaxcryobank.com\/es#website\",\"url\":\"https:\/\/fairfaxcryobank.com\/es\",\"name\":\"Fairfax Cryobank - Find a Sperm Donor\",\"description\":\"Top-Tier Sperm Bank\",\"publisher\":{\"@id\":\"https:\/\/fairfaxcryobank.com\/es#organization\"},\"potentialAction\":[{\"@type\":\"SearchAction\",\"target\":{\"@type\":\"EntryPoint\",\"urlTemplate\":\"https:\/\/fairfaxcryobank.com\/es?s={search_term_string}\"},\"query-input\":{\"@type\":\"PropertyValueSpecification\",\"valueRequired\":true,\"valueName\":\"search_term_string\"}}],\"inLanguage\":\"es\"},{\"@type\":\"Organization\",\"@id\":\"https:\/\/fairfaxcryobank.com\/es#organization\",\"name\":\"Fairfax Cryobank\",\"url\":\"https:\/\/fairfaxcryobank.com\/es\",\"logo\":{\"@type\":\"ImageObject\",\"inLanguage\":\"es\",\"@id\":\"https:\/\/fairfaxcryobank.com\/es#\/schema\/logo\/image\/\",\"url\":\"https:\/\/fairfaxcryobank.com\/wp-content\/uploads\/logo.webp\",\"contentUrl\":\"https:\/\/fairfaxcryobank.com\/wp-content\/uploads\/logo.webp\",\"width\":1,\"height\":1,\"caption\":\"Fairfax Cryobank\"},\"image\":{\"@id\":\"https:\/\/fairfaxcryobank.com\/es#\/schema\/logo\/image\/\"},\"sameAs\":[\"https:\/\/www.facebook.com\/fairfax.cryobank\",\"https:\/\/x.com\/FairfaxCryobank\",\"https:\/\/www.instagram.com\/fairfaxcryobank\/\",\"https:\/\/www.pinterest.com\/fairfaxcryo\/\"]}]}<\/script>\n<!-- \/ Yoast SEO plugin. -->","yoast_head_json":{"title":"Evaluaciones de Donantes | Fairfax Cryobank","description":"Fairfax Cryobank es el lider de la industria por la evaluaci\u00f3n de donantes de esperma hasta 1986. Aprender mas sobre requisitos de donante de esperma aqui.","robots":{"index":"index","follow":"follow","max-snippet":"max-snippet:-1","max-image-preview":"max-image-preview:large","max-video-preview":"max-video-preview:-1"},"canonical":"https:\/\/fairfaxcryobank.com\/es\/evaluaciones-de-donantes","og_locale":"es_ES","og_type":"article","og_title":"Evaluaciones de Donantes | Fairfax Cryobank","og_description":"Fairfax Cryobank es el lider de la industria por la evaluaci\u00f3n de donantes de esperma hasta 1986. Aprender mas sobre requisitos de donante de esperma aqui.","og_url":"https:\/\/fairfaxcryobank.com\/es\/evaluaciones-de-donantes","og_site_name":"Fairfax Cryobank - Find a Sperm Donor","article_publisher":"https:\/\/www.facebook.com\/fairfax.cryobank","article_modified_time":"2020-03-11T16:56:00+00:00","twitter_card":"summary_large_image","twitter_site":"@FairfaxCryobank","twitter_misc":{"Tiempo de lectura":"5 minutos"},"schema":{"@context":"https:\/\/schema.org","@graph":[{"@type":"WebPage","@id":"https:\/\/fairfaxcryobank.com\/es\/evaluaciones-de-donantes","url":"https:\/\/fairfaxcryobank.com\/es\/evaluaciones-de-donantes","name":"Evaluaciones de Donantes | Fairfax Cryobank","isPartOf":{"@id":"https:\/\/fairfaxcryobank.com\/es#website"},"datePublished":"2019-09-23T11:32:10+00:00","dateModified":"2020-03-11T16:56:00+00:00","description":"Fairfax Cryobank es el lider de la industria por la evaluaci\u00f3n de donantes de esperma hasta 1986. Aprender mas sobre requisitos de donante de esperma aqui.","breadcrumb":{"@id":"https:\/\/fairfaxcryobank.com\/es\/evaluaciones-de-donantes#breadcrumb"},"inLanguage":"es","potentialAction":[{"@type":"ReadAction","target":["https:\/\/fairfaxcryobank.com\/es\/evaluaciones-de-donantes"]}]},{"@type":"BreadcrumbList","@id":"https:\/\/fairfaxcryobank.com\/es\/evaluaciones-de-donantes#breadcrumb","itemListElement":[{"@type":"ListItem","position":1,"name":"Home","item":"https:\/\/fairfaxcryobank.com\/es"},{"@type":"ListItem","position":2,"name":"Evaluaciones de Donantes"}]},{"@type":"WebSite","@id":"https:\/\/fairfaxcryobank.com\/es#website","url":"https:\/\/fairfaxcryobank.com\/es","name":"Fairfax Cryobank - Find a Sperm Donor","description":"Top-Tier Sperm Bank","publisher":{"@id":"https:\/\/fairfaxcryobank.com\/es#organization"},"potentialAction":[{"@type":"SearchAction","target":{"@type":"EntryPoint","urlTemplate":"https:\/\/fairfaxcryobank.com\/es?s={search_term_string}"},"query-input":{"@type":"PropertyValueSpecification","valueRequired":true,"valueName":"search_term_string"}}],"inLanguage":"es"},{"@type":"Organization","@id":"https:\/\/fairfaxcryobank.com\/es#organization","name":"Fairfax Cryobank","url":"https:\/\/fairfaxcryobank.com\/es","logo":{"@type":"ImageObject","inLanguage":"es","@id":"https:\/\/fairfaxcryobank.com\/es#\/schema\/logo\/image\/","url":"https:\/\/fairfaxcryobank.com\/wp-content\/uploads\/logo.webp","contentUrl":"https:\/\/fairfaxcryobank.com\/wp-content\/uploads\/logo.webp","width":1,"height":1,"caption":"Fairfax Cryobank"},"image":{"@id":"https:\/\/fairfaxcryobank.com\/es#\/schema\/logo\/image\/"},"sameAs":["https:\/\/www.facebook.com\/fairfax.cryobank","https:\/\/x.com\/FairfaxCryobank","https:\/\/www.instagram.com\/fairfaxcryobank\/","https:\/\/www.pinterest.com\/fairfaxcryo\/"]}]}},"post_mailing_queue_ids":[],"_links":{"self":[{"href":"https:\/\/fairfaxcryobank.com\/es\/wp-json\/wp\/v2\/pages\/2455","targetHints":{"allow":["GET"]}}],"collection":[{"href":"https:\/\/fairfaxcryobank.com\/es\/wp-json\/wp\/v2\/pages"}],"about":[{"href":"https:\/\/fairfaxcryobank.com\/es\/wp-json\/wp\/v2\/types\/page"}],"author":[{"embeddable":true,"href":"https:\/\/fairfaxcryobank.com\/es\/wp-json\/wp\/v2\/users\/1"}],"replies":[{"embeddable":true,"href":"https:\/\/fairfaxcryobank.com\/es\/wp-json\/wp\/v2\/comments?post=2455"}],"version-history":[{"count":0,"href":"https:\/\/fairfaxcryobank.com\/es\/wp-json\/wp\/v2\/pages\/2455\/revisions"}],"wp:attachment":[{"href":"https:\/\/fairfaxcryobank.com\/es\/wp-json\/wp\/v2\/media?parent=2455"}],"curies":[{"name":"wp","href":"https:\/\/api.w.org\/{rel}","templated":true}]}}