{"id":2457,"date":"2019-09-23T11:32:29","date_gmt":"2019-09-23T11:32:29","guid":{"rendered":"https:\/\/fairfaxcryobank.com\/?page_id=2457"},"modified":"2025-01-06T13:01:48","modified_gmt":"2025-01-06T18:01:48","slug":"precios","status":"publish","type":"page","link":"https:\/\/fairfaxcryobank.com\/es\/precios","title":{"rendered":"Precios"},"content":{"rendered":"\n<h3 class=\"wp-block-heading\"><strong>Precios del Banco de Esperma<\/strong><\/h3>\n\n\n\n<p>Si es nuevo en la donaci\u00f3n de espermatozoides, es posible que se est\u00e9\npreguntando cu\u00e1nto cuesta el esperma del donante. Nuestro equipo est\u00e1 encantado\nde compartir esta informaci\u00f3n cr\u00edtica con usted para que pueda planificar c\u00f3mo\ncorresponde. <\/p>\n\n\n\n<p>Fairfax Cryobank ofrece una amplia selecci\u00f3n de donantes rigurosamente evaluados.\nDespu\u00e9s de completar nuestro proceso de selecci\u00f3n l\u00edder en la industria, solo\nel 1% de los solicitantes tienen \u00e9xito. Cuando ordena de nosotros, tiene total\ntranquilidad.<\/p>\n\n\n\n<p>Los precios de nuestros bancos de esperma dependen de varios factores\ncr\u00edticos, incluyendo: :<\/p>\n\n\n\n<ul class=\"wp-block-list\">\n<li>Tipo de preparaci\u00f3n basado en su procedimiento m\u00e9dico preferido, por ejemplo, IUI o ICI<\/li>\n\n\n\n<li>Disponibilidad<\/li>\n<\/ul>\n\n\n\n<p>Como regla general, puede esperar tarifas que van entre $750 und $1595. Las tarifas y la disponibilidad espec\u00edficas de los donantes est\u00e1n listados en el perfil de cada donante.<\/p>\n\n\n\n<p>Para obtener m\u00e1s informaci\u00f3n sobre el costo del esperma de donante, vea la\nsiguiente tabla o contacte a nuestro amable equipo de servicio al cliente al\n800-338-8407. Estaremos encantados de hablarle a sobre nuestros precios y\nresponder a cualquier pregunta que pueda tener.<\/p>\n\n\n\n<h4 class=\"wp-block-heading\"><strong>Precios de productos informativos del donante<\/strong><\/h4>\n\n\n\n<p>A partir de enero de 2022<\/p>\n\n\n\n<figure class=\"wp-block-table is-style-stripes\"><table><tbody><tr><td><strong><a href=\"https:\/\/fairfaxcryobank.com\/es\/productos-de-donantes\">Producto<\/a><\/strong><\/td><td><strong>Descarga del Sitio Web<\/strong><\/td><td><strong>Copia por Correo<\/strong>*<\/td><\/tr><tr><td>Resumen de Perfil (1-3 p\u00e1ginas)<\/td><td>Gratis<\/td><td>Solo en linea<\/td><\/tr><tr><td>Ensayo<\/td><td>Gratis <\/td><td>Solo en linea <\/td><\/tr><tr><td>Clip Auditivo<\/td><td>Gratis <\/td><td>Solo en linea <\/td><\/tr><tr><td>Impresi\u00f3n del personal<\/td><td>Gratis <\/td><td>Solo en linea <\/td><\/tr><tr><td>Perfil m\u00e9dico (12-15)<\/td><td>Gratis <\/td><td>$23<\/td><\/tr><tr><td>Perfil personal (9-14)<\/td><td>$26<\/td><td>$29<\/td><\/tr><tr><td>Foto de la infancia<\/td><td>Gratis<\/td><td>Gratis<\/td><\/tr><tr><td>Silueta<\/td><td>$27<\/td><td>$29<\/td><\/tr><tr><td>Entrevista Auditiva<\/td><td>$37<\/td><td>$40<\/td><\/tr><tr><td>Fotos a lo largo de su vida <\/td><td>$95<\/td><td>$115<\/td><\/tr><tr><td>Fotos de infancia y adultez (2 fotos en total)<\/td><td>$65<\/td><td>$85<\/td><\/tr><tr><td>Conjunto de Foto de infancia\/Silueta<\/td><td>$30<\/td><td>$33<\/td><\/tr><tr><td>Conjunto de perfiles: Personal, M\u00e9dico, Audio, Infancia y Silueta<\/td><td>$83<\/td><td>$98<\/td><\/tr><tr><td>Conjunto de perfiles parciales: personal, m\u00e9dico y de audio<\/td><td>$55<\/td><td>$60<\/td><\/tr><tr><td><a href=\"https:\/\/fairfaxcryobank.com\/es\/paquetes-de-acceso-ilimitado-de-donantes\">Acceso BASICO<\/a><\/td><td>$109<\/td><td>N\/A<\/td><\/tr><tr><td><a href=\"https:\/\/fairfaxcryobank.com\/es\/paquetes-de-acceso-ilimitado-de-donantes\">Acceso COMPLETO<\/a> <\/td><td>$149<\/td><td>N\/A<\/td><\/tr><tr><td><a href=\"https:\/\/fairfaxcryobank.com\/es\/paquetes-de-acceso-ilimitado-de-donantes\">Club Fairfax<\/a><\/td><td>$499 \/ a\u00f1o<\/td><td>N\/A<\/td><\/tr><tr><td>Tipo de personalidad<\/td><td>$9<\/td><td>N\/A<\/td><\/tr><tr><td><strong>Manejo y Envi\u00f3 de la Informaci\u00f3n del Donante<\/strong><\/td><\/tr><tr><td>USPS<\/td><td>$10<\/td><td>N\/A<\/td><\/tr><tr><td>Carta de siguiente d\u00eda FedEx <\/td><td>$30<\/td><td>N\/A<\/td><\/tr><tr><td>Entrega de carta Sabatina de FedEx <\/td><td>$45<\/td><td>N\/A<\/td><\/tr><tr><td>FedEx Fuera de EE. UU.<\/td><td>N\/A<\/td><td>N\/A<\/td><\/tr><tr><td>Perfil por fax<\/td><td>$10 \/ perfil<\/td><td>N\/A<\/td><\/tr><\/tbody><\/table><\/figure>\n\n\n\n<p><em>*incluye el env\u00edo a trav\u00e9s de USPS<\/em><\/p>\n\n\n\n<h3 class=\"wp-block-heading\">Precios de env\u00edo<\/h3>\n\n\n\n<figure class=\"wp-block-table is-style-stripes\"><table><tbody><tr><td><strong>Env\u00edo<\/strong>**<\/td><td><strong>Costo<\/strong><\/td><\/tr><tr><td>En la entrega inmediata econ\u00f3mica de 2 d\u00edas de FedEx de los Estados Unidos<\/td><td>$320\/contenedor<\/td><\/tr><tr><td>FedEx Standard Overnight (para las  5:00 PM  del Dia Siguiente)<\/td><td>$355\/contenedor<\/td><\/tr><tr><td>Entrega de FedEx Overnight (para las12:30 PM del Dia siguiente)<\/td><td>$395\/contenedor<\/td><\/tr><tr><td>Manejo adicional de Orden Inmediata <\/td><td>$110\/contenedor<\/td><\/tr><tr><td>Alaska\/Haw\u00e1i<br>Entrega de 1-2 d\u00edas de FedEx(dependiendo del c\u00f3digo postal)<br>Entrega de 2-4 d\u00edas de FedEx(dependiendo del c\u00f3digo postal)<\/td><td><br>$395\/contenedor <br>$320\/contenedor<\/td><\/tr><tr><td>Entrega de 1-2 d\u00edas de FedEx (dependiendo del c\u00f3digo postal)<\/td><td>$395\/contenedor<\/td><\/tr><tr><td><strong>Fuera de los Estados Unidos<\/strong><\/td><\/tr><tr><td>Viaje de ida y vuelta a: Europa, Centro y Sudam\u00e9rica<\/td><td>$765\/contenedor<\/td><\/tr><tr><td>Viaje de ida y vuelta a: Asia, Africa, Oriente Medio, Australia  <\/td><td>$875\/contenedor<\/td><\/tr><tr><td>Viaje de ida y vuelta a: Puerto Rico   <\/td><td>$310\/contenedor<\/td><\/tr><tr><td>Servicio de mensajer\u00eda local<br>\u00c1rea metropolitana de Washington DC, Condados de Fairfax y Arlington (VA)<\/td><td>$105\/contenedor<\/td><\/tr><tr><td>Washington DC, Condado de Montgomery (MD)<\/td><td>$140\/contenedor<\/td><\/tr><tr><td>Alrededor del \u00e1rea metropolitana de Washington DC, los condados de Prince Georges MD y Loudoun VA<\/td><td>$140\/contenedor<\/td><\/tr><tr><td>Otras \u00e1reas de VA y MD <br>Manejo adicional de Orden Inmediata <\/td><td>$110\/contenedor<\/td><\/tr><tr><td>Manejo adicional de Orden Inmediata <\/td><td>$110\/contenedor<\/td><\/tr><tr><td>Tarifa de reabastecimiento (si no es recogida)<\/td><td>$110\/contenedor<\/td><\/tr><\/tbody><\/table><\/figure>\n\n\n\n<p><em>*Incluye devoluci\u00f3n de contenedor para FedEx y mensajer\u00eda local<\/em><\/p>\n\n\n\n<h3 class=\"wp-block-heading\"><strong>Precios miscel\u00e1neos<\/strong><\/h3>\n\n\n\n<figure class=\"wp-block-table is-style-stripes\"><table><tbody><tr><td><strong>Tarifas adicionales<\/strong><\/td><td><strong>Costo<\/strong><\/td><\/tr><tr><td>Cargo por reabastecimiento (cancelaci\u00f3n del pedido)<\/td><td>$100\/orden<\/td><\/tr><tr><td>Actualizar a tanque de 14 d\u00edas<\/td><td>$50 <\/td><\/tr><tr><td>FedEx prioridad de retorno del tanque <\/td><td>$80<\/td><\/tr><tr><td>FedEx  entrega de tanque Sabatina<\/td><td>$425\/contenedor<\/td><\/tr><tr><td>Cargo por tanque dom\u00e9stico tard\u00edo (despu\u00e9s de 14 d\u00edas)<\/td><td>$20\/d\u00edas <\/td><\/tr><tr><td>Cargo por tanque tard\u00edo internacional (despu\u00e9s de 30 d\u00edas)<\/td><td>$90\/mes<\/td><\/tr><tr><td>Tanque perdido o no devuelto<\/td><td>$975\/tanque<\/td><\/tr><tr><td>Dep\u00f3sito de Tanque de Env\u00edo Internacional (reembolsable)<\/td><td>$975\/tanque<\/td><\/tr><tr><td>Entrega residencial<\/td><td>$20 adicional contenedor  <\/td><\/tr><tr><td>Configuraci\u00f3n de la cuenta del mismo d\u00eda<\/td><td>$100<\/td><\/tr><tr><td>Configuraci\u00f3n de la cuenta al d\u00eda siguiente<\/td><td>Gratis <\/td><\/tr><tr><td>Consentimiento domiciliario del mismo d\u00eda<\/td><td>$100<\/td><\/tr><tr><td>Intercambio de Viales<\/td><td>$160<\/td><\/tr><tr><td>Transferencia de propiedad del vial<\/td><td>$300<\/td><\/tr><tr><td>Transferencia interna de propiedad (viales almacenados en mi cl\u00ednica)<\/td><td>$100<\/td><\/tr><\/tbody><\/table><\/figure>\n\n\n\n<h3 class=\"wp-block-heading\"><strong>Precios de selecci\u00f3n de donantes<\/strong><\/h3>\n\n\n\n<figure class=\"wp-block-table is-style-stripes\"><table><tbody><tr><td><strong>Servicios de Selecci\u00f3n de Donantes<\/strong><\/td><td><strong>Costo<\/strong><\/td><\/tr><tr><td>Fairfax FaceMatch\u00ae<\/td><td>Gratis <\/td><\/tr><tr><td>Consulta de fotos<\/td><td>$80<\/td><\/tr><tr><td>Consulta de Selecci\u00f3n de Donantes<\/td><td>Free<\/td><\/tr><tr><td>Consulta Gen\u00e9tica<\/td><td>$100\/ 30 minuto consulta telef\u00f3nica)<\/td><\/tr><\/tbody><\/table><\/figure>\n\n\n\n<h3 class=\"wp-block-heading\"><strong>Precios de servicios de laboratorio<\/strong><\/h3>\n\n\n\n<p><em>A partir del 1 de enero de 2015<\/em><\/p>\n\n\n\n<figure class=\"wp-block-table is-style-stripes\"><table><tbody><tr><td><strong>Servicios de laboratorio<\/strong><\/td><td><strong>Costo<\/strong><\/td><\/tr><tr><td>Clientes Depositantes (almacenamiento de su propio semen) Solo evaluaci\u00f3n de semen<\/td><td>$150\/esp\u00e9cimen<\/td><\/tr><tr><td>Evaluaci\u00f3n de muestras de semen, proceso est\u00e1ndar y congelaci\u00f3n (sin lavar)<\/td><td>$350\/esp\u00e9cimen <\/td><\/tr><tr><td>Evaluaci\u00f3n de muestras de semen, proceso prelavado y congelaci\u00f3n<\/td><td>$460\/esp\u00e9cimen <\/td><\/tr><tr><td>TESA\/TESE Specimen Evaluation<\/td><td>$250\/esp\u00e9cimen<\/td><\/tr><tr><td>TESA\/TESE Specimen Evaluation, Process and Freeze<\/td><td>$460\/esp\u00e9cimen<\/td><\/tr><tr><td>Consulta de visita inicial<\/td><td>$150<\/td><\/tr><tr><td>Panel de sangre: evaluaciones m\u00ednimas de enfermedades infecciosas<\/td><td>$140<\/td><\/tr><tr><td>Liberaci\u00f3n de viales de semen (manipulaci\u00f3n)<\/td><td>$45<\/td><\/tr><tr><td>Costo de transferencia<\/td><td>$220<\/td><\/tr><tr><td>Sperm banking kit<\/td><td>$70<\/td><\/tr><tr><td>Sperm banking kit processing<\/td><td>$460<\/td><\/tr><\/tbody><\/table><\/figure>\n\n\n\n<h3 class=\"wp-block-heading\"><strong>Precios de almacenamiento<\/strong><\/h3>\n\n\n\n<p><em>A partir del 15 de marzo de 2014*<\/em><\/p>\n\n\n\n<figure class=\"wp-block-table is-style-stripes\"><table><tbody><tr><td><strong>Almacenamiento<\/strong><\/td><td><strong>Est\u00e1ndar<\/strong><\/td><td><strong>Peligro biol\u00f3gico**<\/strong><\/td><\/tr><tr><td>Mensual (pago autom\u00e1tico)<\/td><td>$50<\/td><td>$75<\/td><\/tr><tr><td>Prepago de 6 meses<\/td><td>$250<\/td><td>$375<\/td><\/tr><tr><td>Prepago de 1 A\u00f1o<\/td><td>$480<\/td><td>$720<\/td><\/tr><tr><td>Prepago de 2 A\u00f1o<\/td><td>$800<\/td><td>$1200<\/td><\/tr><tr><td>Prepago de 3 A\u00f1o<\/td><td>$1250<\/td><td>$1800<\/td><\/tr><tr><td>Prepago de 5 A\u00f1o<\/td><td>$1650<\/td><td>$2475<\/td><\/tr><tr><td>Prepago de 10 A\u00f1o<\/td><td>$3000<\/td><td>$4200<\/td><\/tr><tr><td>Costo de manipulaci\u00f3n para remover del almacenamiento<\/td><td>$45\/contenedor<\/td><td>$45\/contenedor  <\/td><\/tr><\/tbody><\/table><\/figure>\n\n\n\n<p>*Las tarifas son por cuenta, independientemente del n\u00famero de viales en almacenamiento<br>**No se aplica al semen del donante<\/p>\n\n\n\n<p><strong>2 a\u00f1os de almacenamiento gratuito a partir de la fecha de compra de 8+ Unidades por Pedido.<\/strong><\/p>\n\n\n\n<hr class=\"wp-block-separator has-css-opacity\"\/>\n\n\n\n<p><strong>Precios internacionales<\/strong><\/p>\n\n\n\n<ul class=\"wp-block-list\">\n<li>Todos los precios cotizados son d\u00f3lares estadounidenses<\/li>\n\n\n\n<li>Precios canadienses: visite <a href=\"https:\/\/www.xytex.com\/\" target=\"_blank\" rel=\"noreferrer noopener\">www.creatingcanadianfamilies.ca<\/a> &nbsp;y &nbsp;<a href=\"https:\/\/www.canamcryo.com\/en\" target=\"_blank\" rel=\"noreferrer noopener\">canamcryo.com<\/a><\/li>\n<\/ul>\n\n\n\n<hr class=\"wp-block-separator has-css-opacity\"\/>\n\n\n\n<p><strong>Pagos aceptados:<\/strong><strong><\/strong><\/p>\n\n\n\n<p>Aceptamos todas las principales tarjetas de cr\u00e9dito, incluyendo Visa, Mastercard, American Express y Discover. Consulte todas las opciones para configurar la financiaci\u00f3n.&nbsp;&nbsp;Tambi\u00e9n aceptamos giros postales y cheques de cajero. Efectivo solo es aceptado al recoger viales localmente. Fairfax Cryobank debe recibir el pago antes de que cualquier pedido salga de nuestras instalaciones.<\/p>\n\n\n\n<p><strong><em>Todas las tarifas est\u00e1n sujetas a cambios sin previo aviso.<\/em><\/strong><\/p>\n","protected":false},"excerpt":{"rendered":"<p>Precios del Banco de Esperma Si es nuevo en la donaci\u00f3n de espermatozoides, es posible que se est\u00e9 preguntando cu\u00e1nto cuesta el esperma del donante. Nuestro equipo est\u00e1 encantado de compartir esta informaci\u00f3n cr\u00edtica con usted para que pueda planificar c\u00f3mo corresponde. Fairfax Cryobank ofrece una amplia selecci\u00f3n de donantes &#8230;<\/p>\n","protected":false},"author":1,"featured_media":0,"parent":0,"menu_order":0,"comment_status":"closed","ping_status":"closed","template":"","meta":{"footnotes":""},"class_list":["post-2457","page","type-page","status-publish","hentry"],"yoast_head":"<!-- This site is optimized with the Yoast SEO plugin v27.1.1 - https:\/\/yoast.com\/product\/yoast-seo-wordpress\/ -->\n<title>Precios | Fairfax Cryobank<\/title>\n<meta name=\"description\" content=\"Si es nuevo en la donaci\u00f3n de esperma, es posible que se pregunte cu\u00e1l es el precio en un banco de esperma. Nuestro equipo se complace en compartir esta informaci\u00f3n cr\u00edtica con usted para que pueda planificar en consecuencia.\" \/>\n<meta name=\"robots\" content=\"index, follow, max-snippet:-1, max-image-preview:large, max-video-preview:-1\" \/>\n<link rel=\"canonical\" href=\"https:\/\/fairfaxcryobank.com\/es\/precios\" \/>\n<meta property=\"og:locale\" content=\"es_ES\" \/>\n<meta property=\"og:type\" content=\"article\" \/>\n<meta property=\"og:title\" content=\"Precios | Fairfax Cryobank\" \/>\n<meta property=\"og:description\" content=\"Si es nuevo en la donaci\u00f3n de esperma, es posible que se pregunte cu\u00e1l es el precio en un banco de esperma. Nuestro equipo se complace en compartir esta informaci\u00f3n cr\u00edtica con usted para que pueda planificar en consecuencia.\" \/>\n<meta property=\"og:url\" content=\"https:\/\/fairfaxcryobank.com\/es\/precios\" \/>\n<meta property=\"og:site_name\" content=\"Fairfax Cryobank - Find a Sperm Donor\" \/>\n<meta property=\"article:publisher\" content=\"https:\/\/www.facebook.com\/fairfax.cryobank\" \/>\n<meta property=\"article:modified_time\" content=\"2025-01-06T18:01:48+00:00\" \/>\n<meta name=\"twitter:card\" content=\"summary_large_image\" \/>\n<meta name=\"twitter:site\" content=\"@FairfaxCryobank\" \/>\n<meta name=\"twitter:label1\" content=\"Tiempo de lectura\" \/>\n\t<meta name=\"twitter:data1\" content=\"5 minutos\" \/>\n<script type=\"application\/ld+json\" class=\"yoast-schema-graph\">{\"@context\":\"https:\/\/schema.org\",\"@graph\":[{\"@type\":\"WebPage\",\"@id\":\"https:\/\/fairfaxcryobank.com\/es\/precios\",\"url\":\"https:\/\/fairfaxcryobank.com\/es\/precios\",\"name\":\"Precios | Fairfax Cryobank\",\"isPartOf\":{\"@id\":\"https:\/\/fairfaxcryobank.com\/es#website\"},\"datePublished\":\"2019-09-23T11:32:29+00:00\",\"dateModified\":\"2025-01-06T18:01:48+00:00\",\"description\":\"Si es nuevo en la donaci\u00f3n de esperma, es posible que se pregunte cu\u00e1l es el precio en un banco de esperma. Nuestro equipo se complace en compartir esta informaci\u00f3n cr\u00edtica con usted para que pueda planificar en consecuencia.\",\"breadcrumb\":{\"@id\":\"https:\/\/fairfaxcryobank.com\/es\/precios#breadcrumb\"},\"inLanguage\":\"es\",\"potentialAction\":[{\"@type\":\"ReadAction\",\"target\":[\"https:\/\/fairfaxcryobank.com\/es\/precios\"]}]},{\"@type\":\"BreadcrumbList\",\"@id\":\"https:\/\/fairfaxcryobank.com\/es\/precios#breadcrumb\",\"itemListElement\":[{\"@type\":\"ListItem\",\"position\":1,\"name\":\"Home\",\"item\":\"https:\/\/fairfaxcryobank.com\/es\"},{\"@type\":\"ListItem\",\"position\":2,\"name\":\"Precios\"}]},{\"@type\":\"WebSite\",\"@id\":\"https:\/\/fairfaxcryobank.com\/es#website\",\"url\":\"https:\/\/fairfaxcryobank.com\/es\",\"name\":\"Fairfax Cryobank - Find a Sperm Donor\",\"description\":\"Top-Tier Sperm Bank\",\"publisher\":{\"@id\":\"https:\/\/fairfaxcryobank.com\/es#organization\"},\"potentialAction\":[{\"@type\":\"SearchAction\",\"target\":{\"@type\":\"EntryPoint\",\"urlTemplate\":\"https:\/\/fairfaxcryobank.com\/es?s={search_term_string}\"},\"query-input\":{\"@type\":\"PropertyValueSpecification\",\"valueRequired\":true,\"valueName\":\"search_term_string\"}}],\"inLanguage\":\"es\"},{\"@type\":\"Organization\",\"@id\":\"https:\/\/fairfaxcryobank.com\/es#organization\",\"name\":\"Fairfax Cryobank\",\"url\":\"https:\/\/fairfaxcryobank.com\/es\",\"logo\":{\"@type\":\"ImageObject\",\"inLanguage\":\"es\",\"@id\":\"https:\/\/fairfaxcryobank.com\/es#\/schema\/logo\/image\/\",\"url\":\"https:\/\/fairfaxcryobank.com\/wp-content\/uploads\/logo.webp\",\"contentUrl\":\"https:\/\/fairfaxcryobank.com\/wp-content\/uploads\/logo.webp\",\"width\":1,\"height\":1,\"caption\":\"Fairfax Cryobank\"},\"image\":{\"@id\":\"https:\/\/fairfaxcryobank.com\/es#\/schema\/logo\/image\/\"},\"sameAs\":[\"https:\/\/www.facebook.com\/fairfax.cryobank\",\"https:\/\/x.com\/FairfaxCryobank\",\"https:\/\/www.instagram.com\/fairfaxcryobank\/\",\"https:\/\/www.pinterest.com\/fairfaxcryo\/\"]}]}<\/script>\n<!-- \/ Yoast SEO plugin. -->","yoast_head_json":{"title":"Precios | Fairfax Cryobank","description":"Si es nuevo en la donaci\u00f3n de esperma, es posible que se pregunte cu\u00e1l es el precio en un banco de esperma. Nuestro equipo se complace en compartir esta informaci\u00f3n cr\u00edtica con usted para que pueda planificar en consecuencia.","robots":{"index":"index","follow":"follow","max-snippet":"max-snippet:-1","max-image-preview":"max-image-preview:large","max-video-preview":"max-video-preview:-1"},"canonical":"https:\/\/fairfaxcryobank.com\/es\/precios","og_locale":"es_ES","og_type":"article","og_title":"Precios | Fairfax Cryobank","og_description":"Si es nuevo en la donaci\u00f3n de esperma, es posible que se pregunte cu\u00e1l es el precio en un banco de esperma. Nuestro equipo se complace en compartir esta informaci\u00f3n cr\u00edtica con usted para que pueda planificar en consecuencia.","og_url":"https:\/\/fairfaxcryobank.com\/es\/precios","og_site_name":"Fairfax Cryobank - Find a Sperm Donor","article_publisher":"https:\/\/www.facebook.com\/fairfax.cryobank","article_modified_time":"2025-01-06T18:01:48+00:00","twitter_card":"summary_large_image","twitter_site":"@FairfaxCryobank","twitter_misc":{"Tiempo de lectura":"5 minutos"},"schema":{"@context":"https:\/\/schema.org","@graph":[{"@type":"WebPage","@id":"https:\/\/fairfaxcryobank.com\/es\/precios","url":"https:\/\/fairfaxcryobank.com\/es\/precios","name":"Precios | Fairfax Cryobank","isPartOf":{"@id":"https:\/\/fairfaxcryobank.com\/es#website"},"datePublished":"2019-09-23T11:32:29+00:00","dateModified":"2025-01-06T18:01:48+00:00","description":"Si es nuevo en la donaci\u00f3n de esperma, es posible que se pregunte cu\u00e1l es el precio en un banco de esperma. Nuestro equipo se complace en compartir esta informaci\u00f3n cr\u00edtica con usted para que pueda planificar en consecuencia.","breadcrumb":{"@id":"https:\/\/fairfaxcryobank.com\/es\/precios#breadcrumb"},"inLanguage":"es","potentialAction":[{"@type":"ReadAction","target":["https:\/\/fairfaxcryobank.com\/es\/precios"]}]},{"@type":"BreadcrumbList","@id":"https:\/\/fairfaxcryobank.com\/es\/precios#breadcrumb","itemListElement":[{"@type":"ListItem","position":1,"name":"Home","item":"https:\/\/fairfaxcryobank.com\/es"},{"@type":"ListItem","position":2,"name":"Precios"}]},{"@type":"WebSite","@id":"https:\/\/fairfaxcryobank.com\/es#website","url":"https:\/\/fairfaxcryobank.com\/es","name":"Fairfax Cryobank - Find a Sperm Donor","description":"Top-Tier Sperm Bank","publisher":{"@id":"https:\/\/fairfaxcryobank.com\/es#organization"},"potentialAction":[{"@type":"SearchAction","target":{"@type":"EntryPoint","urlTemplate":"https:\/\/fairfaxcryobank.com\/es?s={search_term_string}"},"query-input":{"@type":"PropertyValueSpecification","valueRequired":true,"valueName":"search_term_string"}}],"inLanguage":"es"},{"@type":"Organization","@id":"https:\/\/fairfaxcryobank.com\/es#organization","name":"Fairfax Cryobank","url":"https:\/\/fairfaxcryobank.com\/es","logo":{"@type":"ImageObject","inLanguage":"es","@id":"https:\/\/fairfaxcryobank.com\/es#\/schema\/logo\/image\/","url":"https:\/\/fairfaxcryobank.com\/wp-content\/uploads\/logo.webp","contentUrl":"https:\/\/fairfaxcryobank.com\/wp-content\/uploads\/logo.webp","width":1,"height":1,"caption":"Fairfax Cryobank"},"image":{"@id":"https:\/\/fairfaxcryobank.com\/es#\/schema\/logo\/image\/"},"sameAs":["https:\/\/www.facebook.com\/fairfax.cryobank","https:\/\/x.com\/FairfaxCryobank","https:\/\/www.instagram.com\/fairfaxcryobank\/","https:\/\/www.pinterest.com\/fairfaxcryo\/"]}]}},"post_mailing_queue_ids":[],"_links":{"self":[{"href":"https:\/\/fairfaxcryobank.com\/es\/wp-json\/wp\/v2\/pages\/2457","targetHints":{"allow":["GET"]}}],"collection":[{"href":"https:\/\/fairfaxcryobank.com\/es\/wp-json\/wp\/v2\/pages"}],"about":[{"href":"https:\/\/fairfaxcryobank.com\/es\/wp-json\/wp\/v2\/types\/page"}],"author":[{"embeddable":true,"href":"https:\/\/fairfaxcryobank.com\/es\/wp-json\/wp\/v2\/users\/1"}],"replies":[{"embeddable":true,"href":"https:\/\/fairfaxcryobank.com\/es\/wp-json\/wp\/v2\/comments?post=2457"}],"version-history":[{"count":10,"href":"https:\/\/fairfaxcryobank.com\/es\/wp-json\/wp\/v2\/pages\/2457\/revisions"}],"predecessor-version":[{"id":31759,"href":"https:\/\/fairfaxcryobank.com\/es\/wp-json\/wp\/v2\/pages\/2457\/revisions\/31759"}],"wp:attachment":[{"href":"https:\/\/fairfaxcryobank.com\/es\/wp-json\/wp\/v2\/media?parent=2457"}],"curies":[{"name":"wp","href":"https:\/\/api.w.org\/{rel}","templated":true}]}}