{"id":2459,"date":"2019-09-23T11:32:47","date_gmt":"2019-09-23T11:32:47","guid":{"rendered":"https:\/\/fairfaxcryobank.com\/?page_id=2459"},"modified":"2020-03-11T17:03:19","modified_gmt":"2020-03-11T17:03:19","slug":"pedidos-y-envios","status":"publish","type":"page","link":"https:\/\/fairfaxcryobank.com\/es\/pedidos-y-envios","title":{"rendered":"Pedidos y env\u00edos"},"content":{"rendered":"\n<h2 class=\"wp-block-heading\"><strong>C\u00f3mo comprar esperma en l\u00ednea<\/strong><\/h2>\n\n\n\n<p>Una vez que haya elegido a su donante de esperma perfecto en la B\u00fasqueda de Donantes Fairfax Cryobank, \u00a1Es hora de hacer su pedido! Esta gu\u00eda le muestra c\u00f3mo comprar su esperma en l\u00ednea y enviarlo a su ubicaci\u00f3n deseada.<\/p>\n\n\n\n<p>Para obtener informaci\u00f3n sobre el manejo de muestras despu\u00e9s del env\u00edo, revise nuestra p\u00e1gina de <a href=\"https:\/\/fairfaxcryobank.com\/specimen-information\">informaci\u00f3n de espec\u00edmenes<\/a>. \u00a0<\/p>\n\n\n\n<hr class=\"wp-block-separator\"\/>\n\n\n\n<h3 class=\"wp-block-heading\"><strong>Env\u00edos internacionales<\/strong><strong>:<\/strong><\/h3>\n\n\n\n<p>Env\u00edos internacionales a pa\u00edses que no puedan utilizar Federal Express\nson transportados por el servicio m\u00e1s adecuado disponible. Es posible que los\nservicios de puerta a puerta no est\u00e9n disponibles en todos los pa\u00edses; en tales\ncasos, los env\u00edos s\u00f3lo pueden ser de puerta a aeropuerto, lo que requiere que\nel m\u00e9dico o el paciente haga arreglos para el transporte final al consultorio\nde su m\u00e9dico. En algunas situaciones, se puede requerir un dep\u00f3sito de $975.00\n(d\u00f3lares estadounidenses) por cada contenedor de nitr\u00f3geno enviado\ninternacionalmente. El dep\u00f3sito es reembolsable el contenedor sea devuelto en\nbuen estado a Fairfax Cryobank. Las tarifas y los arreglos asociados con la\ndevoluci\u00f3n del contenedor de env\u00edo a Fairfax Cryobank son responsabilidad de la\npersona que recibe el env\u00edo. Todos los costos, incluido el dep\u00f3sito del\ncontenedor (si corresponde) deben pagarse antes del env\u00edo.<\/p>\n","protected":false},"excerpt":{"rendered":"<p>C\u00f3mo comprar esperma en l\u00ednea Una vez que haya elegido a su donante de esperma perfecto en la B\u00fasqueda de Donantes Fairfax Cryobank, \u00a1Es hora de hacer su pedido! Esta gu\u00eda le muestra c\u00f3mo comprar su esperma en l\u00ednea y enviarlo a su ubicaci\u00f3n deseada. Para obtener informaci\u00f3n sobre el &#8230;<\/p>\n","protected":false},"author":1,"featured_media":0,"parent":0,"menu_order":0,"comment_status":"closed","ping_status":"closed","template":"","meta":{"footnotes":""},"class_list":["post-2459","page","type-page","status-publish","hentry"],"yoast_head":"<!-- This site is optimized with the Yoast SEO plugin v27.1.1 - https:\/\/yoast.com\/product\/yoast-seo-wordpress\/ -->\n<title>Pedidos y env\u00edos | Fairfax Cryobank<\/title>\n<meta name=\"description\" content=\"Comprar y enviar su donante de esperma en linea con instrucciones por Fairfax Cryobank, el fuente confiable por donante de esperma hasta 1986.\" \/>\n<meta name=\"robots\" content=\"index, follow, max-snippet:-1, max-image-preview:large, max-video-preview:-1\" \/>\n<link rel=\"canonical\" href=\"https:\/\/fairfaxcryobank.com\/es\/pedidos-y-envios\" \/>\n<meta property=\"og:locale\" content=\"es_ES\" \/>\n<meta property=\"og:type\" content=\"article\" \/>\n<meta property=\"og:title\" content=\"Pedidos y env\u00edos | Fairfax Cryobank\" \/>\n<meta property=\"og:description\" content=\"Comprar y enviar su donante de esperma en linea con instrucciones por Fairfax Cryobank, el fuente confiable por donante de esperma hasta 1986.\" \/>\n<meta property=\"og:url\" content=\"https:\/\/fairfaxcryobank.com\/es\/pedidos-y-envios\" \/>\n<meta property=\"og:site_name\" content=\"Fairfax Cryobank - Find a Sperm Donor\" \/>\n<meta property=\"article:publisher\" content=\"https:\/\/www.facebook.com\/fairfax.cryobank\" \/>\n<meta property=\"article:modified_time\" content=\"2020-03-11T17:03:19+00:00\" \/>\n<meta name=\"twitter:card\" content=\"summary_large_image\" \/>\n<meta name=\"twitter:site\" content=\"@FairfaxCryobank\" \/>\n<meta name=\"twitter:label1\" content=\"Tiempo de lectura\" \/>\n\t<meta name=\"twitter:data1\" content=\"1 minuto\" \/>\n<script type=\"application\/ld+json\" class=\"yoast-schema-graph\">{\"@context\":\"https:\/\/schema.org\",\"@graph\":[{\"@type\":\"WebPage\",\"@id\":\"https:\/\/fairfaxcryobank.com\/es\/pedidos-y-envios\",\"url\":\"https:\/\/fairfaxcryobank.com\/es\/pedidos-y-envios\",\"name\":\"Pedidos y env\u00edos | Fairfax Cryobank\",\"isPartOf\":{\"@id\":\"https:\/\/fairfaxcryobank.com\/es#website\"},\"datePublished\":\"2019-09-23T11:32:47+00:00\",\"dateModified\":\"2020-03-11T17:03:19+00:00\",\"description\":\"Comprar y enviar su donante de esperma en linea con instrucciones por Fairfax Cryobank, el fuente confiable por donante de esperma hasta 1986.\",\"breadcrumb\":{\"@id\":\"https:\/\/fairfaxcryobank.com\/es\/pedidos-y-envios#breadcrumb\"},\"inLanguage\":\"es\",\"potentialAction\":[{\"@type\":\"ReadAction\",\"target\":[\"https:\/\/fairfaxcryobank.com\/es\/pedidos-y-envios\"]}]},{\"@type\":\"BreadcrumbList\",\"@id\":\"https:\/\/fairfaxcryobank.com\/es\/pedidos-y-envios#breadcrumb\",\"itemListElement\":[{\"@type\":\"ListItem\",\"position\":1,\"name\":\"Home\",\"item\":\"https:\/\/fairfaxcryobank.com\/es\"},{\"@type\":\"ListItem\",\"position\":2,\"name\":\"Pedidos y env\u00edos\"}]},{\"@type\":\"WebSite\",\"@id\":\"https:\/\/fairfaxcryobank.com\/es#website\",\"url\":\"https:\/\/fairfaxcryobank.com\/es\",\"name\":\"Fairfax Cryobank - Find a Sperm Donor\",\"description\":\"Top-Tier Sperm Bank\",\"publisher\":{\"@id\":\"https:\/\/fairfaxcryobank.com\/es#organization\"},\"potentialAction\":[{\"@type\":\"SearchAction\",\"target\":{\"@type\":\"EntryPoint\",\"urlTemplate\":\"https:\/\/fairfaxcryobank.com\/es?s={search_term_string}\"},\"query-input\":{\"@type\":\"PropertyValueSpecification\",\"valueRequired\":true,\"valueName\":\"search_term_string\"}}],\"inLanguage\":\"es\"},{\"@type\":\"Organization\",\"@id\":\"https:\/\/fairfaxcryobank.com\/es#organization\",\"name\":\"Fairfax Cryobank\",\"url\":\"https:\/\/fairfaxcryobank.com\/es\",\"logo\":{\"@type\":\"ImageObject\",\"inLanguage\":\"es\",\"@id\":\"https:\/\/fairfaxcryobank.com\/es#\/schema\/logo\/image\/\",\"url\":\"https:\/\/fairfaxcryobank.com\/wp-content\/uploads\/logo.webp\",\"contentUrl\":\"https:\/\/fairfaxcryobank.com\/wp-content\/uploads\/logo.webp\",\"width\":1,\"height\":1,\"caption\":\"Fairfax Cryobank\"},\"image\":{\"@id\":\"https:\/\/fairfaxcryobank.com\/es#\/schema\/logo\/image\/\"},\"sameAs\":[\"https:\/\/www.facebook.com\/fairfax.cryobank\",\"https:\/\/x.com\/FairfaxCryobank\",\"https:\/\/www.instagram.com\/fairfaxcryobank\/\",\"https:\/\/www.pinterest.com\/fairfaxcryo\/\"]}]}<\/script>\n<!-- \/ Yoast SEO plugin. -->","yoast_head_json":{"title":"Pedidos y env\u00edos | Fairfax Cryobank","description":"Comprar y enviar su donante de esperma en linea con instrucciones por Fairfax Cryobank, el fuente confiable por donante de esperma hasta 1986.","robots":{"index":"index","follow":"follow","max-snippet":"max-snippet:-1","max-image-preview":"max-image-preview:large","max-video-preview":"max-video-preview:-1"},"canonical":"https:\/\/fairfaxcryobank.com\/es\/pedidos-y-envios","og_locale":"es_ES","og_type":"article","og_title":"Pedidos y env\u00edos | Fairfax Cryobank","og_description":"Comprar y enviar su donante de esperma en linea con instrucciones por Fairfax Cryobank, el fuente confiable por donante de esperma hasta 1986.","og_url":"https:\/\/fairfaxcryobank.com\/es\/pedidos-y-envios","og_site_name":"Fairfax Cryobank - Find a Sperm Donor","article_publisher":"https:\/\/www.facebook.com\/fairfax.cryobank","article_modified_time":"2020-03-11T17:03:19+00:00","twitter_card":"summary_large_image","twitter_site":"@FairfaxCryobank","twitter_misc":{"Tiempo de lectura":"1 minuto"},"schema":{"@context":"https:\/\/schema.org","@graph":[{"@type":"WebPage","@id":"https:\/\/fairfaxcryobank.com\/es\/pedidos-y-envios","url":"https:\/\/fairfaxcryobank.com\/es\/pedidos-y-envios","name":"Pedidos y env\u00edos | Fairfax Cryobank","isPartOf":{"@id":"https:\/\/fairfaxcryobank.com\/es#website"},"datePublished":"2019-09-23T11:32:47+00:00","dateModified":"2020-03-11T17:03:19+00:00","description":"Comprar y enviar su donante de esperma en linea con instrucciones por Fairfax Cryobank, el fuente confiable por donante de esperma hasta 1986.","breadcrumb":{"@id":"https:\/\/fairfaxcryobank.com\/es\/pedidos-y-envios#breadcrumb"},"inLanguage":"es","potentialAction":[{"@type":"ReadAction","target":["https:\/\/fairfaxcryobank.com\/es\/pedidos-y-envios"]}]},{"@type":"BreadcrumbList","@id":"https:\/\/fairfaxcryobank.com\/es\/pedidos-y-envios#breadcrumb","itemListElement":[{"@type":"ListItem","position":1,"name":"Home","item":"https:\/\/fairfaxcryobank.com\/es"},{"@type":"ListItem","position":2,"name":"Pedidos y env\u00edos"}]},{"@type":"WebSite","@id":"https:\/\/fairfaxcryobank.com\/es#website","url":"https:\/\/fairfaxcryobank.com\/es","name":"Fairfax Cryobank - Find a Sperm Donor","description":"Top-Tier Sperm Bank","publisher":{"@id":"https:\/\/fairfaxcryobank.com\/es#organization"},"potentialAction":[{"@type":"SearchAction","target":{"@type":"EntryPoint","urlTemplate":"https:\/\/fairfaxcryobank.com\/es?s={search_term_string}"},"query-input":{"@type":"PropertyValueSpecification","valueRequired":true,"valueName":"search_term_string"}}],"inLanguage":"es"},{"@type":"Organization","@id":"https:\/\/fairfaxcryobank.com\/es#organization","name":"Fairfax Cryobank","url":"https:\/\/fairfaxcryobank.com\/es","logo":{"@type":"ImageObject","inLanguage":"es","@id":"https:\/\/fairfaxcryobank.com\/es#\/schema\/logo\/image\/","url":"https:\/\/fairfaxcryobank.com\/wp-content\/uploads\/logo.webp","contentUrl":"https:\/\/fairfaxcryobank.com\/wp-content\/uploads\/logo.webp","width":1,"height":1,"caption":"Fairfax Cryobank"},"image":{"@id":"https:\/\/fairfaxcryobank.com\/es#\/schema\/logo\/image\/"},"sameAs":["https:\/\/www.facebook.com\/fairfax.cryobank","https:\/\/x.com\/FairfaxCryobank","https:\/\/www.instagram.com\/fairfaxcryobank\/","https:\/\/www.pinterest.com\/fairfaxcryo\/"]}]}},"post_mailing_queue_ids":[],"_links":{"self":[{"href":"https:\/\/fairfaxcryobank.com\/es\/wp-json\/wp\/v2\/pages\/2459","targetHints":{"allow":["GET"]}}],"collection":[{"href":"https:\/\/fairfaxcryobank.com\/es\/wp-json\/wp\/v2\/pages"}],"about":[{"href":"https:\/\/fairfaxcryobank.com\/es\/wp-json\/wp\/v2\/types\/page"}],"author":[{"embeddable":true,"href":"https:\/\/fairfaxcryobank.com\/es\/wp-json\/wp\/v2\/users\/1"}],"replies":[{"embeddable":true,"href":"https:\/\/fairfaxcryobank.com\/es\/wp-json\/wp\/v2\/comments?post=2459"}],"version-history":[{"count":0,"href":"https:\/\/fairfaxcryobank.com\/es\/wp-json\/wp\/v2\/pages\/2459\/revisions"}],"wp:attachment":[{"href":"https:\/\/fairfaxcryobank.com\/es\/wp-json\/wp\/v2\/media?parent=2459"}],"curies":[{"name":"wp","href":"https:\/\/api.w.org\/{rel}","templated":true}]}}