{"id":2475,"date":"2019-09-23T11:41:52","date_gmt":"2019-09-23T11:41:52","guid":{"rendered":"https:\/\/fairfaxcryobank.com\/?page_id=2475"},"modified":"2024-05-15T14:39:49","modified_gmt":"2024-05-15T18:39:49","slug":"contactanos","status":"publish","type":"page","link":"https:\/\/fairfaxcryobank.com\/es\/contactanos","title":{"rendered":"Cont\u00e1ctanos"},"content":{"rendered":"\n<h2 class=\"wp-block-heading\"><strong>Informaci\u00f3n de contacto de Fairfax Cryobank<\/strong><strong><\/strong><\/h2>\n\n\n\n<p>La familia es el coraz\u00f3n de todo lo que hacemos. Y es por eso que estamos orgullosos de informar que hemos ayudado a miles de personas y familias en este transcurso, sea lo que sea. Independientemente de su estado civil, identidad de g\u00e9nero u orientaci\u00f3n sexual, nuestro equipo puede ayudarle a proteger sus futuras oportunidades de (m)paternidad a trav\u00e9s de servicios de almacenamiento l\u00edderes en la industria.<\/p>\n\n\n\n<p>P\u00f3ngase en contacto con nuestro equipo hoy mismo para obtener m\u00e1s informaci\u00f3n o empezar. Ll\u00e1menos al 800-338-8407. &nbsp;Estaremos m\u00e1s que dispuestos a ayudarle a lograr la vida que siempre ha querido, ya sea en un futuro cercano o dentro de una d\u00e9cada.<\/p>\n\n\n\n<h3 class=\"wp-block-heading\"><strong><a href=\"https:\/\/fairfaxcryobank.com\/es\/contactanos\">Servicio al Cliente<\/a><\/strong><\/h3>\n\n\n\n<p>El equipo de servicio al cliente de Fairfax Cryobank est\u00e1 listo y\n    dispuesto a ayudar. Si tiene alguna pregunta, inquietud o consulta sobre\n    nuestras instalaciones o servicios, no dude en ponerse en contacto con\n    nosotros. Nuestro amable y experimentado equipo puede ayudar.<\/p>\n\n\n\n<p>Consulte la informaci\u00f3n de contacto de Fairfax Cryobank a continuaci\u00f3n para obtener informaci\u00f3n sobre c\u00f3mo ponerse en contacto con los servicios al cliente de Fairfax Cryobank.<\/p>\n\n\n\n<div class=\"wp-block-group\"><div class=\"wp-block-group__inner-container is-layout-flow wp-block-group-is-layout-flow\">\n<p><strong>Informaci\u00f3n de contacto<\/strong><strong>:<\/strong><\/p>\n\n\n\n<ol class=\"wp-block-list\"><li>Tel\u00e9fono: <a href=\"tel:8003388407\">800-338-8407<\/a><\/li><li>Fax: 703-698-3933<\/li><li>Correo electr\u00f3nico: <a href=\"mailtto:informacion@fairfaxcryobank.com\">informacion@fairfaxcryobank.com<\/a><\/li><\/ol>\n\n\n\n<div class=\"wp-block-button aligncenter\"><a class=\"wp-block-button__link has-text-color has-background\" href=\"mailto:informacion@fairfaxcryobank.com\" style=\"background-color:#ea6950;color:#ffffff\"><strong>Correo Electronico<\/strong><\/a><\/div>\n<\/div><\/div>\n\n\n\n<p><strong>Horas:<\/strong><\/p>\n\n\n\n<ul class=\"wp-block-list\"><li>Lunes \u2013 Viernes 7:00 AM \u2013 8:00 PM ET<\/li><li>S\u00e1bado 11:30 AM \u2013 3:30 PM ET<\/li><\/ul>\n\n\n\n<hr class=\"wp-block-separator\"\/>\n\n\n\n<p><strong>Informaci\u00f3n de contacto internacional<\/strong><strong>:<\/strong><\/p>\n\n\n\n<p>Contamos con Especialistas en Servicios al Cliente que hablan <strong>espa\u00f1ol<\/strong> para ayudarle.<\/p>\n\n\n\n<ul class=\"wp-block-list\"><li>Espa\u00f1ol: <a href=\"mailto:informacion@fairfaxcryobank.com\" target=\"_blank\" rel=\"noreferrer noopener\">informacion@fairfaxcryobank.com<\/a><ul><li>Los Estados Unidos: <a href=\"tel:18003388407\">1800-338-8407<\/a>     presione el #1<\/li><\/ul><ul><li>Spain: <a href=\"tel:+34931845772\">+34931845772<\/a><\/li><\/ul><ul><li>Mexico: <a href=\"tel:+525511638948\">+525511638948<\/a><\/li><\/ul><\/li><li>United Kingdom: Toll-free <a href=\"tel:08004049186\">0800 404 9186<\/a><\/li><li>Australia clients: <a href=\"tel:1800336701\">1800336701<\/a><\/li><\/ul>\n\n\n\n<p><strong>Env\u00edo:<\/strong><\/p>\n\n\n\n<p>Tenga en cuenta que el tiempo de corte para los pedidos de FedEx en el mismo d\u00eda es las 4:00 PM ET y las 11:00 AM ET para los pedidos de mensajer\u00eda local el mismo d\u00eda. De lunes a viernes solamente<\/p>\n\n\n\n<hr class=\"wp-block-separator\"\/>\n\n\n\n<h3 class=\"wp-block-heading\"><strong>Recoger Localmente:<\/strong><\/h3>\n\n\n\n<p>El horario de recogida y entrega es de lunes a viernes. Consulte a continuaci\u00f3n las horas espec\u00edficas de laboratorio por ubicaci\u00f3n. Clientes deben llamar por lo menos un d\u00eda antes de la fecha preferida para recoger.<\/p>\n\n\n\n<p>El horario de recogida y entrega es de lunes a viernes. Consulte a continuaci\u00f3n las horas espec\u00edficas de laboratorio por ubicaci\u00f3n. Clientes deben llamar por lo menos un d\u00eda antes de la fecha preferida para recoger.<\/p>\n\n\n\n<hr class=\"wp-block-separator\"\/>\n\n\n\n<h4 class=\"wp-block-heading\"><strong>Actualizaciones de Fairfax Cryobank<\/strong><\/h4>\n\n\n\n<p><strong>\u00danete a nuestros boletines<\/strong><\/p>\n\n\n\n<!--[if lte IE 8]>\n<script charset=\"utf-8\" type=\"text\/javascript\" src=\"\/\/js.hsforms.net\/forms\/v2-legacy.js\"><\/script>\n<![endif]-->\n<script charset=\"utf-8\" type=\"text\/javascript\" src=\"\/\/js.hsforms.net\/forms\/v2.js\"><\/script>\n<script>\n    hbspt.forms.create({\n        portalId: \"245497\",\n        formId: \"0dbc2a48-ab67-4aff-a3a3-db9da6a96e4c\"\n    });\n<\/script>\n","protected":false},"excerpt":{"rendered":"<p>Informaci\u00f3n de contacto de Fairfax Cryobank La familia es el coraz\u00f3n de todo lo que hacemos. Y es por eso que estamos orgullosos de informar que hemos ayudado a miles de personas y familias en este transcurso, sea lo que sea. Independientemente de su estado civil, identidad de g\u00e9nero u &#8230;<\/p>\n","protected":false},"author":1,"featured_media":0,"parent":0,"menu_order":0,"comment_status":"closed","ping_status":"closed","template":"","meta":{"footnotes":""},"class_list":["post-2475","page","type-page","status-publish","hentry"],"yoast_head":"<!-- This site is optimized with the Yoast SEO plugin v27.1.1 - https:\/\/yoast.com\/product\/yoast-seo-wordpress\/ -->\n<title>Cont\u00e1ctanos | Fairfax Cryobank<\/title>\n<meta name=\"description\" content=\"Informaci\u00f3n de contacto de Fairfax Cryobank\" \/>\n<meta name=\"robots\" content=\"index, follow, max-snippet:-1, max-image-preview:large, max-video-preview:-1\" \/>\n<link rel=\"canonical\" href=\"https:\/\/fairfaxcryobank.com\/es\/contactanos\" \/>\n<meta property=\"og:locale\" content=\"es_ES\" \/>\n<meta property=\"og:type\" content=\"article\" \/>\n<meta property=\"og:title\" content=\"Cont\u00e1ctanos | Fairfax Cryobank\" \/>\n<meta property=\"og:description\" content=\"Informaci\u00f3n de contacto de Fairfax Cryobank\" \/>\n<meta property=\"og:url\" content=\"https:\/\/fairfaxcryobank.com\/es\/contactanos\" \/>\n<meta property=\"og:site_name\" content=\"Fairfax Cryobank - Find a Sperm Donor\" \/>\n<meta property=\"article:publisher\" content=\"https:\/\/www.facebook.com\/fairfax.cryobank\" \/>\n<meta property=\"article:modified_time\" content=\"2024-05-15T18:39:49+00:00\" \/>\n<meta name=\"twitter:card\" content=\"summary_large_image\" \/>\n<meta name=\"twitter:site\" content=\"@FairfaxCryobank\" \/>\n<meta name=\"twitter:label1\" content=\"Tiempo de lectura\" \/>\n\t<meta name=\"twitter:data1\" content=\"2 minutos\" \/>\n<script type=\"application\/ld+json\" class=\"yoast-schema-graph\">{\"@context\":\"https:\/\/schema.org\",\"@graph\":[{\"@type\":\"WebPage\",\"@id\":\"https:\/\/fairfaxcryobank.com\/es\/contactanos\",\"url\":\"https:\/\/fairfaxcryobank.com\/es\/contactanos\",\"name\":\"Cont\u00e1ctanos | Fairfax Cryobank\",\"isPartOf\":{\"@id\":\"https:\/\/fairfaxcryobank.com\/es#website\"},\"datePublished\":\"2019-09-23T11:41:52+00:00\",\"dateModified\":\"2024-05-15T18:39:49+00:00\",\"description\":\"Informaci\u00f3n de contacto de Fairfax Cryobank\",\"breadcrumb\":{\"@id\":\"https:\/\/fairfaxcryobank.com\/es\/contactanos#breadcrumb\"},\"inLanguage\":\"es\",\"potentialAction\":[{\"@type\":\"ReadAction\",\"target\":[\"https:\/\/fairfaxcryobank.com\/es\/contactanos\"]}]},{\"@type\":\"BreadcrumbList\",\"@id\":\"https:\/\/fairfaxcryobank.com\/es\/contactanos#breadcrumb\",\"itemListElement\":[{\"@type\":\"ListItem\",\"position\":1,\"name\":\"Home\",\"item\":\"https:\/\/fairfaxcryobank.com\/es\"},{\"@type\":\"ListItem\",\"position\":2,\"name\":\"Cont\u00e1ctanos\"}]},{\"@type\":\"WebSite\",\"@id\":\"https:\/\/fairfaxcryobank.com\/es#website\",\"url\":\"https:\/\/fairfaxcryobank.com\/es\",\"name\":\"Fairfax Cryobank - Find a Sperm Donor\",\"description\":\"Top-Tier Sperm Bank\",\"publisher\":{\"@id\":\"https:\/\/fairfaxcryobank.com\/es#organization\"},\"potentialAction\":[{\"@type\":\"SearchAction\",\"target\":{\"@type\":\"EntryPoint\",\"urlTemplate\":\"https:\/\/fairfaxcryobank.com\/es?s={search_term_string}\"},\"query-input\":{\"@type\":\"PropertyValueSpecification\",\"valueRequired\":true,\"valueName\":\"search_term_string\"}}],\"inLanguage\":\"es\"},{\"@type\":\"Organization\",\"@id\":\"https:\/\/fairfaxcryobank.com\/es#organization\",\"name\":\"Fairfax Cryobank\",\"url\":\"https:\/\/fairfaxcryobank.com\/es\",\"logo\":{\"@type\":\"ImageObject\",\"inLanguage\":\"es\",\"@id\":\"https:\/\/fairfaxcryobank.com\/es#\/schema\/logo\/image\/\",\"url\":\"https:\/\/fairfaxcryobank.com\/wp-content\/uploads\/logo.webp\",\"contentUrl\":\"https:\/\/fairfaxcryobank.com\/wp-content\/uploads\/logo.webp\",\"width\":1,\"height\":1,\"caption\":\"Fairfax Cryobank\"},\"image\":{\"@id\":\"https:\/\/fairfaxcryobank.com\/es#\/schema\/logo\/image\/\"},\"sameAs\":[\"https:\/\/www.facebook.com\/fairfax.cryobank\",\"https:\/\/x.com\/FairfaxCryobank\",\"https:\/\/www.instagram.com\/fairfaxcryobank\/\",\"https:\/\/www.pinterest.com\/fairfaxcryo\/\"]}]}<\/script>\n<!-- \/ Yoast SEO plugin. -->","yoast_head_json":{"title":"Cont\u00e1ctanos | Fairfax Cryobank","description":"Informaci\u00f3n de contacto de Fairfax Cryobank","robots":{"index":"index","follow":"follow","max-snippet":"max-snippet:-1","max-image-preview":"max-image-preview:large","max-video-preview":"max-video-preview:-1"},"canonical":"https:\/\/fairfaxcryobank.com\/es\/contactanos","og_locale":"es_ES","og_type":"article","og_title":"Cont\u00e1ctanos | Fairfax Cryobank","og_description":"Informaci\u00f3n de contacto de Fairfax Cryobank","og_url":"https:\/\/fairfaxcryobank.com\/es\/contactanos","og_site_name":"Fairfax Cryobank - Find a Sperm Donor","article_publisher":"https:\/\/www.facebook.com\/fairfax.cryobank","article_modified_time":"2024-05-15T18:39:49+00:00","twitter_card":"summary_large_image","twitter_site":"@FairfaxCryobank","twitter_misc":{"Tiempo de lectura":"2 minutos"},"schema":{"@context":"https:\/\/schema.org","@graph":[{"@type":"WebPage","@id":"https:\/\/fairfaxcryobank.com\/es\/contactanos","url":"https:\/\/fairfaxcryobank.com\/es\/contactanos","name":"Cont\u00e1ctanos | Fairfax Cryobank","isPartOf":{"@id":"https:\/\/fairfaxcryobank.com\/es#website"},"datePublished":"2019-09-23T11:41:52+00:00","dateModified":"2024-05-15T18:39:49+00:00","description":"Informaci\u00f3n de contacto de Fairfax Cryobank","breadcrumb":{"@id":"https:\/\/fairfaxcryobank.com\/es\/contactanos#breadcrumb"},"inLanguage":"es","potentialAction":[{"@type":"ReadAction","target":["https:\/\/fairfaxcryobank.com\/es\/contactanos"]}]},{"@type":"BreadcrumbList","@id":"https:\/\/fairfaxcryobank.com\/es\/contactanos#breadcrumb","itemListElement":[{"@type":"ListItem","position":1,"name":"Home","item":"https:\/\/fairfaxcryobank.com\/es"},{"@type":"ListItem","position":2,"name":"Cont\u00e1ctanos"}]},{"@type":"WebSite","@id":"https:\/\/fairfaxcryobank.com\/es#website","url":"https:\/\/fairfaxcryobank.com\/es","name":"Fairfax Cryobank - Find a Sperm Donor","description":"Top-Tier Sperm Bank","publisher":{"@id":"https:\/\/fairfaxcryobank.com\/es#organization"},"potentialAction":[{"@type":"SearchAction","target":{"@type":"EntryPoint","urlTemplate":"https:\/\/fairfaxcryobank.com\/es?s={search_term_string}"},"query-input":{"@type":"PropertyValueSpecification","valueRequired":true,"valueName":"search_term_string"}}],"inLanguage":"es"},{"@type":"Organization","@id":"https:\/\/fairfaxcryobank.com\/es#organization","name":"Fairfax Cryobank","url":"https:\/\/fairfaxcryobank.com\/es","logo":{"@type":"ImageObject","inLanguage":"es","@id":"https:\/\/fairfaxcryobank.com\/es#\/schema\/logo\/image\/","url":"https:\/\/fairfaxcryobank.com\/wp-content\/uploads\/logo.webp","contentUrl":"https:\/\/fairfaxcryobank.com\/wp-content\/uploads\/logo.webp","width":1,"height":1,"caption":"Fairfax Cryobank"},"image":{"@id":"https:\/\/fairfaxcryobank.com\/es#\/schema\/logo\/image\/"},"sameAs":["https:\/\/www.facebook.com\/fairfax.cryobank","https:\/\/x.com\/FairfaxCryobank","https:\/\/www.instagram.com\/fairfaxcryobank\/","https:\/\/www.pinterest.com\/fairfaxcryo\/"]}]}},"post_mailing_queue_ids":[],"_links":{"self":[{"href":"https:\/\/fairfaxcryobank.com\/es\/wp-json\/wp\/v2\/pages\/2475","targetHints":{"allow":["GET"]}}],"collection":[{"href":"https:\/\/fairfaxcryobank.com\/es\/wp-json\/wp\/v2\/pages"}],"about":[{"href":"https:\/\/fairfaxcryobank.com\/es\/wp-json\/wp\/v2\/types\/page"}],"author":[{"embeddable":true,"href":"https:\/\/fairfaxcryobank.com\/es\/wp-json\/wp\/v2\/users\/1"}],"replies":[{"embeddable":true,"href":"https:\/\/fairfaxcryobank.com\/es\/wp-json\/wp\/v2\/comments?post=2475"}],"version-history":[{"count":3,"href":"https:\/\/fairfaxcryobank.com\/es\/wp-json\/wp\/v2\/pages\/2475\/revisions"}],"predecessor-version":[{"id":29294,"href":"https:\/\/fairfaxcryobank.com\/es\/wp-json\/wp\/v2\/pages\/2475\/revisions\/29294"}],"wp:attachment":[{"href":"https:\/\/fairfaxcryobank.com\/es\/wp-json\/wp\/v2\/media?parent=2475"}],"curies":[{"name":"wp","href":"https:\/\/api.w.org\/{rel}","templated":true}]}}