{"id":3442,"date":"2019-10-03T12:45:44","date_gmt":"2019-10-03T12:45:44","guid":{"rendered":"https:\/\/fairfaxcryobank.com\/?page_id=3442"},"modified":"2026-03-02T05:22:21","modified_gmt":"2026-03-02T10:22:21","slug":"comparacion-de-esperma-bank","status":"publish","type":"page","link":"https:\/\/fairfaxcryobank.com\/es\/comparacion-de-esperma-bank","title":{"rendered":"Comparaci\u00f3n de esperma bank"},"content":{"rendered":"\n<h2 class=\"wp-block-heading\"><strong>Compare bancos de esperma y aprenda lo que diferencia a Fairfax Cryobank<\/strong><\/h2>\n\n\n\n<p>La familia es lo m\u00e1s importante: eso es algo en lo que todos podemos\nestar de acuerdo.<\/p>\n\n\n\n<p>Buscar los mejores bancos de donantes de esperma es fundamental. Despu\u00e9s\nde todo, lo que est\u00e1 en juego es lo m\u00e1s importante. Es por eso, que el equipo\nde Fairfax Cryobank ha ido m\u00e1s all\u00e1 para traer a miles de familias estadounidenses\nlo \u00faltimo en innovaci\u00f3n de la industria, todo aquello con un toque sensible y\npersonalizado.<\/p>\n\n\n\n<p>Cuando usted comienza a comparar los bancos de esperma, puede encontrar\nque algunos carecen de la experiencia cient\u00edfica, otros la dedicaci\u00f3n a la\natenci\u00f3n, la comodidad, y la satisfacci\u00f3n para hacia el cliente. <\/p>\n\n\n\n<p>Durante las \u00faltimas tres d\u00e9cadas, hemos proporcionado tecnolog\u00eda de\nvanguardia para dar tranquilidad a nuestros clientes. Hemos desarrollado el\nproceso de evaluacion m\u00e1s riguroso que cualquiera de los mejores bancos de\ndonantes del pa\u00eds. Tambi\u00e9n, hemos creado m\u00e9todos divertidos e interactivos para\ndescubrir donantes los cuales califican a todas nuestras expectativas: en cuanto\na la salud, la personalidad e incluso en apariencia.<\/p>\n\n\n\n<p>Pero lo m\u00e1s importante es que hemos hecho posible la familia.<\/p>\n\n\n\n<hr class=\"wp-block-separator has-css-opacity\"\/>\n\n\n\n<h3 class=\"wp-block-heading\">Comparaci\u00f3n de esperma bank<\/h3>\n\n\n\n<p>Esperamos que utilice la siguiente tabla para comparar los bancos de\nesperma y obtener una mejor comprensi\u00f3n de lo que realmente nos diferencia.<\/p>\n\n\n\n<p><em>\u00faltima actualizaci\u00f3n: enero de 2016<\/em><\/p>\n\n\n<table id=\"fixed-table\" class=\"ns-table-03\" style=\"width: 979px; height: 883px; border=1px solid black ; cellpadding: 15px; margin: 5px auto 0;\">\n<tbody>\n<tr id=\"fixed-tr\">\n<td>\u00a0<\/td>\n<td style=\"background-color: #f3f3f3; vertical-align: middle; text-align: center; height: 50px; font-size: 13px; font-weight: 600; border-right: 2px solid #fff;\"><img decoding=\"async\" src=\"\/wp-content\/uploads\/tablelogo.png\" alt=\"tablelogo\" \/><\/td>\n<td style=\"font-size: 13px; font-weight: 600; background-color: #f3f3f3; vertical-align: middle; text-align: center; height: 50px; border-right: 2px solid #fff;\">Banco de esperma 2<\/td>\n<td style=\"font-size: 13px; font-weight: 600; background-color: #f3f3f3; vertical-align: middle; text-align: center; height: 50px;\">Banco de esperma 3<\/td>\n<\/tr>\n<tr style=\"border: none; background-color: #167f9e; height: 50px; line-height: 50px;\">\n<td><span style=\"color: #ffffff; font-family: Open Sans; font-weight: 500; font-size: 18px; margin-left: 20px;\">Informaci\u00f3n general<\/span><\/td>\n<td>\u00a0<\/td>\n<td>\u00a0<\/td>\n<td>\u00a0<\/td>\n<\/tr>\n<tr>\n<td class=\"border-for-tablev\">Una persona responde a cada llamada<\/td>\n<td class=\"second-column\">\u00a0<\/td>\n<td class=\"blank-space\">\u00a0<\/td>\n<td class=\"bank3-column\">\u00a0<\/td>\n<\/tr>\n<tr>\n<td class=\"border-for-tablev\">Horario Sabatino<\/td>\n<td class=\"second-column\">\u00a0<\/td>\n<td class=\"bank2-column\">\u00a0<\/td>\n<td class=\"blank-space\">\u00a0<\/td>\n<\/tr>\n<tr>\n<td class=\"border-for-tablev\">Enviar a casa o al consultorio del m\u00e9dico<\/td>\n<td class=\"second-column\">\u00a0<\/td>\n<td class=\"bank2-column\">\u00a0<\/td>\n<td class=\"bank3-column\">\u00a0<\/td>\n<\/tr>\n<tr>\n<td class=\"border-for-tablev\">Pedidos realizados y enviados el mismo d\u00eda<\/td>\n<td class=\"blank-space-left\" style=\"vertical-align: middle; text-align: center;\">Free<\/td>\n<td class=\"blank-space\" style=\"vertical-align: middle; text-align: center;\">$60<\/td>\n<td class=\"blank-space\" style=\"vertical-align: middle; text-align: center;\">$60<\/td>\n<\/tr>\n<tr>\n<td class=\"border-for-tablev\">Costo para recoger viales en nuestros laboratorios locales<\/td>\n<td class=\"blank-space-left\" style=\"vertical-align: middle; text-align: center;\">Free<\/td>\n<td class=\"blank-space\" style=\"vertical-align: middle; text-align: center;\">$75<\/td>\n<td class=\"blank-space\" style=\"vertical-align: middle; text-align: center;\">$75-150<\/td>\n<\/tr>\n<tr>\n<td class=\"border-for-tablev\">Consejeros Gen\u00e9ticos Dedicados Tiempo Completo<\/td>\n<td class=\"second-column\">\u00a0<\/td>\n<td class=\"bank2-column\">\u00a0<\/td>\n<td class=\"blank-space\">\u00a0<\/td>\n<\/tr>\n<tr>\n<td class=\"border-for-tablev\">Educaci\u00f3n de nivel de posgrado sin precios m\u00e1s altos<\/td>\n<td class=\"second-column\">\u00a0<\/td>\n<td class=\"bank2-column\">\u00a0<\/td>\n<td class=\"bank3-column\">\u00a0<\/td>\n<\/tr>\n<tr>\n<td class=\"border-for-tablev\">Viales ART disponibles<\/td>\n<td class=\"second-column\">\u00a0<\/td>\n<td class=\"blank-space\">\u00a0<\/td>\n<td class=\"bank3-column\">\u00a0<\/td>\n<\/tr>\n<tr>\n<td class=\"border-for-tablev\">Instant online access to Acceso instant\u00e1neo en l\u00ednea para Verificar el Estado m\u00e9dico del Donante<\/td>\n<td class=\"second-column\">\u00a0<\/td>\n<td class=\"blank-space\">\u00a0<\/td>\n<td class=\"blank-space\">\u00a0<\/td>\n<\/tr>\n<tr>\n<td class=\"border-for-tablev\">Actualizaciones Medicas y Personales Anuales de Donantes Publicadas en el Resumen de Perfil Gratuito.<\/td>\n<td class=\"second-column\">\u00a0<\/td>\n<td class=\"blank-space\">\u00a0<\/td>\n<td class=\"blank-space\">\u00a0<\/td>\n<\/tr>\n<tr>\n<td class=\"border-for-tablev\">Vial Buy-Back (Cualquier unidad comprada en cualquier momento es elegible para un reembolso parcial, siempre y cuando no haya salido de nuestras instalaciones)<\/td>\n<td class=\"second-column\">\u00a0<\/td>\n<td class=\"blank-space\">\u00a0<\/td>\n<td class=\"blank-space\">\u00a0<\/td>\n<\/tr>\n<tr>\n<td class=\"border-for-tablev\">Almacenamiento gratuito de 2 a\u00f1os con compra de m\u00e1s de 8 viales ($670 valor)<\/td>\n<td class=\"second-column\">\u00a0<\/td>\n<td class=\"blank-space\">\u00a0<\/td>\n<td class=\"blank-space\">\u00a0<\/td>\n<\/tr>\n<tr>\n<td class=\"border-for-tablev\">Informaci\u00f3n de rastreo de FedEx<\/td>\n<td class=\"second-column\">\u00a0<\/td>\n<td class=\"bank2-column\">\u00a0<\/td>\n<td class=\"bank3-column\">\u00a0<\/td>\n<\/tr>\n<tr>\n<td class=\"border-for-tablev\">Facturas por correo electr\u00f3nico<\/td>\n<td class=\"second-column\">\u00a0<\/td>\n<td class=\"bank2-column\">\u00a0<\/td>\n<td class=\"bank3-column\">\u00a0<\/td>\n<\/tr>\n<tr>\n<td class=\"border-for-tablev\">Opciones de Financiamiento Disponibles<\/td>\n<td class=\"second-column\">\u00a0<\/td>\n<td class=\"blank-space\">\u00a0<\/td>\n<td class=\"blank-space\">\u00a0<\/td>\n<\/tr>\n<tr>\n<td class=\"border-for-tablev\">Foro en l\u00ednea \/ Registro de hermanos(as)<\/td>\n<td class=\"second-column\">\u00a0<\/td>\n<td class=\"bank2-column\">\u00a0<\/td>\n<td class=\"bank3-column\">\u00a0<\/td>\n<\/tr>\n<tr style=\"border: none; background-color: #167f9e; height: 50px; line-height: 50px;\">\n<td><span style=\"color: #ffffff; font-family: Open Sans; font-weight: 500; font-size: 18px; margin-left: 20px;\">Servicios de Selecci\u00f3n de Donantes<\/span><\/td>\n<td>\u00a0<\/td>\n<td>\u00a0<\/td>\n<td>\u00a0<\/td>\n<\/tr>\n<tr>\n<td class=\"border-for-tablev\">Resumen gratuito del donante, ensayo, impresi\u00f3n del personal, perfil m\u00e9dico y clip de audio (otros bancos ofrecen algunos de estos sin costo alguno, pero ofrecemos todo gratis.)<\/td>\n<td class=\"second-column\">\u00a0<\/td>\n<td class=\"blank-space\">\u00a0<\/td>\n<td class=\"blank-space\">\u00a0<\/td>\n<\/tr>\n<tr>\n<td class=\"border-for-tablev\">Chat en l\u00ednea disponible<\/td>\n<td class=\"second-column\">\u00a0<\/td>\n<td class=\"blank-space\">\u00a0<\/td>\n<td class=\"bank3-column\">\u00a0<\/td>\n<\/tr>\n<tr>\n<td class=\"border-for-tablev\">Siluetas de perfil del donante<\/td>\n<td class=\"second-column\">\u00a0<\/td>\n<td class=\"blank-space\">\u00a0<\/td>\n<td class=\"blank-space\">\u00a0<\/td>\n<\/tr>\n<tr>\n<td class=\"border-for-tablev\">Asesoramiento de Selecci\u00f3n de Donantes por debajo de $75D<\/td>\n<td class=\"second-column\">\u00a0<\/td>\n<td class=\"blank-space\">\u00a0<\/td>\n<td class=\"blank-space\">\u00a0<\/td>\n<\/tr>\n<tr>\n<td class=\"border-for-tablev\">Donantes con fotos de infancia: &gt;99%<\/td>\n<td class=\"second-column\">\u00a0<\/td>\n<td class=\"blank-space\">\u00a0<\/td>\n<td class=\"blank-space\">\u00a0<\/td>\n<\/tr>\n<tr>\n<td class=\"border-for-tablev\">Donante Adulto (A lo largo de su vida) Foto<\/td>\n<td class=\"second-column\">\u00a0<\/td>\n<td class=\"blank-space\">\u00a0<\/td>\n<td class=\"bank3-column\">\u00a0<\/td>\n<\/tr>\n<tr>\n<td class=\"border-for-tablev\">Entrevista Auditiva de Donante<\/td>\n<td class=\"second-column\">\u00a0<\/td>\n<td class=\"bank2-column\">\u00a0<\/td>\n<td class=\"bank3-column\">\u00a0<\/td>\n<\/tr>\n<tr>\n<td class=\"border-for-tablev\">Clip de Audio es Gratis en todos los Donantes<\/td>\n<td class=\"second-column\">\u00a0<\/td>\n<td class=\"blank-space\">\u00a0<\/td>\n<td class=\"blank-space\">\u00a0<\/td>\n<\/tr>\n<tr style=\"background-color: #167f9e; height: 50px; line-height: 50px;\">\n<td><span style=\"color: #ffffff; font-family: Open Sans; font-weight: 500; font-size: 18px; margin-left: 20px;\">Evaluaciones de detecci\u00f3n de donantes (enero de 2016)<\/span><\/td>\n<td>\u00a0<\/td>\n<td>\u00a0<\/td>\n<td>\u00a0<\/td>\n<\/tr>\n<tr>\n<td class=\"border-for-tablev\">Realiza todas las pruebas requeridas por FDA de los donantes<\/td>\n<td class=\"second-column\">\u00a0<\/td>\n<td class=\"bank2-column\">\u00a0<\/td>\n<td class=\"bank3-column\">\u00a0<\/td>\n<\/tr>\n<tr>\n<td class=\"border-for-tablev\">An\u00e1lisis de cromosomas en todos los donantes disponibles<\/td>\n<td class=\"second-column\">\u00a0<\/td>\n<td class=\"blank-space\">\u00a0<\/td>\n<td class=\"bank3-column\">\u00a0<\/td>\n<\/tr>\n<tr>\n<td class=\"border-for-tablev\">Examen de Fibrosis Qu\u00edstica en todos los donantes disponibles<\/td>\n<td class=\"second-column\">\u00a0<\/td>\n<td class=\"bank2-column\">\u00a0<\/td>\n<td class=\"bank3-column\">\u00a0<\/td>\n<\/tr>\n<tr>\n<td class=\"border-for-tablev\">Examen de Atrofia Muscular Espinal (SMA) (Fairfax Cryobank inici\u00f3 pruebas en todos los nuevos donantes 6\/2008)<\/td>\n<td class=\"second-column\">\u00a0<\/td>\n<td class=\"bank2-column\">\u00a0<\/td>\n<td class=\"bank3-column\">\u00a0<\/td>\n<\/tr>\n<tr>\n<td class=\"border-for-tablev\">Donantes jud\u00edos: Donantes actuales son evaluados para panel de Enfermedades Jud\u00edas<\/td>\n<td class=\"second-column\">\u00a0<\/td>\n<td class=\"bank2-column\">\u00a0<\/td>\n<td class=\"bank3-column\">\u00a0<\/td>\n<\/tr>\n<tr>\n<td class=\"border-for-tablev\">Evaluaciones de donantes irlandeses para la enfermedad de Tay Sachs por an\u00e1lisis de enzimas<\/td>\n<td class=\"second-column\">\u00a0<\/td>\n<td class=\"blank-space\">\u00a0<\/td>\n<td class=\"blank-space\">\u00a0<\/td>\n<\/tr>\n<tr>\n<td class=\"border-for-tablev\">NAT del Virus del Papiloma Humano (VPH) por PCR* en Semen. Cepas 16 y 18 que se sabe que causan c\u00e1ncer de cuello uterino<\/td>\n<td class=\"second-column\">\u00a0<\/td>\n<td class=\"blank-space\">\u00a0<\/td>\n<td class=\"blank-space\">\u00a0<\/td>\n<\/tr>\n<tr>\n<td class=\"border-for-tablev\">Virus del Herpes Simple 1 y 2 (HSV) NAT por PCR*<\/td>\n<td class=\"second-column\">\u00a0<\/td>\n<td class=\"blank-space\">\u00a0<\/td>\n<td class=\"blank-space\">\u00a0<\/td>\n<\/tr>\n<tr>\n<td class=\"border-for-tablev\">VIH 2 NAT por PCR*<\/td>\n<td class=\"second-column\">\u00a0<\/td>\n<td class=\"blank-space\">\u00a0<\/td>\n<td class=\"blank-space\">\u00a0<\/td>\n<\/tr>\n<tr>\n<td class=\"border-for-tablev\">HTLV 1 y 2 NAT por PCR*<\/td>\n<td class=\"second-column\">\u00a0<\/td>\n<td class=\"blank-space\">\u00a0<\/td>\n<td class=\"blank-space\">\u00a0<\/td>\n<\/tr>\n<tr>\n<td class=\"border-for-tablev bb-none\">Cytomegalovirus (CMV) NAT por PCR* <a href=\"https:\/\/fairfaxcryobank.com\/es\/cmv\" target=\"_blank\" rel=\"noreferrer noopener\">Cytomegalovirus (CMV)<\/a> NAT by PCR*<\/td>\n<td class=\"second-column bb-none\">\u00a0<\/td>\n<td class=\"blank-space bb-none\">\u00a0<\/td>\n<td class=\"blank-space bb-none\">\u00a0<\/td>\n<\/tr>\n<\/tbody>\n<\/table>","protected":false},"excerpt":{"rendered":"<p>Compare bancos de esperma y aprenda lo que diferencia a Fairfax Cryobank La familia es lo m\u00e1s importante: eso es algo en lo que todos podemos estar de acuerdo. Buscar los mejores bancos de donantes de esperma es fundamental. Despu\u00e9s de todo, lo que est\u00e1 en juego es lo m\u00e1s &#8230;<\/p>\n","protected":false},"author":1,"featured_media":0,"parent":0,"menu_order":0,"comment_status":"closed","ping_status":"closed","template":"page-wide.php","meta":{"footnotes":""},"class_list":["post-3442","page","type-page","status-publish","hentry"],"yoast_head":"<!-- This site is optimized with the Yoast SEO plugin v27.1.1 - https:\/\/yoast.com\/product\/yoast-seo-wordpress\/ -->\n<title>Comparaci\u00f3n de esperma bank | Fairfax Cryobank<\/title>\n<meta name=\"description\" content=\"Esperamos que utilice la siguiente tabla para comparar los bancos de esperma y obtener una mejor comprensi\u00f3n de lo que realmente nos diferencia.\" \/>\n<meta name=\"robots\" content=\"index, follow, max-snippet:-1, max-image-preview:large, max-video-preview:-1\" \/>\n<link rel=\"canonical\" href=\"https:\/\/fairfaxcryobank.com\/es\/comparacion-de-esperma-bank\" \/>\n<meta property=\"og:locale\" content=\"es_ES\" \/>\n<meta property=\"og:type\" content=\"article\" \/>\n<meta property=\"og:title\" content=\"Comparaci\u00f3n de esperma bank | Fairfax Cryobank\" \/>\n<meta property=\"og:description\" content=\"Esperamos que utilice la siguiente tabla para comparar los bancos de esperma y obtener una mejor comprensi\u00f3n de lo que realmente nos diferencia.\" \/>\n<meta property=\"og:url\" content=\"https:\/\/fairfaxcryobank.com\/es\/comparacion-de-esperma-bank\" \/>\n<meta property=\"og:site_name\" content=\"Fairfax Cryobank - Find a Sperm Donor\" \/>\n<meta property=\"article:publisher\" content=\"https:\/\/www.facebook.com\/fairfax.cryobank\" \/>\n<meta property=\"article:modified_time\" content=\"2026-03-02T10:22:21+00:00\" \/>\n<meta name=\"twitter:card\" content=\"summary_large_image\" \/>\n<meta name=\"twitter:site\" content=\"@FairfaxCryobank\" \/>\n<meta name=\"twitter:label1\" content=\"Tiempo de lectura\" \/>\n\t<meta name=\"twitter:data1\" content=\"3 minutos\" \/>\n<script type=\"application\/ld+json\" class=\"yoast-schema-graph\">{\"@context\":\"https:\/\/schema.org\",\"@graph\":[{\"@type\":\"WebPage\",\"@id\":\"https:\/\/fairfaxcryobank.com\/es\/comparacion-de-esperma-bank\",\"url\":\"https:\/\/fairfaxcryobank.com\/es\/comparacion-de-esperma-bank\",\"name\":\"Comparaci\u00f3n de esperma bank | Fairfax Cryobank\",\"isPartOf\":{\"@id\":\"https:\/\/fairfaxcryobank.com\/es#website\"},\"datePublished\":\"2019-10-03T12:45:44+00:00\",\"dateModified\":\"2026-03-02T10:22:21+00:00\",\"description\":\"Esperamos que utilice la siguiente tabla para comparar los bancos de esperma y obtener una mejor comprensi\u00f3n de lo que realmente nos diferencia.\",\"breadcrumb\":{\"@id\":\"https:\/\/fairfaxcryobank.com\/es\/comparacion-de-esperma-bank#breadcrumb\"},\"inLanguage\":\"es\",\"potentialAction\":[{\"@type\":\"ReadAction\",\"target\":[\"https:\/\/fairfaxcryobank.com\/es\/comparacion-de-esperma-bank\"]}]},{\"@type\":\"BreadcrumbList\",\"@id\":\"https:\/\/fairfaxcryobank.com\/es\/comparacion-de-esperma-bank#breadcrumb\",\"itemListElement\":[{\"@type\":\"ListItem\",\"position\":1,\"name\":\"Home\",\"item\":\"https:\/\/fairfaxcryobank.com\/es\"},{\"@type\":\"ListItem\",\"position\":2,\"name\":\"Comparaci\u00f3n de esperma bank\"}]},{\"@type\":\"WebSite\",\"@id\":\"https:\/\/fairfaxcryobank.com\/es#website\",\"url\":\"https:\/\/fairfaxcryobank.com\/es\",\"name\":\"Fairfax Cryobank - Find a Sperm Donor\",\"description\":\"Top-Tier Sperm Bank\",\"publisher\":{\"@id\":\"https:\/\/fairfaxcryobank.com\/es#organization\"},\"potentialAction\":[{\"@type\":\"SearchAction\",\"target\":{\"@type\":\"EntryPoint\",\"urlTemplate\":\"https:\/\/fairfaxcryobank.com\/es?s={search_term_string}\"},\"query-input\":{\"@type\":\"PropertyValueSpecification\",\"valueRequired\":true,\"valueName\":\"search_term_string\"}}],\"inLanguage\":\"es\"},{\"@type\":\"Organization\",\"@id\":\"https:\/\/fairfaxcryobank.com\/es#organization\",\"name\":\"Fairfax Cryobank\",\"url\":\"https:\/\/fairfaxcryobank.com\/es\",\"logo\":{\"@type\":\"ImageObject\",\"inLanguage\":\"es\",\"@id\":\"https:\/\/fairfaxcryobank.com\/es#\/schema\/logo\/image\/\",\"url\":\"https:\/\/fairfaxcryobank.com\/wp-content\/uploads\/logo.webp\",\"contentUrl\":\"https:\/\/fairfaxcryobank.com\/wp-content\/uploads\/logo.webp\",\"width\":1,\"height\":1,\"caption\":\"Fairfax Cryobank\"},\"image\":{\"@id\":\"https:\/\/fairfaxcryobank.com\/es#\/schema\/logo\/image\/\"},\"sameAs\":[\"https:\/\/www.facebook.com\/fairfax.cryobank\",\"https:\/\/x.com\/FairfaxCryobank\",\"https:\/\/www.instagram.com\/fairfaxcryobank\/\",\"https:\/\/www.pinterest.com\/fairfaxcryo\/\"]}]}<\/script>\n<!-- \/ Yoast SEO plugin. -->","yoast_head_json":{"title":"Comparaci\u00f3n de esperma bank | Fairfax Cryobank","description":"Esperamos que utilice la siguiente tabla para comparar los bancos de esperma y obtener una mejor comprensi\u00f3n de lo que realmente nos diferencia.","robots":{"index":"index","follow":"follow","max-snippet":"max-snippet:-1","max-image-preview":"max-image-preview:large","max-video-preview":"max-video-preview:-1"},"canonical":"https:\/\/fairfaxcryobank.com\/es\/comparacion-de-esperma-bank","og_locale":"es_ES","og_type":"article","og_title":"Comparaci\u00f3n de esperma bank | Fairfax Cryobank","og_description":"Esperamos que utilice la siguiente tabla para comparar los bancos de esperma y obtener una mejor comprensi\u00f3n de lo que realmente nos diferencia.","og_url":"https:\/\/fairfaxcryobank.com\/es\/comparacion-de-esperma-bank","og_site_name":"Fairfax Cryobank - Find a Sperm Donor","article_publisher":"https:\/\/www.facebook.com\/fairfax.cryobank","article_modified_time":"2026-03-02T10:22:21+00:00","twitter_card":"summary_large_image","twitter_site":"@FairfaxCryobank","twitter_misc":{"Tiempo de lectura":"3 minutos"},"schema":{"@context":"https:\/\/schema.org","@graph":[{"@type":"WebPage","@id":"https:\/\/fairfaxcryobank.com\/es\/comparacion-de-esperma-bank","url":"https:\/\/fairfaxcryobank.com\/es\/comparacion-de-esperma-bank","name":"Comparaci\u00f3n de esperma bank | Fairfax Cryobank","isPartOf":{"@id":"https:\/\/fairfaxcryobank.com\/es#website"},"datePublished":"2019-10-03T12:45:44+00:00","dateModified":"2026-03-02T10:22:21+00:00","description":"Esperamos que utilice la siguiente tabla para comparar los bancos de esperma y obtener una mejor comprensi\u00f3n de lo que realmente nos diferencia.","breadcrumb":{"@id":"https:\/\/fairfaxcryobank.com\/es\/comparacion-de-esperma-bank#breadcrumb"},"inLanguage":"es","potentialAction":[{"@type":"ReadAction","target":["https:\/\/fairfaxcryobank.com\/es\/comparacion-de-esperma-bank"]}]},{"@type":"BreadcrumbList","@id":"https:\/\/fairfaxcryobank.com\/es\/comparacion-de-esperma-bank#breadcrumb","itemListElement":[{"@type":"ListItem","position":1,"name":"Home","item":"https:\/\/fairfaxcryobank.com\/es"},{"@type":"ListItem","position":2,"name":"Comparaci\u00f3n de esperma bank"}]},{"@type":"WebSite","@id":"https:\/\/fairfaxcryobank.com\/es#website","url":"https:\/\/fairfaxcryobank.com\/es","name":"Fairfax Cryobank - Find a Sperm Donor","description":"Top-Tier Sperm Bank","publisher":{"@id":"https:\/\/fairfaxcryobank.com\/es#organization"},"potentialAction":[{"@type":"SearchAction","target":{"@type":"EntryPoint","urlTemplate":"https:\/\/fairfaxcryobank.com\/es?s={search_term_string}"},"query-input":{"@type":"PropertyValueSpecification","valueRequired":true,"valueName":"search_term_string"}}],"inLanguage":"es"},{"@type":"Organization","@id":"https:\/\/fairfaxcryobank.com\/es#organization","name":"Fairfax Cryobank","url":"https:\/\/fairfaxcryobank.com\/es","logo":{"@type":"ImageObject","inLanguage":"es","@id":"https:\/\/fairfaxcryobank.com\/es#\/schema\/logo\/image\/","url":"https:\/\/fairfaxcryobank.com\/wp-content\/uploads\/logo.webp","contentUrl":"https:\/\/fairfaxcryobank.com\/wp-content\/uploads\/logo.webp","width":1,"height":1,"caption":"Fairfax Cryobank"},"image":{"@id":"https:\/\/fairfaxcryobank.com\/es#\/schema\/logo\/image\/"},"sameAs":["https:\/\/www.facebook.com\/fairfax.cryobank","https:\/\/x.com\/FairfaxCryobank","https:\/\/www.instagram.com\/fairfaxcryobank\/","https:\/\/www.pinterest.com\/fairfaxcryo\/"]}]}},"post_mailing_queue_ids":[],"_links":{"self":[{"href":"https:\/\/fairfaxcryobank.com\/es\/wp-json\/wp\/v2\/pages\/3442","targetHints":{"allow":["GET"]}}],"collection":[{"href":"https:\/\/fairfaxcryobank.com\/es\/wp-json\/wp\/v2\/pages"}],"about":[{"href":"https:\/\/fairfaxcryobank.com\/es\/wp-json\/wp\/v2\/types\/page"}],"author":[{"embeddable":true,"href":"https:\/\/fairfaxcryobank.com\/es\/wp-json\/wp\/v2\/users\/1"}],"replies":[{"embeddable":true,"href":"https:\/\/fairfaxcryobank.com\/es\/wp-json\/wp\/v2\/comments?post=3442"}],"version-history":[{"count":2,"href":"https:\/\/fairfaxcryobank.com\/es\/wp-json\/wp\/v2\/pages\/3442\/revisions"}],"predecessor-version":[{"id":38103,"href":"https:\/\/fairfaxcryobank.com\/es\/wp-json\/wp\/v2\/pages\/3442\/revisions\/38103"}],"wp:attachment":[{"href":"https:\/\/fairfaxcryobank.com\/es\/wp-json\/wp\/v2\/media?parent=3442"}],"curies":[{"name":"wp","href":"https:\/\/api.w.org\/{rel}","templated":true}]}}