{"id":4097,"date":"2015-05-18T11:59:55","date_gmt":"2015-05-18T11:59:55","guid":{"rendered":"https:\/\/fairfaxcryobank.com\/genetic-faqs\/"},"modified":"2019-11-15T22:13:58","modified_gmt":"2019-11-15T22:13:58","slug":"enfermedades-infecciosas","status":"publish","type":"page","link":"https:\/\/fairfaxcryobank.com\/es\/enfermedades-infecciosas","title":{"rendered":"Pruebas De Enfermedades Infecciosas Para Los Donantes"},"content":{"rendered":"\n<p>Selecciones iluminadas indican que&nbsp; EL Crio Banco de Fairfax es&nbsp; el \u00fanico banco de esperma&nbsp; que efectuamos varios m\u00e9todos extensiva de pruebas sensibles metodolog\u00eda (NAT por PCR).<\/p>\n\n\n\n<table class=\"wp-block-table is-style-stripes\"><tbody><tr><td><strong>Todos Los Donantes<\/strong><\/td><td><strong>Pruebas Serol\u00f3gica<\/strong><\/td><\/tr><tr><td>An\u00e1lisis Cromos\u00f3mico ( cariotipo )<\/td><td>Anticuerpos contra el VIH &#8211; 1 y VIH- 2<\/td><\/tr><tr><td>Fibrosis Qu\u00edstica ( 86+ mutaciones )<\/td><td>Hepatitis B ant\u00edgeno de superficie y el anticuerpo n\u00facleo<\/td><\/tr><tr><td>Electroforesis de Hemoglobina<\/td><td>Anticuerpo de la Hepatitis C<\/td><\/tr><tr><td>Atrofia Muscular Espinal (AME ) &nbsp;Des del a\u00f1o &nbsp;2008<\/td><td>El Citomegalovirus ( CMV) anticuerpo<\/td><\/tr><tr><td><strong>Donante de Ascendencia Jud\u00eda Asquenaz\u00ed<\/strong><\/td><td>El S\u00edfilis ( RPR)<\/td><\/tr><tr><td>La enfermedad de Tay Sachs<\/td><td>HTLV- I y II Anticuerpo<\/td><\/tr><tr><td>La enfermedad de Canavan<\/td><td><strong>Polimerasa Reacci\u00f3n Cadena (PCP)<\/strong><\/td><\/tr><tr><td>La enfermedad de Gaucher<\/td><td>PRUEBAS NAT<\/td><\/tr><tr><td>Anemia de Fanconi Tipo -C<\/td><td>VIH 1<\/td><\/tr><tr><td>Tipo de Niemann-Pick A<\/td><td>VIH 2<\/td><\/tr><tr><td>Disautonom\u00eda familiar<\/td><td>HTLV I &amp; II<\/td><\/tr><tr><td>S\u00edndrome de Bloom<\/td><td>VHC<\/td><\/tr><tr><td>Muccolipidosis Tipo IV<\/td><td>Chlamydia<\/td><\/tr><tr><td>ABCC 8 Relacionada Hiperinsulinismo<\/td><td>Gonococo<\/td><\/tr><tr><td>Enfermedad por almacenamiento de gluc\u00f3geno 1A<\/td><td>Citomegalovirus<\/td><\/tr><tr><td>Lipoamida deshidrogenasa deficiencia<\/td><td>Herpes simplex virus 1 y 2 (HSV )<\/td><\/tr><tr><td>La orina de jarabe de arce Enfermedad 1 B<\/td><td>El virus del papiloma humano (VPH )<\/td><\/tr><tr><td>S\u00edndrome de Usher Tipo 1F y Tipo 3<\/td><\/tr><tr><td><strong>Donantes de Ascendencia Canadiense&nbsp; Franc\u00e9s<\/strong><br><\/td><\/tr><tr><td>La enfermedad de Tay Sachs<\/td><\/tr><tr><td><strong>Donantes de&nbsp;Ascendencia Irlandesa<\/strong><\/td><\/tr><tr><td>La enfermedad de Tay Sachs &nbsp;Des de &nbsp;06\/2008<\/td><\/tr><tr><td><strong>Donante de Oriente Medio o Ascendencia Mediterr\u00e1nea<\/strong><\/td><\/tr><tr><td>Enfermedad de c\u00e9lulas falciformes y otras hemoglobinopat\u00edas<\/td><\/tr><\/tbody><\/table>\n\n\n\n<p><em>Todas las pruebas de enfermedades infecciosas se repite cada 6 meses, &nbsp;y todos los donantes se someten a una&nbsp;<strong><em>f\u00edsica<\/em><\/strong>&nbsp;extensa.<\/em><br><\/p>\n\n\n\n<p><br><\/p>\n","protected":false},"excerpt":{"rendered":"<p>Selecciones iluminadas indican que&nbsp; EL Crio Banco de Fairfax es&nbsp; el \u00fanico banco de esperma&nbsp; que efectuamos varios m\u00e9todos extensiva de pruebas sensibles metodolog\u00eda (NAT por PCR). Todos Los Donantes Pruebas Serol\u00f3gica An\u00e1lisis Cromos\u00f3mico ( cariotipo ) Anticuerpos contra el VIH &#8211; 1 y VIH- 2 Fibrosis Qu\u00edstica ( 86+ &#8230;<\/p>\n","protected":false},"author":1,"featured_media":0,"parent":0,"menu_order":0,"comment_status":"closed","ping_status":"closed","template":"","meta":{"footnotes":""},"class_list":["post-4097","page","type-page","status-publish","hentry"],"yoast_head":"<!-- This site is optimized with the Yoast SEO plugin v27.1.1 - https:\/\/yoast.com\/product\/yoast-seo-wordpress\/ -->\n<title>Pruebas De Enfermedades Infecciosas Para Los Donantes | Fairfax Cryobank<\/title>\n<meta name=\"description\" content=\"Selecciones iluminadas indican que&nbsp; EL Crio Banco de Fairfax es&nbsp; el \u00fanico banco de esperma&nbsp; que efectuamos varios m\u00e9todos extensiva de\" \/>\n<meta name=\"robots\" content=\"index, follow, max-snippet:-1, max-image-preview:large, max-video-preview:-1\" \/>\n<link rel=\"canonical\" href=\"https:\/\/fairfaxcryobank.com\/es\/enfermedades-infecciosas\" \/>\n<meta property=\"og:locale\" content=\"es_ES\" \/>\n<meta property=\"og:type\" content=\"article\" \/>\n<meta property=\"og:title\" content=\"Pruebas De Enfermedades Infecciosas Para Los Donantes | Fairfax Cryobank\" \/>\n<meta property=\"og:description\" content=\"Selecciones iluminadas indican que&nbsp; EL Crio Banco de Fairfax es&nbsp; el \u00fanico banco de esperma&nbsp; que efectuamos varios m\u00e9todos extensiva de\" \/>\n<meta property=\"og:url\" content=\"https:\/\/fairfaxcryobank.com\/es\/enfermedades-infecciosas\" \/>\n<meta property=\"og:site_name\" content=\"Fairfax Cryobank - Find a Sperm Donor\" \/>\n<meta property=\"article:publisher\" content=\"https:\/\/www.facebook.com\/fairfax.cryobank\" \/>\n<meta property=\"article:modified_time\" content=\"2019-11-15T22:13:58+00:00\" \/>\n<meta name=\"twitter:card\" content=\"summary_large_image\" \/>\n<meta name=\"twitter:site\" content=\"@FairfaxCryobank\" \/>\n<meta name=\"twitter:label1\" content=\"Tiempo de lectura\" \/>\n\t<meta name=\"twitter:data1\" content=\"1 minuto\" \/>\n<script type=\"application\/ld+json\" class=\"yoast-schema-graph\">{\"@context\":\"https:\/\/schema.org\",\"@graph\":[{\"@type\":\"WebPage\",\"@id\":\"https:\/\/fairfaxcryobank.com\/es\/enfermedades-infecciosas\",\"url\":\"https:\/\/fairfaxcryobank.com\/es\/enfermedades-infecciosas\",\"name\":\"Pruebas De Enfermedades Infecciosas Para Los Donantes | Fairfax Cryobank\",\"isPartOf\":{\"@id\":\"https:\/\/fairfaxcryobank.com\/es#website\"},\"datePublished\":\"2015-05-18T11:59:55+00:00\",\"dateModified\":\"2019-11-15T22:13:58+00:00\",\"description\":\"Selecciones iluminadas indican que&nbsp; EL Crio Banco de Fairfax es&nbsp; el \u00fanico banco de esperma&nbsp; que efectuamos varios m\u00e9todos extensiva de\",\"breadcrumb\":{\"@id\":\"https:\/\/fairfaxcryobank.com\/es\/enfermedades-infecciosas#breadcrumb\"},\"inLanguage\":\"es\",\"potentialAction\":[{\"@type\":\"ReadAction\",\"target\":[\"https:\/\/fairfaxcryobank.com\/es\/enfermedades-infecciosas\"]}]},{\"@type\":\"BreadcrumbList\",\"@id\":\"https:\/\/fairfaxcryobank.com\/es\/enfermedades-infecciosas#breadcrumb\",\"itemListElement\":[{\"@type\":\"ListItem\",\"position\":1,\"name\":\"Home\",\"item\":\"https:\/\/fairfaxcryobank.com\/es\"},{\"@type\":\"ListItem\",\"position\":2,\"name\":\"Pruebas De Enfermedades Infecciosas Para Los Donantes\"}]},{\"@type\":\"WebSite\",\"@id\":\"https:\/\/fairfaxcryobank.com\/es#website\",\"url\":\"https:\/\/fairfaxcryobank.com\/es\",\"name\":\"Fairfax Cryobank - Find a Sperm Donor\",\"description\":\"Top-Tier Sperm Bank\",\"publisher\":{\"@id\":\"https:\/\/fairfaxcryobank.com\/es#organization\"},\"potentialAction\":[{\"@type\":\"SearchAction\",\"target\":{\"@type\":\"EntryPoint\",\"urlTemplate\":\"https:\/\/fairfaxcryobank.com\/es?s={search_term_string}\"},\"query-input\":{\"@type\":\"PropertyValueSpecification\",\"valueRequired\":true,\"valueName\":\"search_term_string\"}}],\"inLanguage\":\"es\"},{\"@type\":\"Organization\",\"@id\":\"https:\/\/fairfaxcryobank.com\/es#organization\",\"name\":\"Fairfax Cryobank\",\"url\":\"https:\/\/fairfaxcryobank.com\/es\",\"logo\":{\"@type\":\"ImageObject\",\"inLanguage\":\"es\",\"@id\":\"https:\/\/fairfaxcryobank.com\/es#\/schema\/logo\/image\/\",\"url\":\"https:\/\/fairfaxcryobank.com\/wp-content\/uploads\/logo.webp\",\"contentUrl\":\"https:\/\/fairfaxcryobank.com\/wp-content\/uploads\/logo.webp\",\"width\":1,\"height\":1,\"caption\":\"Fairfax Cryobank\"},\"image\":{\"@id\":\"https:\/\/fairfaxcryobank.com\/es#\/schema\/logo\/image\/\"},\"sameAs\":[\"https:\/\/www.facebook.com\/fairfax.cryobank\",\"https:\/\/x.com\/FairfaxCryobank\",\"https:\/\/www.instagram.com\/fairfaxcryobank\/\",\"https:\/\/www.pinterest.com\/fairfaxcryo\/\"]}]}<\/script>\n<!-- \/ Yoast SEO plugin. -->","yoast_head_json":{"title":"Pruebas De Enfermedades Infecciosas Para Los Donantes | Fairfax Cryobank","description":"Selecciones iluminadas indican que&nbsp; EL Crio Banco de Fairfax es&nbsp; el \u00fanico banco de esperma&nbsp; que efectuamos varios m\u00e9todos extensiva de","robots":{"index":"index","follow":"follow","max-snippet":"max-snippet:-1","max-image-preview":"max-image-preview:large","max-video-preview":"max-video-preview:-1"},"canonical":"https:\/\/fairfaxcryobank.com\/es\/enfermedades-infecciosas","og_locale":"es_ES","og_type":"article","og_title":"Pruebas De Enfermedades Infecciosas Para Los Donantes | Fairfax Cryobank","og_description":"Selecciones iluminadas indican que&nbsp; EL Crio Banco de Fairfax es&nbsp; el \u00fanico banco de esperma&nbsp; que efectuamos varios m\u00e9todos extensiva de","og_url":"https:\/\/fairfaxcryobank.com\/es\/enfermedades-infecciosas","og_site_name":"Fairfax Cryobank - Find a Sperm Donor","article_publisher":"https:\/\/www.facebook.com\/fairfax.cryobank","article_modified_time":"2019-11-15T22:13:58+00:00","twitter_card":"summary_large_image","twitter_site":"@FairfaxCryobank","twitter_misc":{"Tiempo de lectura":"1 minuto"},"schema":{"@context":"https:\/\/schema.org","@graph":[{"@type":"WebPage","@id":"https:\/\/fairfaxcryobank.com\/es\/enfermedades-infecciosas","url":"https:\/\/fairfaxcryobank.com\/es\/enfermedades-infecciosas","name":"Pruebas De Enfermedades Infecciosas Para Los Donantes | Fairfax Cryobank","isPartOf":{"@id":"https:\/\/fairfaxcryobank.com\/es#website"},"datePublished":"2015-05-18T11:59:55+00:00","dateModified":"2019-11-15T22:13:58+00:00","description":"Selecciones iluminadas indican que&nbsp; EL Crio Banco de Fairfax es&nbsp; el \u00fanico banco de esperma&nbsp; que efectuamos varios m\u00e9todos extensiva de","breadcrumb":{"@id":"https:\/\/fairfaxcryobank.com\/es\/enfermedades-infecciosas#breadcrumb"},"inLanguage":"es","potentialAction":[{"@type":"ReadAction","target":["https:\/\/fairfaxcryobank.com\/es\/enfermedades-infecciosas"]}]},{"@type":"BreadcrumbList","@id":"https:\/\/fairfaxcryobank.com\/es\/enfermedades-infecciosas#breadcrumb","itemListElement":[{"@type":"ListItem","position":1,"name":"Home","item":"https:\/\/fairfaxcryobank.com\/es"},{"@type":"ListItem","position":2,"name":"Pruebas De Enfermedades Infecciosas Para Los Donantes"}]},{"@type":"WebSite","@id":"https:\/\/fairfaxcryobank.com\/es#website","url":"https:\/\/fairfaxcryobank.com\/es","name":"Fairfax Cryobank - Find a Sperm Donor","description":"Top-Tier Sperm Bank","publisher":{"@id":"https:\/\/fairfaxcryobank.com\/es#organization"},"potentialAction":[{"@type":"SearchAction","target":{"@type":"EntryPoint","urlTemplate":"https:\/\/fairfaxcryobank.com\/es?s={search_term_string}"},"query-input":{"@type":"PropertyValueSpecification","valueRequired":true,"valueName":"search_term_string"}}],"inLanguage":"es"},{"@type":"Organization","@id":"https:\/\/fairfaxcryobank.com\/es#organization","name":"Fairfax Cryobank","url":"https:\/\/fairfaxcryobank.com\/es","logo":{"@type":"ImageObject","inLanguage":"es","@id":"https:\/\/fairfaxcryobank.com\/es#\/schema\/logo\/image\/","url":"https:\/\/fairfaxcryobank.com\/wp-content\/uploads\/logo.webp","contentUrl":"https:\/\/fairfaxcryobank.com\/wp-content\/uploads\/logo.webp","width":1,"height":1,"caption":"Fairfax Cryobank"},"image":{"@id":"https:\/\/fairfaxcryobank.com\/es#\/schema\/logo\/image\/"},"sameAs":["https:\/\/www.facebook.com\/fairfax.cryobank","https:\/\/x.com\/FairfaxCryobank","https:\/\/www.instagram.com\/fairfaxcryobank\/","https:\/\/www.pinterest.com\/fairfaxcryo\/"]}]}},"post_mailing_queue_ids":[],"_links":{"self":[{"href":"https:\/\/fairfaxcryobank.com\/es\/wp-json\/wp\/v2\/pages\/4097","targetHints":{"allow":["GET"]}}],"collection":[{"href":"https:\/\/fairfaxcryobank.com\/es\/wp-json\/wp\/v2\/pages"}],"about":[{"href":"https:\/\/fairfaxcryobank.com\/es\/wp-json\/wp\/v2\/types\/page"}],"author":[{"embeddable":true,"href":"https:\/\/fairfaxcryobank.com\/es\/wp-json\/wp\/v2\/users\/1"}],"replies":[{"embeddable":true,"href":"https:\/\/fairfaxcryobank.com\/es\/wp-json\/wp\/v2\/comments?post=4097"}],"version-history":[{"count":0,"href":"https:\/\/fairfaxcryobank.com\/es\/wp-json\/wp\/v2\/pages\/4097\/revisions"}],"wp:attachment":[{"href":"https:\/\/fairfaxcryobank.com\/es\/wp-json\/wp\/v2\/media?parent=4097"}],"curies":[{"name":"wp","href":"https:\/\/api.w.org\/{rel}","templated":true}]}}