{"id":4113,"date":"2015-05-18T13:56:57","date_gmt":"2015-05-18T13:56:57","guid":{"rendered":"https:\/\/fairfaxcryobank.com\/waitlist-faqs\/"},"modified":"2021-08-05T12:06:56","modified_gmt":"2021-08-05T16:06:56","slug":"notificaciones-de-disponibilidad-de-los-donantes","status":"publish","type":"page","link":"https:\/\/fairfaxcryobank.com\/es\/notificaciones-de-disponibilidad-de-los-donantes","title":{"rendered":"Preguntas frecuentes sobre las notificaciones de disponibilidad de los donantes"},"content":{"rendered":"\n<h3 class=\"wp-block-heading\">Acerca de las notificaciones de disponibilidad de los donantes<\/h3>\n\n\n\n<p>El nuevo sistema de notificaci\u00f3n de disponibilidad de donantes de Fairfax Cryobank es una herramienta de notificaci\u00f3n automatizada que facilita y agiliza a los usuarios del sitio web la informaci\u00f3n sobre la disponibilidad de nuevos donantes. Para los clientes que quieran estar al tanto de cualquier nueva ampolla a\u00f1adida para el donante de su elecci\u00f3n, las notificaciones de disponibilidad del donante le mantendr\u00e1n al tanto y le permitir\u00e1n gestionar sus propias suscripciones de notificaciones a trav\u00e9s de la secci\u00f3n de Notificaciones de su cuenta.<\/p>\n\n\n\n<p>Para saber m\u00e1s sobre nuestras notificaciones de disponibilidad de donantes, consulte las preguntas frecuentes que aparecen a continuaci\u00f3n.<\/p>\n\n\n\t<ul class=\"faqs\" >\n\t\t\t<li class=\"faq\" id=\"faq-block_5d0d21842ae3c\">\n\t\t\t<div class=\"-question\">\u00bfQu\u00e9 es una notificaci\u00f3n de disponibilidad del donante?<\/div>\n\t\t\t<div class=\"-answer\"><p>El usuario de FairfaxCryobank.com establece notificaciones de disponibilidad de donantes cuando un donante espec\u00edfico no tiene actualmente disponibilidad en una o m\u00e1s categor\u00edas de preparaci\u00f3n de viales. Cuando el donante libera m\u00e1s unidades de la cuarentena, se env\u00edan autom\u00e1ticamente correos electr\u00f3nicos de notificaci\u00f3n a todos los que se inscribieron para el tipo de vial de ese donante. Las suscripciones a las notificaciones expiran autom\u00e1ticamente despu\u00e9s de 180 d\u00edas, momento en el que se le da la opci\u00f3n de renovar sus notificaciones si est\u00e1n disponibles.<\/p>\n<p>Si se dispone de nuevos viales, se podr\u00e1n utilizar por orden de llegada. La disponibilidad no est\u00e1 garantizada.<\/p>\n<p>Ofrecemos notificaciones de disponibilidad de donantes como cortes\u00eda a nuestros pacientes para que no tengan que llamarnos continuamente para comprobar la disponibilidad de un donante concreto.<\/p>\n<\/div>\n\t\t<\/li>\n\t\t\t<li class=\"faq\" id=\"faq-block_5d0d21842ae3c\">\n\t\t\t<div class=\"-question\">\u00bfQu\u00e9 significa el t\u00e9rmino \u00abcuarentena\u00bb?<\/div>\n\t\t\t<div class=\"-answer\"><p>Como parte del proceso de selecci\u00f3n de los donantes de esperma, hacemos pruebas a cada donante para detectar enfermedades infecciosas y gen\u00e9ticas. El donante es admitido en el programa cuando todas las pruebas de enfermedades infecciosas y gen\u00e9ticas requeridas dan resultados negativos.<\/p>\n<p>Transcurridos seis meses, extraemos la sangre del donante para volver a analizarlo en busca de enfermedades infecciosas y, en ese momento, liberamos cualquier muestra que haya quedado en nuestras instalaciones seis meses antes de la extracci\u00f3n de sangre. Los donantes deben superar las pruebas de enfermedades infecciosas para detectar el VIH-1, el VIH-2, el HTLV-I y II, el ant\u00edgeno de superficie de la hepatitis B, la hepatitis C, la s\u00edfilis, el CMV, la Neisseria gonorrhea y la clamidia trachomati.<\/p>\n<\/div>\n\t\t<\/li>\n\t\t\t<li class=\"faq\" id=\"faq-block_5d0d21842ae3c\">\n\t\t\t<div class=\"-question\">\u00bfC\u00f3mo me inscribo para recibir notificaciones de disponibilidad de donantes?<\/div>\n\t\t\t<div class=\"-answer\"><p>Para inscribirse en la notificaci\u00f3n de disponibilidad de donantes, los clientes deben tener primero una cuenta en FairfaxCryobank.com. Una vez que haya creado una cuenta y haya iniciado sesi\u00f3n, encuentre el perfil del donante deseado en la p\u00e1gina de b\u00fasqueda de donantes.<\/p>\n<p>En la esquina inferior derecha del perfil del donante, localice la casilla ordenar esperma.<\/p>\n<p>Si s\u00f3lo desea inscribirse en un tipo de preparaci\u00f3n de vial para este donante, haga clic en \u00abNotificarme\u00bb junto a ese tipo de vial espec\u00edfico. Si desea inscribirse para recibir notificaciones de cada tipo de vial, haga clic en \u00abNotificarme cuando haya alg\u00fan tipo de vial disponible de este donante\u00bb.<\/p>\n<p>Ya est\u00e1 inscrito y se le enviar\u00e1 un correo electr\u00f3nico cuando el tipo de vial\/donante tenga nueva disponibilidad en los 180 d\u00edas siguientes a su inscripci\u00f3n en la notificaci\u00f3n.<\/p>\n<p>&nbsp;<\/p>\n<p>Si se dispone de nuevos viales, se podr\u00e1n utilizar por orden de llegada. Disponibilidad no garantizada.<\/p>\n<\/div>\n\t\t<\/li>\n\t\t\t<li class=\"faq\" id=\"faq-block_5d0d21842ae3c\">\n\t\t\t<div class=\"-question\">\u00bfC\u00f3mo puedo ver y gestionar mis notificaciones de disponibilidad de donantes?<\/div>\n\t\t\t<div class=\"-answer\"><p>Para ver sus suscripciones de notificaci\u00f3n de disponibilidad de donantes actuales, inicie sesi\u00f3n en su perfil de FairfaxCryobank.com y haga clic en \u00abNotificaciones\u00bb en su cuenta. Esto mostrar\u00e1 todas las notificaciones a las que se haya suscrito, incluyendo el n\u00famero de donante, el tipo de preparaci\u00f3n del vial y las fechas de inicio y fin de la notificaci\u00f3n.<\/p>\n<p>Tambi\u00e9n puede darse de baja de las notificaciones de disponibilidad de los donantes haciendo clic en \u00abDarse de baja\u00bb junto a la solicitud de notificaci\u00f3n.<\/p>\n<\/div>\n\t\t<\/li>\n\t\t\t<li class=\"faq\" id=\"faq-block_5d0d21842ae3c\">\n\t\t\t<div class=\"-question\">\u00bfC\u00f3mo puedo renovar mis suscripciones de notificaci\u00f3n de disponibilidad de donantes?<\/div>\n\t\t\t<div class=\"-answer\"><p>Las notificaciones de disponibilidad de los donantes caducan autom\u00e1ticamente a los 180 d\u00edas. Puede ver la fecha de finalizaci\u00f3n de sus notificaciones en la secci\u00f3n de notificaciones de su cuenta.<\/p>\n<p>Una vez que las notificaciones est\u00e9n a punto de expirar, los usuarios ser\u00e1n notificados por correo electr\u00f3nico con la oportunidad de renovar su notificaci\u00f3n de disponibilidad de donantes en ese momento, si es posible.<\/p>\n<\/div>\n\t\t<\/li>\n\t\t\t<li class=\"faq\" id=\"faq-block_5d0d21842ae3c\">\n\t\t\t<div class=\"-question\">\u00bfCu\u00e1nto tiempo tardar\u00e9 en recibir viales disponibles una vez que me haya inscrito para recibir notificaciones de disponibilidad de donantes?<\/div>\n\t\t\t<div class=\"-answer\"><p>En cuanto nuestro equipo recibe los resultados negativos de las pruebas del donante, se env\u00edan correos electr\u00f3nicos de notificaci\u00f3n a quienes se han inscrito para recibir las notificaciones de disponibilidad de ese donante.<\/p>\n<\/div>\n\t\t<\/li>\n\t\t\t<li class=\"faq\" id=\"faq-block_5d0d21842ae3c\">\n\t\t\t<div class=\"-question\">\u00bfCu\u00e1les son los l\u00edmites de notificaci\u00f3n de disponibilidad de los donantes?<\/div>\n\t\t\t<div class=\"-answer\"><p><strong>L\u00edmites de inscripci\u00f3n de usuarios<\/strong><\/p>\n<p>Los clientes pueden inscribirse en un total de 5 notificaciones de disponibilidad de donantes como m\u00e1ximo a la vez. Esto incluye las notificaciones de preparaci\u00f3n de un solo vial y tambi\u00e9n las notificaciones de todo el donante. Para gestionar sus suscripciones, vaya a la secci\u00f3n de notificaciones de su cuenta de Fairfax Cryobank.<\/p>\n<p>&nbsp;<\/p>\n<p><strong>L\u00edmites de notificaci\u00f3n del donante<\/strong><\/p>\n<p>Un donante de semen activo tiene un m\u00e1ximo de 25 suscripciones totales de notificaci\u00f3n de disponibilidad de donantes. Esto incluye un l\u00edmite de 10 suscripciones de notificaci\u00f3n por cada tipo de vial.<\/p>\n<p>Para los donantes de semen inactivos, hay un l\u00edmite de 15 suscripciones de notificaci\u00f3n y 5 para cada tipo de vial.<\/p>\n<\/div>\n\t\t<\/li>\n\t\t\t<li class=\"faq\" id=\"faq-block_5d0d21842ae3c\">\n\t\t\t<div class=\"-question\">\u00bfTengo garantizadas las dosis una vez que estoy en la lista?<\/div>\n\t\t\t<div class=\"-answer\"><p>Si est\u00e1 inscrito para recibir notificaciones de disponibilidad de un donante que actualmente est\u00e1 \u00abactivo\u00bb en nuestro programa, es probable que vuelva a salir. Sin embargo, un donante puede abandonar nuestro programa en cualquier momento despu\u00e9s de haber cumplido el compromiso m\u00ednimo de seis meses.<\/p>\n<p>&nbsp;<\/p>\n<p>Si se dispone de nuevos viales, se podr\u00e1n utilizar por orden de llegada. La disponibilidad no est\u00e1 garantizada.<\/p>\n<\/div>\n\t\t<\/li>\n\t\t\t<li class=\"faq\" id=\"faq-block_5d0d21842ae3c\">\n\t\t\t<div class=\"-question\">\u00bfImporta el n\u00famero que tengo en las suscripciones de notificaci\u00f3n del donante?<\/div>\n\t\t\t<div class=\"-answer\"><p>Los correos electr\u00f3nicos de notificaci\u00f3n de disponibilidad de los donantes se env\u00edan a todos los inscritos al mismo tiempo. Si se dispone de nuevos viales, se podr\u00e1n utilizar por orden de llegada.<\/p>\n<\/div>\n\t\t<\/li>\n\t\t\t<li class=\"faq\" id=\"faq-block_5d0d21842ae3c\">\n\t\t\t<div class=\"-question\">\u00bfTendr\u00e1 mi donante siempre notificaciones de disponibilidad para los viales no disponibles?<\/div>\n\t\t\t<div class=\"-answer\"><p>No necesariamente. S\u00f3lo existen notificaciones para los tipos de preparaci\u00f3n para los que se ha agotado el donante. Por ejemplo, si un donante tiene unidades prelavadas de ICI a la venta, pero no unidades sin lavar de ICI a la venta, entonces s\u00f3lo a\u00f1adir\u00edamos pacientes a las notificaciones de unidades sin lavar de ICI.<\/p>\n<\/div>\n\t\t<\/li>\n\t\t\t<li class=\"faq\" id=\"faq-block_5d0d21842ae3c\">\n\t\t\t<div class=\"-question\">Si las notificaciones de disponibilidad de donantes est\u00e1n llenas para el tipo de donante o vial que selecciono, \u00bfse me notificar\u00e1 una vez que pueda inscribirme?<\/div>\n\t\t\t<div class=\"-answer\"><p>No ofrecemos una lista de espera para las notificaciones de disponibilidad de donantes.<\/p>\n<\/div>\n\t\t<\/li>\n\t\t\t<li class=\"faq\" id=\"faq-block_5d0d21842ae3c\">\n\t\t\t<div class=\"-question\">\u00bfCu\u00e1l es el proceso de pedido una vez que recibo el correo electr\u00f3nico de notificaci\u00f3n de disponibilidad del donante?<\/div>\n\t\t\t<div class=\"-answer\"><p>Una vez que reciba el correo electr\u00f3nico en el que se indica que los viales para su donante est\u00e1n disponibles, debe <a href=\"https:\/\/fairfaxcryobank.com\/contact-us\">ponerse en contacto con el Servicio de Atenci\u00f3n al Cliente<\/a> para proceder al pedido.<\/p>\n<p>Puede ponerse en contacto con el Servicio de Atenci\u00f3n al Cliente enviando un correo electr\u00f3nico <a href=\"mailto:info@fairfaxcryobank.com\">info@fairfaxcryobank.com<\/a> o llamando al 1-800-338-8407. Nuestro equipo de atenci\u00f3n al cliente est\u00e1 disponible de lunes a viernes de 7:00 AM a 8:00 PM ET y los s\u00e1bados de 11:30 AM a 3:30 PM ET.<\/p>\n<p>&nbsp;<\/p>\n<p>Si decide no pedir las ampollas una vez que se le notifica la disponibilidad, o las ampollas se venden antes de que se ponga en contacto con el equipo de Servicios al Cliente de Fairfax Cryobank, permanecer\u00e1 en esa lista de notificaci\u00f3n de disponibilidad de donantes hasta su fecha de caducidad.<\/p>\n<p>&nbsp;<\/p>\n<p>Los viales de cada donante est\u00e1n disponibles por orden de llegada. La disponibilidad no est\u00e1 garantizada.<\/p>\n<\/div>\n\t\t<\/li>\n\t\t<\/ul>\n<script>\nvar faqs = document.querySelectorAll('li.faq');\nfor (var i=0; i<faqs.length; i++) {\n\tfaqs[i].addEventListener('click', function(event) {\n\t\tthis.classList.toggle('-expanded');\n\t});\n}\n<\/script>\n<style>\nul.faqs {\n\tmargin: 0 0 25px; padding: 0;\n}\nul.faqs > li.faq {\n\tmargin: 0 0 10px; padding: 0;\n\tlist-style: none;\n\tbackground: none;\n}\nul.faqs > li.faq.-expanded {\n\tborder: 1px solid #e8e8e8;\n\tbox-shadow: 0 2px 10px rgba(0,0,0,0.1)\n}\nul.faqs > li.faq .-question {\n\tposition: relative;\n\tpadding: 19px 19px 19px 78px;\n\tcolor: #565456;\n\tfont-size: 20px; line-height: 1.2;\n\tbackground: #f1f1f1;\n\tcursor: pointer;\n\ttransition: .3s\n}\nul.faqs > li.faq .-question:hover { color: #1f1f1f; background: #f6f6f6; }\nul.faqs > li.faq .-question:before {\n\tcontent: \"\";\n\tposition: absolute;\n\ttop: 0; bottom: 0; left: 0;\n\twidth:62px;\n\tbackground: linear-gradient(#898989,#898989), linear-gradient(#898989,#898989), #eaeaea;\n\tbackground-position:center;\n\tbackground-size: 20px 2px,2px 20px;\n\tbackground-repeat:no-repeat;\n}\nul.faqs > li.faq .-question:hover:before {\n\tbackground: linear-gradient(#ea6950,#ea6950), linear-gradient(#ea6950,#ea6950), #eaeaea;\n\tbackground-position:center;\n\tbackground-size: 20px 2px,2px 20px;\n\tbackground-repeat:no-repeat;\n}\nul.faqs > li.faq.-expanded .-question,\nul.faqs > li.faq.-expanded .-question:hover { color: #ea6950; background: #f9f9f9; }\nul.faqs > li.faq.-expanded .-question:before,\nul.faqs > li.faq.-expanded .-question:hover:before {\n\tcontent: \"\";\n\tposition: absolute;\n\ttop: 0; bottom: 0; left: 0;\n\twidth:62px;\n\tbackground: linear-gradient(#ffffff,#ffffff), #ea6950;\n\tbackground-position:center;\n\tbackground-size: 20px 2px;\n\tbackground-repeat:no-repeat;\n}\n\nul.faqs > li.faq .-answer {\n\toverflow: hidden;\n\tpadding: 0 0 0 78px;\n\tmax-height: 0;\n\ttransition: 0.2s;\n}\nul.faqs > li.faq .-answer > * { overflow: hidden; max-height: 0; }\nul.faqs > li.faq.-expanded .-answer {\n\tbox-sizing: border-box;\n\tpadding: 19px 19px 19px 78px;\n\tmax-height: 9999px;\n\tcolor: #585858;\n\tfont-size: 16px; line-height: 23px;\n\tbackground: #fff;\n\ttransition: 0.4s;\n}\nul.faqs > li.faq.-expanded .-answer > * { max-height: 9999px;}\n<\/style>\n\n\n<p>\u00bfTiene m\u00e1s preguntas sobre las notificaciones de disponibilidad de donantes de Fairfax Cryobank? Nuestro amable equipo de atenci\u00f3n al cliente estar\u00e1 encantado de ayudarle. P\u00f3ngase en <a href=\"https:\/\/fairfaxcryobank.com\/es\/contactanos\">contacto con ellos<\/a> en el 1-800-338-8407 o en <a href=\"mailto:info@fairfaxcryobank.com\">info@fairfaxcryobank.com<\/a>.<\/p>\n","protected":false},"excerpt":{"rendered":"<p>Acerca de las notificaciones de disponibilidad de los donantes El nuevo sistema de notificaci\u00f3n de disponibilidad de donantes de Fairfax Cryobank es una herramienta de notificaci\u00f3n automatizada que facilita y agiliza a los usuarios del sitio web la informaci\u00f3n sobre la disponibilidad de nuevos donantes. Para los clientes que quieran &#8230;<\/p>\n","protected":false},"author":1,"featured_media":0,"parent":0,"menu_order":0,"comment_status":"closed","ping_status":"closed","template":"","meta":{"footnotes":""},"class_list":["post-4113","page","type-page","status-publish","hentry"],"yoast_head":"<!-- This site is optimized with the Yoast SEO plugin v27.1.1 - https:\/\/yoast.com\/product\/yoast-seo-wordpress\/ -->\n<title>Notificaciones de disponibilidad de los donantes | Fairfax Cryobank<\/title>\n<meta name=\"description\" content=\"El nuevo sistema de notificaci\u00f3n de disponibilidad de donantes de Fairfax Cryobank es una herramienta de notificaci\u00f3n automatizada que facilita y agiliza a los usuarios del sitio web la informaci\u00f3n sobre la disponibilidad de nuevos donantes.\" \/>\n<meta name=\"robots\" content=\"index, follow, max-snippet:-1, max-image-preview:large, max-video-preview:-1\" \/>\n<link rel=\"canonical\" href=\"https:\/\/fairfaxcryobank.com\/es\/notificaciones-de-disponibilidad-de-los-donantes\" \/>\n<meta property=\"og:locale\" content=\"es_ES\" \/>\n<meta property=\"og:type\" content=\"article\" \/>\n<meta property=\"og:title\" content=\"Notificaciones de disponibilidad de los donantes | Fairfax Cryobank\" \/>\n<meta property=\"og:description\" content=\"El nuevo sistema de notificaci\u00f3n de disponibilidad de donantes de Fairfax Cryobank es una herramienta de notificaci\u00f3n automatizada que facilita y agiliza a los usuarios del sitio web la informaci\u00f3n sobre la disponibilidad de nuevos donantes.\" \/>\n<meta property=\"og:url\" content=\"https:\/\/fairfaxcryobank.com\/es\/notificaciones-de-disponibilidad-de-los-donantes\" \/>\n<meta property=\"og:site_name\" content=\"Fairfax Cryobank - Find a Sperm Donor\" \/>\n<meta property=\"article:publisher\" content=\"https:\/\/www.facebook.com\/fairfax.cryobank\" \/>\n<meta property=\"article:modified_time\" content=\"2021-08-05T16:06:56+00:00\" \/>\n<meta name=\"twitter:card\" content=\"summary_large_image\" \/>\n<meta name=\"twitter:site\" content=\"@FairfaxCryobank\" \/>\n<meta name=\"twitter:label1\" content=\"Tiempo de lectura\" \/>\n\t<meta name=\"twitter:data1\" content=\"1 minuto\" \/>\n<script type=\"application\/ld+json\" class=\"yoast-schema-graph\">{\"@context\":\"https:\/\/schema.org\",\"@graph\":[{\"@type\":\"WebPage\",\"@id\":\"https:\/\/fairfaxcryobank.com\/es\/notificaciones-de-disponibilidad-de-los-donantes\",\"url\":\"https:\/\/fairfaxcryobank.com\/es\/notificaciones-de-disponibilidad-de-los-donantes\",\"name\":\"Notificaciones de disponibilidad de los donantes | Fairfax Cryobank\",\"isPartOf\":{\"@id\":\"https:\/\/fairfaxcryobank.com\/es#website\"},\"datePublished\":\"2015-05-18T13:56:57+00:00\",\"dateModified\":\"2021-08-05T16:06:56+00:00\",\"description\":\"El nuevo sistema de notificaci\u00f3n de disponibilidad de donantes de Fairfax Cryobank es una herramienta de notificaci\u00f3n automatizada que facilita y agiliza a los usuarios del sitio web la informaci\u00f3n sobre la disponibilidad de nuevos donantes.\",\"breadcrumb\":{\"@id\":\"https:\/\/fairfaxcryobank.com\/es\/notificaciones-de-disponibilidad-de-los-donantes#breadcrumb\"},\"inLanguage\":\"es\",\"potentialAction\":[{\"@type\":\"ReadAction\",\"target\":[\"https:\/\/fairfaxcryobank.com\/es\/notificaciones-de-disponibilidad-de-los-donantes\"]}]},{\"@type\":\"BreadcrumbList\",\"@id\":\"https:\/\/fairfaxcryobank.com\/es\/notificaciones-de-disponibilidad-de-los-donantes#breadcrumb\",\"itemListElement\":[{\"@type\":\"ListItem\",\"position\":1,\"name\":\"Home\",\"item\":\"https:\/\/fairfaxcryobank.com\/es\"},{\"@type\":\"ListItem\",\"position\":2,\"name\":\"Preguntas frecuentes sobre las notificaciones de disponibilidad de los donantes\"}]},{\"@type\":\"WebSite\",\"@id\":\"https:\/\/fairfaxcryobank.com\/es#website\",\"url\":\"https:\/\/fairfaxcryobank.com\/es\",\"name\":\"Fairfax Cryobank - Find a Sperm Donor\",\"description\":\"Top-Tier Sperm Bank\",\"publisher\":{\"@id\":\"https:\/\/fairfaxcryobank.com\/es#organization\"},\"potentialAction\":[{\"@type\":\"SearchAction\",\"target\":{\"@type\":\"EntryPoint\",\"urlTemplate\":\"https:\/\/fairfaxcryobank.com\/es?s={search_term_string}\"},\"query-input\":{\"@type\":\"PropertyValueSpecification\",\"valueRequired\":true,\"valueName\":\"search_term_string\"}}],\"inLanguage\":\"es\"},{\"@type\":\"Organization\",\"@id\":\"https:\/\/fairfaxcryobank.com\/es#organization\",\"name\":\"Fairfax Cryobank\",\"url\":\"https:\/\/fairfaxcryobank.com\/es\",\"logo\":{\"@type\":\"ImageObject\",\"inLanguage\":\"es\",\"@id\":\"https:\/\/fairfaxcryobank.com\/es#\/schema\/logo\/image\/\",\"url\":\"https:\/\/fairfaxcryobank.com\/wp-content\/uploads\/logo.webp\",\"contentUrl\":\"https:\/\/fairfaxcryobank.com\/wp-content\/uploads\/logo.webp\",\"width\":1,\"height\":1,\"caption\":\"Fairfax Cryobank\"},\"image\":{\"@id\":\"https:\/\/fairfaxcryobank.com\/es#\/schema\/logo\/image\/\"},\"sameAs\":[\"https:\/\/www.facebook.com\/fairfax.cryobank\",\"https:\/\/x.com\/FairfaxCryobank\",\"https:\/\/www.instagram.com\/fairfaxcryobank\/\",\"https:\/\/www.pinterest.com\/fairfaxcryo\/\"]}]}<\/script>\n<!-- \/ Yoast SEO plugin. -->","yoast_head_json":{"title":"Notificaciones de disponibilidad de los donantes | Fairfax Cryobank","description":"El nuevo sistema de notificaci\u00f3n de disponibilidad de donantes de Fairfax Cryobank es una herramienta de notificaci\u00f3n automatizada que facilita y agiliza a los usuarios del sitio web la informaci\u00f3n sobre la disponibilidad de nuevos donantes.","robots":{"index":"index","follow":"follow","max-snippet":"max-snippet:-1","max-image-preview":"max-image-preview:large","max-video-preview":"max-video-preview:-1"},"canonical":"https:\/\/fairfaxcryobank.com\/es\/notificaciones-de-disponibilidad-de-los-donantes","og_locale":"es_ES","og_type":"article","og_title":"Notificaciones de disponibilidad de los donantes | Fairfax Cryobank","og_description":"El nuevo sistema de notificaci\u00f3n de disponibilidad de donantes de Fairfax Cryobank es una herramienta de notificaci\u00f3n automatizada que facilita y agiliza a los usuarios del sitio web la informaci\u00f3n sobre la disponibilidad de nuevos donantes.","og_url":"https:\/\/fairfaxcryobank.com\/es\/notificaciones-de-disponibilidad-de-los-donantes","og_site_name":"Fairfax Cryobank - Find a Sperm Donor","article_publisher":"https:\/\/www.facebook.com\/fairfax.cryobank","article_modified_time":"2021-08-05T16:06:56+00:00","twitter_card":"summary_large_image","twitter_site":"@FairfaxCryobank","twitter_misc":{"Tiempo de lectura":"1 minuto"},"schema":{"@context":"https:\/\/schema.org","@graph":[{"@type":"WebPage","@id":"https:\/\/fairfaxcryobank.com\/es\/notificaciones-de-disponibilidad-de-los-donantes","url":"https:\/\/fairfaxcryobank.com\/es\/notificaciones-de-disponibilidad-de-los-donantes","name":"Notificaciones de disponibilidad de los donantes | Fairfax Cryobank","isPartOf":{"@id":"https:\/\/fairfaxcryobank.com\/es#website"},"datePublished":"2015-05-18T13:56:57+00:00","dateModified":"2021-08-05T16:06:56+00:00","description":"El nuevo sistema de notificaci\u00f3n de disponibilidad de donantes de Fairfax Cryobank es una herramienta de notificaci\u00f3n automatizada que facilita y agiliza a los usuarios del sitio web la informaci\u00f3n sobre la disponibilidad de nuevos donantes.","breadcrumb":{"@id":"https:\/\/fairfaxcryobank.com\/es\/notificaciones-de-disponibilidad-de-los-donantes#breadcrumb"},"inLanguage":"es","potentialAction":[{"@type":"ReadAction","target":["https:\/\/fairfaxcryobank.com\/es\/notificaciones-de-disponibilidad-de-los-donantes"]}]},{"@type":"BreadcrumbList","@id":"https:\/\/fairfaxcryobank.com\/es\/notificaciones-de-disponibilidad-de-los-donantes#breadcrumb","itemListElement":[{"@type":"ListItem","position":1,"name":"Home","item":"https:\/\/fairfaxcryobank.com\/es"},{"@type":"ListItem","position":2,"name":"Preguntas frecuentes sobre las notificaciones de disponibilidad de los donantes"}]},{"@type":"WebSite","@id":"https:\/\/fairfaxcryobank.com\/es#website","url":"https:\/\/fairfaxcryobank.com\/es","name":"Fairfax Cryobank - Find a Sperm Donor","description":"Top-Tier Sperm Bank","publisher":{"@id":"https:\/\/fairfaxcryobank.com\/es#organization"},"potentialAction":[{"@type":"SearchAction","target":{"@type":"EntryPoint","urlTemplate":"https:\/\/fairfaxcryobank.com\/es?s={search_term_string}"},"query-input":{"@type":"PropertyValueSpecification","valueRequired":true,"valueName":"search_term_string"}}],"inLanguage":"es"},{"@type":"Organization","@id":"https:\/\/fairfaxcryobank.com\/es#organization","name":"Fairfax Cryobank","url":"https:\/\/fairfaxcryobank.com\/es","logo":{"@type":"ImageObject","inLanguage":"es","@id":"https:\/\/fairfaxcryobank.com\/es#\/schema\/logo\/image\/","url":"https:\/\/fairfaxcryobank.com\/wp-content\/uploads\/logo.webp","contentUrl":"https:\/\/fairfaxcryobank.com\/wp-content\/uploads\/logo.webp","width":1,"height":1,"caption":"Fairfax Cryobank"},"image":{"@id":"https:\/\/fairfaxcryobank.com\/es#\/schema\/logo\/image\/"},"sameAs":["https:\/\/www.facebook.com\/fairfax.cryobank","https:\/\/x.com\/FairfaxCryobank","https:\/\/www.instagram.com\/fairfaxcryobank\/","https:\/\/www.pinterest.com\/fairfaxcryo\/"]}]}},"post_mailing_queue_ids":[],"_links":{"self":[{"href":"https:\/\/fairfaxcryobank.com\/es\/wp-json\/wp\/v2\/pages\/4113","targetHints":{"allow":["GET"]}}],"collection":[{"href":"https:\/\/fairfaxcryobank.com\/es\/wp-json\/wp\/v2\/pages"}],"about":[{"href":"https:\/\/fairfaxcryobank.com\/es\/wp-json\/wp\/v2\/types\/page"}],"author":[{"embeddable":true,"href":"https:\/\/fairfaxcryobank.com\/es\/wp-json\/wp\/v2\/users\/1"}],"replies":[{"embeddable":true,"href":"https:\/\/fairfaxcryobank.com\/es\/wp-json\/wp\/v2\/comments?post=4113"}],"version-history":[{"count":4,"href":"https:\/\/fairfaxcryobank.com\/es\/wp-json\/wp\/v2\/pages\/4113\/revisions"}],"predecessor-version":[{"id":18022,"href":"https:\/\/fairfaxcryobank.com\/es\/wp-json\/wp\/v2\/pages\/4113\/revisions\/18022"}],"wp:attachment":[{"href":"https:\/\/fairfaxcryobank.com\/es\/wp-json\/wp\/v2\/media?parent=4113"}],"curies":[{"name":"wp","href":"https:\/\/api.w.org\/{rel}","templated":true}]}}