{"id":4508,"date":"2019-11-01T15:18:21","date_gmt":"2019-11-01T15:18:21","guid":{"rendered":"https:\/\/fairfaxcryobank.com\/?page_id=4508"},"modified":"2022-11-30T10:26:40","modified_gmt":"2022-11-30T15:26:40","slug":"declaracion-de-objetivos","status":"publish","type":"page","link":"https:\/\/fairfaxcryobank.com\/es\/declaracion-de-objetivos","title":{"rendered":"Declaraci\u00f3n de Objetivos"},"content":{"rendered":"\n<h2 class=\"wp-block-heading\"><strong>Fairfax Cryobank se enorgullece de ser un l\u00edder de confianza desde 1986<\/strong><\/h2>\n\n\n\n<h4 class=\"wp-block-heading\">Nuestro valores<\/h4>\n\n\n\n<p>Estamos comprometidos a ser un l\u00edder de la industria en la selecci\u00f3n y evaluacion de nuestros donantes.<\/p>\n\n\n\n<p>La salud y seguridad de nuestros clientes y sus descendientes son\nnuestra principal preocupaci\u00f3n y no se ver\u00e1n comprometidas.<\/p>\n\n\n\n<p>Cumpliremos no s\u00f3lo con el esp\u00edritu y las normas decretas de todos los\norganismos reguladorios que rigen nuestras actividades, sino tambi\u00e9n con\nnuestras pol\u00edticas y procedimientos internos.<\/p>\n\n\n\n<p>Nos aseguramos de que nuestros servicios de esperma y banco criog\u00e9nico de donantes sean de la m\u00e1s alta calidad. Siempre nos esforzamos por mejorar nuestros procesos y sistema de calidad.<\/p>\n\n\n\n<p>Nos comprometemos a mantener la privacidad y confidencialidad de las partes involucradas en el proceso de donaci\u00f3n de espermatozoides, incluyendo descendencia, clientes y donantes.<\/p>\n\n\n\n<p>Secundamos abiertamente y bien venimos a todas las familias. Apoyamos todos\nlos sue\u00f1os de construir una familia..<\/p>\n\n\n\n<p>Todos los que tengan contacto con nuestros clientes ser\u00e1n cort\u00e9s, profesionales y compasivos con el objetivo de proporcionar un alto nivel de servicio y satisfacci\u00f3n. Si por alguna raz\u00f3n, los servicios al cliente no pueden ayudar con su problema, <a href=\"https:\/\/fairfaxcryobank.com\/message-to-our-general-manager\" target=\"_blank\" rel=\"noreferrer noopener\">comun\u00edquese directamente con nuestro Director.<\/a><\/p>\n","protected":false},"excerpt":{"rendered":"<p>Fairfax Cryobank se enorgullece de ser un l\u00edder de confianza desde 1986 Nuestro valores Estamos comprometidos a ser un l\u00edder de la industria en la selecci\u00f3n y evaluacion de nuestros donantes. La salud y seguridad de nuestros clientes y sus descendientes son nuestra principal preocupaci\u00f3n y no se ver\u00e1n comprometidas. &#8230;<\/p>\n","protected":false},"author":1,"featured_media":4525,"parent":0,"menu_order":0,"comment_status":"closed","ping_status":"closed","template":"","meta":{"footnotes":""},"class_list":["post-4508","page","type-page","status-publish","has-post-thumbnail","hentry"],"yoast_head":"<!-- This site is optimized with the Yoast SEO plugin v27.1.1 - https:\/\/yoast.com\/product\/yoast-seo-wordpress\/ -->\n<title>Declaraci\u00f3n de Objetivos | Fairfax Cryobank<\/title>\n<meta name=\"description\" content=\"Fairfax Cryobank se enorgullece de ser un l\u00edder de confianza desde 1986. Leer mas sobre nuestro banco de esperma objectivos.\" \/>\n<meta name=\"robots\" content=\"index, follow, max-snippet:-1, max-image-preview:large, max-video-preview:-1\" \/>\n<link rel=\"canonical\" href=\"https:\/\/fairfaxcryobank.com\/es\/declaracion-de-objetivos\" \/>\n<meta property=\"og:locale\" content=\"es_ES\" \/>\n<meta property=\"og:type\" content=\"article\" \/>\n<meta property=\"og:title\" content=\"Declaraci\u00f3n de Objetivos | Fairfax Cryobank\" \/>\n<meta property=\"og:description\" content=\"Fairfax Cryobank se enorgullece de ser un l\u00edder de confianza desde 1986. Leer mas sobre nuestro banco de esperma objectivos.\" \/>\n<meta property=\"og:url\" content=\"https:\/\/fairfaxcryobank.com\/es\/declaracion-de-objetivos\" \/>\n<meta property=\"og:site_name\" content=\"Fairfax Cryobank - Find a Sperm Donor\" \/>\n<meta property=\"article:publisher\" content=\"https:\/\/www.facebook.com\/fairfax.cryobank\" \/>\n<meta property=\"article:modified_time\" content=\"2022-11-30T15:26:40+00:00\" \/>\n<meta property=\"og:image\" content=\"https:\/\/fairfaxcryobank.com\/wp-content\/uploads\/Open-Door-Badge_Beyond-Inclusion-LGBTQ-101-e1572883453887.png\" \/>\n\t<meta property=\"og:image:width\" content=\"500\" \/>\n\t<meta property=\"og:image:height\" content=\"500\" \/>\n\t<meta property=\"og:image:type\" content=\"image\/png\" \/>\n<meta name=\"twitter:card\" content=\"summary_large_image\" \/>\n<meta name=\"twitter:site\" content=\"@FairfaxCryobank\" \/>\n<meta name=\"twitter:label1\" content=\"Tiempo de lectura\" \/>\n\t<meta name=\"twitter:data1\" content=\"1 minuto\" \/>\n<script type=\"application\/ld+json\" class=\"yoast-schema-graph\">{\"@context\":\"https:\/\/schema.org\",\"@graph\":[{\"@type\":\"WebPage\",\"@id\":\"https:\/\/fairfaxcryobank.com\/es\/declaracion-de-objetivos\",\"url\":\"https:\/\/fairfaxcryobank.com\/es\/declaracion-de-objetivos\",\"name\":\"Declaraci\u00f3n de Objetivos | Fairfax Cryobank\",\"isPartOf\":{\"@id\":\"https:\/\/fairfaxcryobank.com\/es#website\"},\"primaryImageOfPage\":{\"@id\":\"https:\/\/fairfaxcryobank.com\/es\/declaracion-de-objetivos#primaryimage\"},\"image\":{\"@id\":\"https:\/\/fairfaxcryobank.com\/es\/declaracion-de-objetivos#primaryimage\"},\"thumbnailUrl\":\"https:\/\/fairfaxcryobank.com\/wp-content\/uploads\/Open-Door-Badge_Beyond-Inclusion-LGBTQ-101-e1572883453887.png\",\"datePublished\":\"2019-11-01T15:18:21+00:00\",\"dateModified\":\"2022-11-30T15:26:40+00:00\",\"description\":\"Fairfax Cryobank se enorgullece de ser un l\u00edder de confianza desde 1986. Leer mas sobre nuestro banco de esperma objectivos.\",\"breadcrumb\":{\"@id\":\"https:\/\/fairfaxcryobank.com\/es\/declaracion-de-objetivos#breadcrumb\"},\"inLanguage\":\"es\",\"potentialAction\":[{\"@type\":\"ReadAction\",\"target\":[\"https:\/\/fairfaxcryobank.com\/es\/declaracion-de-objetivos\"]}]},{\"@type\":\"ImageObject\",\"inLanguage\":\"es\",\"@id\":\"https:\/\/fairfaxcryobank.com\/es\/declaracion-de-objetivos#primaryimage\",\"url\":\"https:\/\/fairfaxcryobank.com\/wp-content\/uploads\/Open-Door-Badge_Beyond-Inclusion-LGBTQ-101-e1572883453887.png\",\"contentUrl\":\"https:\/\/fairfaxcryobank.com\/wp-content\/uploads\/Open-Door-Badge_Beyond-Inclusion-LGBTQ-101-e1572883453887.png\",\"width\":500,\"height\":500,\"caption\":\"banco de esperma objectivos\"},{\"@type\":\"BreadcrumbList\",\"@id\":\"https:\/\/fairfaxcryobank.com\/es\/declaracion-de-objetivos#breadcrumb\",\"itemListElement\":[{\"@type\":\"ListItem\",\"position\":1,\"name\":\"Home\",\"item\":\"https:\/\/fairfaxcryobank.com\/es\"},{\"@type\":\"ListItem\",\"position\":2,\"name\":\"Declaraci\u00f3n de Objetivos\"}]},{\"@type\":\"WebSite\",\"@id\":\"https:\/\/fairfaxcryobank.com\/es#website\",\"url\":\"https:\/\/fairfaxcryobank.com\/es\",\"name\":\"Fairfax Cryobank - Find a Sperm Donor\",\"description\":\"Top-Tier Sperm Bank\",\"publisher\":{\"@id\":\"https:\/\/fairfaxcryobank.com\/es#organization\"},\"potentialAction\":[{\"@type\":\"SearchAction\",\"target\":{\"@type\":\"EntryPoint\",\"urlTemplate\":\"https:\/\/fairfaxcryobank.com\/es?s={search_term_string}\"},\"query-input\":{\"@type\":\"PropertyValueSpecification\",\"valueRequired\":true,\"valueName\":\"search_term_string\"}}],\"inLanguage\":\"es\"},{\"@type\":\"Organization\",\"@id\":\"https:\/\/fairfaxcryobank.com\/es#organization\",\"name\":\"Fairfax Cryobank\",\"url\":\"https:\/\/fairfaxcryobank.com\/es\",\"logo\":{\"@type\":\"ImageObject\",\"inLanguage\":\"es\",\"@id\":\"https:\/\/fairfaxcryobank.com\/es#\/schema\/logo\/image\/\",\"url\":\"https:\/\/fairfaxcryobank.com\/wp-content\/uploads\/logo.webp\",\"contentUrl\":\"https:\/\/fairfaxcryobank.com\/wp-content\/uploads\/logo.webp\",\"width\":1,\"height\":1,\"caption\":\"Fairfax Cryobank\"},\"image\":{\"@id\":\"https:\/\/fairfaxcryobank.com\/es#\/schema\/logo\/image\/\"},\"sameAs\":[\"https:\/\/www.facebook.com\/fairfax.cryobank\",\"https:\/\/x.com\/FairfaxCryobank\",\"https:\/\/www.instagram.com\/fairfaxcryobank\/\",\"https:\/\/www.pinterest.com\/fairfaxcryo\/\"]}]}<\/script>\n<!-- \/ Yoast SEO plugin. -->","yoast_head_json":{"title":"Declaraci\u00f3n de Objetivos | Fairfax Cryobank","description":"Fairfax Cryobank se enorgullece de ser un l\u00edder de confianza desde 1986. Leer mas sobre nuestro banco de esperma objectivos.","robots":{"index":"index","follow":"follow","max-snippet":"max-snippet:-1","max-image-preview":"max-image-preview:large","max-video-preview":"max-video-preview:-1"},"canonical":"https:\/\/fairfaxcryobank.com\/es\/declaracion-de-objetivos","og_locale":"es_ES","og_type":"article","og_title":"Declaraci\u00f3n de Objetivos | Fairfax Cryobank","og_description":"Fairfax Cryobank se enorgullece de ser un l\u00edder de confianza desde 1986. Leer mas sobre nuestro banco de esperma objectivos.","og_url":"https:\/\/fairfaxcryobank.com\/es\/declaracion-de-objetivos","og_site_name":"Fairfax Cryobank - Find a Sperm Donor","article_publisher":"https:\/\/www.facebook.com\/fairfax.cryobank","article_modified_time":"2022-11-30T15:26:40+00:00","og_image":[{"width":500,"height":500,"url":"https:\/\/fairfaxcryobank.com\/wp-content\/uploads\/Open-Door-Badge_Beyond-Inclusion-LGBTQ-101-e1572883453887.png","type":"image\/png"}],"twitter_card":"summary_large_image","twitter_site":"@FairfaxCryobank","twitter_misc":{"Tiempo de lectura":"1 minuto"},"schema":{"@context":"https:\/\/schema.org","@graph":[{"@type":"WebPage","@id":"https:\/\/fairfaxcryobank.com\/es\/declaracion-de-objetivos","url":"https:\/\/fairfaxcryobank.com\/es\/declaracion-de-objetivos","name":"Declaraci\u00f3n de Objetivos | Fairfax Cryobank","isPartOf":{"@id":"https:\/\/fairfaxcryobank.com\/es#website"},"primaryImageOfPage":{"@id":"https:\/\/fairfaxcryobank.com\/es\/declaracion-de-objetivos#primaryimage"},"image":{"@id":"https:\/\/fairfaxcryobank.com\/es\/declaracion-de-objetivos#primaryimage"},"thumbnailUrl":"https:\/\/fairfaxcryobank.com\/wp-content\/uploads\/Open-Door-Badge_Beyond-Inclusion-LGBTQ-101-e1572883453887.png","datePublished":"2019-11-01T15:18:21+00:00","dateModified":"2022-11-30T15:26:40+00:00","description":"Fairfax Cryobank se enorgullece de ser un l\u00edder de confianza desde 1986. Leer mas sobre nuestro banco de esperma objectivos.","breadcrumb":{"@id":"https:\/\/fairfaxcryobank.com\/es\/declaracion-de-objetivos#breadcrumb"},"inLanguage":"es","potentialAction":[{"@type":"ReadAction","target":["https:\/\/fairfaxcryobank.com\/es\/declaracion-de-objetivos"]}]},{"@type":"ImageObject","inLanguage":"es","@id":"https:\/\/fairfaxcryobank.com\/es\/declaracion-de-objetivos#primaryimage","url":"https:\/\/fairfaxcryobank.com\/wp-content\/uploads\/Open-Door-Badge_Beyond-Inclusion-LGBTQ-101-e1572883453887.png","contentUrl":"https:\/\/fairfaxcryobank.com\/wp-content\/uploads\/Open-Door-Badge_Beyond-Inclusion-LGBTQ-101-e1572883453887.png","width":500,"height":500,"caption":"banco de esperma objectivos"},{"@type":"BreadcrumbList","@id":"https:\/\/fairfaxcryobank.com\/es\/declaracion-de-objetivos#breadcrumb","itemListElement":[{"@type":"ListItem","position":1,"name":"Home","item":"https:\/\/fairfaxcryobank.com\/es"},{"@type":"ListItem","position":2,"name":"Declaraci\u00f3n de Objetivos"}]},{"@type":"WebSite","@id":"https:\/\/fairfaxcryobank.com\/es#website","url":"https:\/\/fairfaxcryobank.com\/es","name":"Fairfax Cryobank - Find a Sperm Donor","description":"Top-Tier Sperm Bank","publisher":{"@id":"https:\/\/fairfaxcryobank.com\/es#organization"},"potentialAction":[{"@type":"SearchAction","target":{"@type":"EntryPoint","urlTemplate":"https:\/\/fairfaxcryobank.com\/es?s={search_term_string}"},"query-input":{"@type":"PropertyValueSpecification","valueRequired":true,"valueName":"search_term_string"}}],"inLanguage":"es"},{"@type":"Organization","@id":"https:\/\/fairfaxcryobank.com\/es#organization","name":"Fairfax Cryobank","url":"https:\/\/fairfaxcryobank.com\/es","logo":{"@type":"ImageObject","inLanguage":"es","@id":"https:\/\/fairfaxcryobank.com\/es#\/schema\/logo\/image\/","url":"https:\/\/fairfaxcryobank.com\/wp-content\/uploads\/logo.webp","contentUrl":"https:\/\/fairfaxcryobank.com\/wp-content\/uploads\/logo.webp","width":1,"height":1,"caption":"Fairfax Cryobank"},"image":{"@id":"https:\/\/fairfaxcryobank.com\/es#\/schema\/logo\/image\/"},"sameAs":["https:\/\/www.facebook.com\/fairfax.cryobank","https:\/\/x.com\/FairfaxCryobank","https:\/\/www.instagram.com\/fairfaxcryobank\/","https:\/\/www.pinterest.com\/fairfaxcryo\/"]}]}},"post_mailing_queue_ids":[],"_links":{"self":[{"href":"https:\/\/fairfaxcryobank.com\/es\/wp-json\/wp\/v2\/pages\/4508","targetHints":{"allow":["GET"]}}],"collection":[{"href":"https:\/\/fairfaxcryobank.com\/es\/wp-json\/wp\/v2\/pages"}],"about":[{"href":"https:\/\/fairfaxcryobank.com\/es\/wp-json\/wp\/v2\/types\/page"}],"author":[{"embeddable":true,"href":"https:\/\/fairfaxcryobank.com\/es\/wp-json\/wp\/v2\/users\/1"}],"replies":[{"embeddable":true,"href":"https:\/\/fairfaxcryobank.com\/es\/wp-json\/wp\/v2\/comments?post=4508"}],"version-history":[{"count":1,"href":"https:\/\/fairfaxcryobank.com\/es\/wp-json\/wp\/v2\/pages\/4508\/revisions"}],"predecessor-version":[{"id":23502,"href":"https:\/\/fairfaxcryobank.com\/es\/wp-json\/wp\/v2\/pages\/4508\/revisions\/23502"}],"wp:featuredmedia":[{"embeddable":true,"href":"https:\/\/fairfaxcryobank.com\/es\/wp-json\/wp\/v2\/media\/4525"}],"wp:attachment":[{"href":"https:\/\/fairfaxcryobank.com\/es\/wp-json\/wp\/v2\/media?parent=4508"}],"curies":[{"name":"wp","href":"https:\/\/api.w.org\/{rel}","templated":true}]}}