{"id":4612,"date":"2019-11-08T18:52:42","date_gmt":"2019-11-08T18:52:42","guid":{"rendered":"https:\/\/fairfaxcryobank.com\/?page_id=4612"},"modified":"2024-05-30T10:36:54","modified_gmt":"2024-05-30T14:36:54","slug":"paquetes-de-acceso-ilimitado-de-donantes","status":"publish","type":"page","link":"https:\/\/fairfaxcryobank.com\/es\/paquetes-de-acceso-ilimitado-de-donantes","title":{"rendered":"Paquetes de acceso ilimitado de donantes"},"content":{"rendered":"\n<h2 class=\"wp-block-heading\"><strong>Acceso a informaci\u00f3n ilimitada del perfil del donante de esperma<\/strong><\/h2>\n\n\n<p>A medida que comience a revisar los perfiles de los donantes en l\u00ednea, es importante revisar todos los documentos importantes, entrevistas de audio y fotos*. Para acceder a todos los productos del donante en cualquier perfil de donante de esperma, ilimitado durante 90 d\u00edas, reg\u00edstrese ahora para Acceso B\u00e1sico o Completo. Esto desbloquea todos los productos de perfil de donante disponibles, lo que le permite revisar todos los posibles donantes de esperma y tomar la mejor decisi\u00f3n para hacer crecer a su familia.<\/p>\n<p>Si tiene preguntas, Nuestro equipo de servicio al cliente est\u00e1 disponible de lunes a viernes de 7:00 a.m. a 8:00 p.m. EST y s\u00e1bados de 11:30 a.m. a 3:30 p.m. EST al 800-338-8407.<\/p>\n<p><strong>El paquete de acceso ilimitado Categor\u00eda 1, que ofrece todas las fotos de infancia por una sola tarifa es gratis (un ahorro de $59.95).<\/strong><\/p>\n\n\n<table class=\"table-01\">\n    <tbody>\n    <tr>\n        <td colspan=\"5\"><img loading=\"lazy\" decoding=\"async\" class=\"alignnone size-full wp-image-15874\" src=\"https:\/\/fairfaxcryobank.com\/wp-content\/uploads\/access1es-1-1.png\" alt=\"\" width=\"724\" height=\"870\"><\/td>\n    <\/tr>\n    <tr>\n        <td class=\"input-clear\" style=\"width: 28%;\">&nbsp;<\/td>\n        <td class=\"input1\" style=\"width: 17.8%;\"><input class=\"get-price p\" style=\"visibility: hidden;\" type=\"submit\" value=\"Buy\"><\/td>\n        <td class=\"input\"><button type=\"button\" class=\"get-price p\" onclick=\"window.ula.purchase(event, 36)\">Buy<\/button><\/td>\n        <td class=\"input\"><button type=\"button\" class=\"get-price plus1\" onclick=\"window.ula.purchase(event, 22)\">Buy<\/button><\/td>\n        <td class=\"input\"><button type=\"button\" class=\"get-price plus2\" onclick=\"window.ula.purchase(event, 26)\">Buy<\/button><\/td>\n    <\/tr>\n    <\/tbody>\n<\/table>\n<p>&nbsp;<\/p>\n<script src=\"\/\/www.google.com\/recaptcha\/api.js\"><\/script>\n<script>                                                                                                                                                                                                                                          document.addEventListener('DOMContentLoaded', function () {                                                                                                                                                                                       window.initUnlimitedAccess(\"6LetRUYUAAAAAC5xmo9ggW172bol8J69esyjm-7y\");                                                                                                                                                                   });                                                                                                                                                                                                                                       <\/script>\n\n\n\n<p><em><sup>*<\/sup>Los clientes internacionales califican para el equivalente al descuento de EE.UU.<\/em><\/p>\n\n\n\n<p><em><sup>*<\/sup>No todos los donantes proporcionan fotos para adultos o de por vida<\/em><\/p>\n","protected":false},"excerpt":{"rendered":"<p>Acceso a informaci\u00f3n ilimitada del perfil del donante de esperma A medida que comience a revisar los perfiles de los donantes en l\u00ednea, es importante revisar todos los documentos importantes, entrevistas de audio y fotos*. Para acceder a todos los productos del donante en cualquier perfil de donante de esperma, &#8230;<\/p>\n","protected":false},"author":1,"featured_media":0,"parent":0,"menu_order":0,"comment_status":"closed","ping_status":"closed","template":"","meta":{"footnotes":""},"class_list":["post-4612","page","type-page","status-publish","hentry"],"yoast_head":"<!-- This site is optimized with the Yoast SEO plugin v27.1.1 - https:\/\/yoast.com\/product\/yoast-seo-wordpress\/ -->\n<title>Paquetes de acceso ilimitado de donantes | Fairfax Cryobank<\/title>\n<meta name=\"description\" content=\"Acceso a informaci\u00f3n ilimitada del perfil del donante de esperma\" \/>\n<meta name=\"robots\" content=\"index, follow, max-snippet:-1, max-image-preview:large, max-video-preview:-1\" \/>\n<link rel=\"canonical\" href=\"https:\/\/fairfaxcryobank.com\/es\/paquetes-de-acceso-ilimitado-de-donantes\" \/>\n<meta property=\"og:locale\" content=\"es_ES\" \/>\n<meta property=\"og:type\" content=\"article\" \/>\n<meta property=\"og:title\" content=\"Paquetes de acceso ilimitado de donantes | Fairfax Cryobank\" \/>\n<meta property=\"og:description\" content=\"Acceso a informaci\u00f3n ilimitada del perfil del donante de esperma\" \/>\n<meta property=\"og:url\" content=\"https:\/\/fairfaxcryobank.com\/es\/paquetes-de-acceso-ilimitado-de-donantes\" \/>\n<meta property=\"og:site_name\" content=\"Fairfax Cryobank - Find a Sperm Donor\" \/>\n<meta property=\"article:publisher\" content=\"https:\/\/www.facebook.com\/fairfax.cryobank\" \/>\n<meta property=\"article:modified_time\" content=\"2024-05-30T14:36:54+00:00\" \/>\n<meta property=\"og:image\" content=\"https:\/\/fairfaxcryobank.com\/wp-content\/uploads\/access1es-1-1.png\" \/>\n<meta name=\"twitter:card\" content=\"summary_large_image\" \/>\n<meta name=\"twitter:site\" content=\"@FairfaxCryobank\" \/>\n<meta name=\"twitter:label1\" content=\"Tiempo de lectura\" \/>\n\t<meta name=\"twitter:data1\" content=\"1 minuto\" \/>\n<script type=\"application\/ld+json\" class=\"yoast-schema-graph\">{\"@context\":\"https:\/\/schema.org\",\"@graph\":[{\"@type\":\"WebPage\",\"@id\":\"https:\/\/fairfaxcryobank.com\/es\/paquetes-de-acceso-ilimitado-de-donantes\",\"url\":\"https:\/\/fairfaxcryobank.com\/es\/paquetes-de-acceso-ilimitado-de-donantes\",\"name\":\"Paquetes de acceso ilimitado de donantes | Fairfax Cryobank\",\"isPartOf\":{\"@id\":\"https:\/\/fairfaxcryobank.com\/es#website\"},\"primaryImageOfPage\":{\"@id\":\"https:\/\/fairfaxcryobank.com\/es\/paquetes-de-acceso-ilimitado-de-donantes#primaryimage\"},\"image\":{\"@id\":\"https:\/\/fairfaxcryobank.com\/es\/paquetes-de-acceso-ilimitado-de-donantes#primaryimage\"},\"thumbnailUrl\":\"https:\/\/fairfaxcryobank.com\/wp-content\/uploads\/access1es-1-1.png\",\"datePublished\":\"2019-11-08T18:52:42+00:00\",\"dateModified\":\"2024-05-30T14:36:54+00:00\",\"description\":\"Acceso a informaci\u00f3n ilimitada del perfil del donante de esperma\",\"breadcrumb\":{\"@id\":\"https:\/\/fairfaxcryobank.com\/es\/paquetes-de-acceso-ilimitado-de-donantes#breadcrumb\"},\"inLanguage\":\"es\",\"potentialAction\":[{\"@type\":\"ReadAction\",\"target\":[\"https:\/\/fairfaxcryobank.com\/es\/paquetes-de-acceso-ilimitado-de-donantes\"]}]},{\"@type\":\"ImageObject\",\"inLanguage\":\"es\",\"@id\":\"https:\/\/fairfaxcryobank.com\/es\/paquetes-de-acceso-ilimitado-de-donantes#primaryimage\",\"url\":\"https:\/\/fairfaxcryobank.com\/wp-content\/uploads\/access1es-1-1.png\",\"contentUrl\":\"https:\/\/fairfaxcryobank.com\/wp-content\/uploads\/access1es-1-1.png\"},{\"@type\":\"BreadcrumbList\",\"@id\":\"https:\/\/fairfaxcryobank.com\/es\/paquetes-de-acceso-ilimitado-de-donantes#breadcrumb\",\"itemListElement\":[{\"@type\":\"ListItem\",\"position\":1,\"name\":\"Home\",\"item\":\"https:\/\/fairfaxcryobank.com\/es\"},{\"@type\":\"ListItem\",\"position\":2,\"name\":\"Paquetes de acceso ilimitado de donantes\"}]},{\"@type\":\"WebSite\",\"@id\":\"https:\/\/fairfaxcryobank.com\/es#website\",\"url\":\"https:\/\/fairfaxcryobank.com\/es\",\"name\":\"Fairfax Cryobank - Find a Sperm Donor\",\"description\":\"Top-Tier Sperm Bank\",\"publisher\":{\"@id\":\"https:\/\/fairfaxcryobank.com\/es#organization\"},\"potentialAction\":[{\"@type\":\"SearchAction\",\"target\":{\"@type\":\"EntryPoint\",\"urlTemplate\":\"https:\/\/fairfaxcryobank.com\/es?s={search_term_string}\"},\"query-input\":{\"@type\":\"PropertyValueSpecification\",\"valueRequired\":true,\"valueName\":\"search_term_string\"}}],\"inLanguage\":\"es\"},{\"@type\":\"Organization\",\"@id\":\"https:\/\/fairfaxcryobank.com\/es#organization\",\"name\":\"Fairfax Cryobank\",\"url\":\"https:\/\/fairfaxcryobank.com\/es\",\"logo\":{\"@type\":\"ImageObject\",\"inLanguage\":\"es\",\"@id\":\"https:\/\/fairfaxcryobank.com\/es#\/schema\/logo\/image\/\",\"url\":\"https:\/\/fairfaxcryobank.com\/wp-content\/uploads\/logo.webp\",\"contentUrl\":\"https:\/\/fairfaxcryobank.com\/wp-content\/uploads\/logo.webp\",\"width\":1,\"height\":1,\"caption\":\"Fairfax Cryobank\"},\"image\":{\"@id\":\"https:\/\/fairfaxcryobank.com\/es#\/schema\/logo\/image\/\"},\"sameAs\":[\"https:\/\/www.facebook.com\/fairfax.cryobank\",\"https:\/\/x.com\/FairfaxCryobank\",\"https:\/\/www.instagram.com\/fairfaxcryobank\/\",\"https:\/\/www.pinterest.com\/fairfaxcryo\/\"]}]}<\/script>\n<!-- \/ Yoast SEO plugin. -->","yoast_head_json":{"title":"Paquetes de acceso ilimitado de donantes | Fairfax Cryobank","description":"Acceso a informaci\u00f3n ilimitada del perfil del donante de esperma","robots":{"index":"index","follow":"follow","max-snippet":"max-snippet:-1","max-image-preview":"max-image-preview:large","max-video-preview":"max-video-preview:-1"},"canonical":"https:\/\/fairfaxcryobank.com\/es\/paquetes-de-acceso-ilimitado-de-donantes","og_locale":"es_ES","og_type":"article","og_title":"Paquetes de acceso ilimitado de donantes | Fairfax Cryobank","og_description":"Acceso a informaci\u00f3n ilimitada del perfil del donante de esperma","og_url":"https:\/\/fairfaxcryobank.com\/es\/paquetes-de-acceso-ilimitado-de-donantes","og_site_name":"Fairfax Cryobank - Find a Sperm Donor","article_publisher":"https:\/\/www.facebook.com\/fairfax.cryobank","article_modified_time":"2024-05-30T14:36:54+00:00","og_image":[{"url":"https:\/\/fairfaxcryobank.com\/wp-content\/uploads\/access1es-1-1.png","type":"","width":"","height":""}],"twitter_card":"summary_large_image","twitter_site":"@FairfaxCryobank","twitter_misc":{"Tiempo de lectura":"1 minuto"},"schema":{"@context":"https:\/\/schema.org","@graph":[{"@type":"WebPage","@id":"https:\/\/fairfaxcryobank.com\/es\/paquetes-de-acceso-ilimitado-de-donantes","url":"https:\/\/fairfaxcryobank.com\/es\/paquetes-de-acceso-ilimitado-de-donantes","name":"Paquetes de acceso ilimitado de donantes | Fairfax Cryobank","isPartOf":{"@id":"https:\/\/fairfaxcryobank.com\/es#website"},"primaryImageOfPage":{"@id":"https:\/\/fairfaxcryobank.com\/es\/paquetes-de-acceso-ilimitado-de-donantes#primaryimage"},"image":{"@id":"https:\/\/fairfaxcryobank.com\/es\/paquetes-de-acceso-ilimitado-de-donantes#primaryimage"},"thumbnailUrl":"https:\/\/fairfaxcryobank.com\/wp-content\/uploads\/access1es-1-1.png","datePublished":"2019-11-08T18:52:42+00:00","dateModified":"2024-05-30T14:36:54+00:00","description":"Acceso a informaci\u00f3n ilimitada del perfil del donante de esperma","breadcrumb":{"@id":"https:\/\/fairfaxcryobank.com\/es\/paquetes-de-acceso-ilimitado-de-donantes#breadcrumb"},"inLanguage":"es","potentialAction":[{"@type":"ReadAction","target":["https:\/\/fairfaxcryobank.com\/es\/paquetes-de-acceso-ilimitado-de-donantes"]}]},{"@type":"ImageObject","inLanguage":"es","@id":"https:\/\/fairfaxcryobank.com\/es\/paquetes-de-acceso-ilimitado-de-donantes#primaryimage","url":"https:\/\/fairfaxcryobank.com\/wp-content\/uploads\/access1es-1-1.png","contentUrl":"https:\/\/fairfaxcryobank.com\/wp-content\/uploads\/access1es-1-1.png"},{"@type":"BreadcrumbList","@id":"https:\/\/fairfaxcryobank.com\/es\/paquetes-de-acceso-ilimitado-de-donantes#breadcrumb","itemListElement":[{"@type":"ListItem","position":1,"name":"Home","item":"https:\/\/fairfaxcryobank.com\/es"},{"@type":"ListItem","position":2,"name":"Paquetes de acceso ilimitado de donantes"}]},{"@type":"WebSite","@id":"https:\/\/fairfaxcryobank.com\/es#website","url":"https:\/\/fairfaxcryobank.com\/es","name":"Fairfax Cryobank - Find a Sperm Donor","description":"Top-Tier Sperm Bank","publisher":{"@id":"https:\/\/fairfaxcryobank.com\/es#organization"},"potentialAction":[{"@type":"SearchAction","target":{"@type":"EntryPoint","urlTemplate":"https:\/\/fairfaxcryobank.com\/es?s={search_term_string}"},"query-input":{"@type":"PropertyValueSpecification","valueRequired":true,"valueName":"search_term_string"}}],"inLanguage":"es"},{"@type":"Organization","@id":"https:\/\/fairfaxcryobank.com\/es#organization","name":"Fairfax Cryobank","url":"https:\/\/fairfaxcryobank.com\/es","logo":{"@type":"ImageObject","inLanguage":"es","@id":"https:\/\/fairfaxcryobank.com\/es#\/schema\/logo\/image\/","url":"https:\/\/fairfaxcryobank.com\/wp-content\/uploads\/logo.webp","contentUrl":"https:\/\/fairfaxcryobank.com\/wp-content\/uploads\/logo.webp","width":1,"height":1,"caption":"Fairfax Cryobank"},"image":{"@id":"https:\/\/fairfaxcryobank.com\/es#\/schema\/logo\/image\/"},"sameAs":["https:\/\/www.facebook.com\/fairfax.cryobank","https:\/\/x.com\/FairfaxCryobank","https:\/\/www.instagram.com\/fairfaxcryobank\/","https:\/\/www.pinterest.com\/fairfaxcryo\/"]}]}},"post_mailing_queue_ids":[],"_links":{"self":[{"href":"https:\/\/fairfaxcryobank.com\/es\/wp-json\/wp\/v2\/pages\/4612","targetHints":{"allow":["GET"]}}],"collection":[{"href":"https:\/\/fairfaxcryobank.com\/es\/wp-json\/wp\/v2\/pages"}],"about":[{"href":"https:\/\/fairfaxcryobank.com\/es\/wp-json\/wp\/v2\/types\/page"}],"author":[{"embeddable":true,"href":"https:\/\/fairfaxcryobank.com\/es\/wp-json\/wp\/v2\/users\/1"}],"replies":[{"embeddable":true,"href":"https:\/\/fairfaxcryobank.com\/es\/wp-json\/wp\/v2\/comments?post=4612"}],"version-history":[{"count":10,"href":"https:\/\/fairfaxcryobank.com\/es\/wp-json\/wp\/v2\/pages\/4612\/revisions"}],"predecessor-version":[{"id":29443,"href":"https:\/\/fairfaxcryobank.com\/es\/wp-json\/wp\/v2\/pages\/4612\/revisions\/29443"}],"wp:attachment":[{"href":"https:\/\/fairfaxcryobank.com\/es\/wp-json\/wp\/v2\/media?parent=4612"}],"curies":[{"name":"wp","href":"https:\/\/api.w.org\/{rel}","templated":true}]}}