{"id":6522,"date":"2020-02-07T10:57:03","date_gmt":"2020-02-07T10:57:03","guid":{"rendered":"https:\/\/fairfaxcryobank.com\/?page_id=6522"},"modified":"2020-02-07T10:57:05","modified_gmt":"2020-02-07T10:57:05","slug":"politica-de-privacidad","status":"publish","type":"page","link":"https:\/\/fairfaxcryobank.com\/es\/politica-de-privacidad","title":{"rendered":"Pol\u00edtica de Privacidad"},"content":{"rendered":"\n<p>Pol\u00edtica de\nprivacidad de Fairfax Cryobank<\/p>\n\n\n\n<p>Fairfax\nCryobank se compromete a proteger las identidades de nuestros clientes y\ndonantes. Tenemos y seguiremos cumpliendo los contratos que hemos acordado con\nnuestros donantes. Si son donantes Non ID, mantendremos su\nidentidad privada, a menos que, en el futuro soliciten que divulguemos su\ninformaci\u00f3n a petici\u00f3n de una descendencia de 18 a\u00f1os o m\u00e1s. Nuestros donantes\nde ID est\u00e1n de acuerdo de que su informaci\u00f3n limitada sea compartida, pero que\nno ocurrir\u00e1, si no, hasta que un ni\u00f1o(a) se registre con nosotros como\ndescendencia de un donante hasta que cumpla los 18 a\u00f1os.<\/p>\n\n\n\n<p>GDPR Aviso de privacidad<\/p>\n\n\n\n<p>Donantes Non ID<\/p>\n\n\n\n<p>Nota: a partir\nde 2020, Fairfax Cryobank solo aceptar\u00e1 donantes dispuestos a ser Donantes de\nID en nuestro programa.<\/p>\n\n\n\n<p>Los donantes\nque son Non ID, son donantes que eligieron al momento de la donaci\u00f3n no\npermitir la divulgaci\u00f3n de informaci\u00f3n identificativa a sus descendientes. En el pasado, los donantes que fueran Non-ID siempre permanecieron\nan\u00f3nimos, pero en 2019 Fairfax Cryobank comenz\u00f3 a permitir que donantes Non ID puedan solicitar\nque publiquemos informaci\u00f3n limitada de identificaci\u00f3n a petici\u00f3n de los descendientes\nde 18 a\u00f1os o m\u00e1s (ver m\u00e1s abajo), de acuerdo con la ley de California. Si un\ndonante que es Non ID decide que se puede eximir su informaci\u00f3n de\nidentificaci\u00f3n a petici\u00f3n de su descendencia, permitiremos ese cambio y actualizaremos\nel perfil de resumen del donante en consecuencia.<\/p>\n\n\n\n<p>La p\u00f3liza de Seguridad de Fairfax Cryobank\nprotege la confidencialidad de todos los involucrados. Todos los registros de\ndestinatarios de donante los mantendremos indefinidamente, y no comprometeremos\nla anonimidad entre Donantes non-ID y destinatarios. En ciertas circunstancias\nm\u00e9dicamente necesarias, proveeremos, con solicitud del m\u00e9dico, informaci\u00f3n\nm\u00e9dica o gen\u00e9tica adicional espec\u00edfica del donante. La identidad del donante en\nestas circunstancias permanecer\u00e1 an\u00f3nima. No facilitamos el contacto entre los\ndonantes que son Non- ID y sus descendientes.<\/p>\n\n\n\n<p>Donantes de\nidentidad (ID)<\/p>\n\n\n\n<p>Algunos\ndonantes han dado su consentimiento para ser donantes de identificaci\u00f3n. Estos\ndonantes acuerdan una publicaci\u00f3n limitada de informaci\u00f3n de identificaci\u00f3n\ncuando la descendencia registrada de sus espermatozoides donados alcance los 18\na\u00f1os. Los ni\u00f1os deben estar registrados en Fairfax Cryobank por sus padres como\ndescendientes de un donante de ID para ser elegibles a recibir esta informaci\u00f3n\ncuando alcancen la edad de 18 a\u00f1os. Los padres tambi\u00e9n pueden optar por no\nregistrarse al nacer y esperar a ver lo que su situaci\u00f3n familiar dicta. Por lo\ntanto, los donantes de ID pueden ser utilizados como un donante no-ID si los\npadres no registran a su hijo para el programa de identificaci\u00f3n.\nIndependientemente de si un padre tiene la intenci\u00f3n de registrar a su hijo\npara el programa de identificaci\u00f3n, nuestros T\u00e9rminos de uso contienen\ninformaci\u00f3n sobre este programa; deben ser firmados y devueltos antes de que\nlas unidades de los donantes de identificaci\u00f3n sean vendidas a los clientes.<\/p>\n\n\n\n<p>Los donantes\nde ID no pueden cambiar a donantes No-ID una vez que est\u00e1n en nuestro programa\nde donantes. A partir de 2020, todos los nuevos donantes de Fairfax Cryobank\nser\u00e1n donantes de ID.<\/p>\n\n\n\n<p>Contacto con\ndonantes<\/p>\n\n\n\n<p>Reconocemos\nque la importancia de nuestras relaciones con nuestros donantes y la pol\u00edtica\nde Fairfax Cryobank es devolver todas las llamadas y correos electr\u00f3nicos de\nlos donantes. Si un donante est\u00e1 intentando contactar y no recibe una llamada o\ncorreo electr\u00f3nico, debe hablar con Servicios al Cliente, quienes los dirigir\u00e1\ncon a la persona correcta.<\/p>\n\n\n\n<p>Animamos a\ntodos los donantes anteriores a ponerse en contacto con nosotros y actualizar\nsu informaci\u00f3n m\u00e9dica y personal. Esto tambi\u00e9n nos permitir\u00e1 confirmar su\nidentificaci\u00f3n, verificar que su informaci\u00f3n de contacto est\u00e1 actualizada y\naclarar cualquier problema m\u00e9dico a trav\u00e9s de nuestro Director M\u00e9dico,\nconsejera(o) de Gen\u00e9tica Cl\u00ednica certificada(o) por la junta directivos. Las\nactualizaciones de los donantes se compartir\u00e1n con los clientes seg\u00fan\ncorresponda.<\/p>\n\n\n\n<p>Informaci\u00f3n\ndel donante: Perfiles m\u00e9dicos y personales<\/p>\n\n\n\n<p>Una gran\ncantidad de informaci\u00f3n que ahora est\u00e1 disponible en todos los donantes no\nestaba disponible en el pasado. Actualmente, tenemos grandes cantidades de\ninformaci\u00f3n no identificable disponible para todos los donantes. De hecho, los\ndonantes de ID y de No-ID tienen toda la misma informaci\u00f3n m\u00e9dica y personal\ndisponible; la \u00fanica diferencia es que cuando se utiliza un donante de ID,\nexiste la opci\u00f3n de que la descendencia pueda contactar a el donante cuando\nalcance la edad de 18 a\u00f1os.<\/p>\n\n\n\n<p>Actualizaciones\nanuales de donantes<\/p>\n\n\n\n<p>Nos\ncomunicamos regularmente con donantes anteriores para obtener actualizaciones\nconfidenciales sobre su informaci\u00f3n m\u00e9dica y personal. Los donantes que deseen\nactualizar su informaci\u00f3n deben contactarnos y los dirigiremos a nuestro portal\nde actualizaciones. Publicaremos toda informaci\u00f3n actualizada relevante sobre\nel perfil de resumen del donante.<\/p>\n\n\n\n<p>Verificar el\nestado m\u00e9dico del donante<\/p>\n\n\n\n<p>Creemos que la\nmejor manera para que los clientes recopilen informaci\u00f3n m\u00e9dica y personal\nsobre sus donantes es desde la fuente, desde el propio Cryobank. Cada p\u00e1gina\nweb del donante proporciona su estado. Si se identifica como Restringido o\nInvestigaci\u00f3n, los detalles se proporcionan en su Secci\u00f3n de Actualizaci\u00f3n de\nPerfil de Resumen o se pueden obtener contactando a Servicios al Cliente. Esto\ntambi\u00e9n nos permite dar una notificaci\u00f3n inmediata y precisa a los clientes si\nsurge alg\u00fan problema m\u00e9dico.<\/p>\n\n\n\n<p>Foros\nfamiliares de Fairfax Cryobank<\/p>\n\n\n\n<p>Nuestros foros\nfamiliares de Fairfax contienen un foro p\u00fablico y foros de donantes privados\nindividuales. Estos maravillosos foros son una forma popular para que los\nclientes se conecten y compartan sus experiencias.<\/p>\n\n\n\n<p>N\u00fameros de\ndonantes<\/p>\n\n\n\n<p>A partir del 1\nde enero de 2012, los nuevos donantes tienen la opci\u00f3n de conocer su n\u00famero de\ndonante.<\/p>\n\n\n\n<p>Solicitud de\ndivulgaci\u00f3n de informaci\u00f3n de identificaci\u00f3n<\/p>\n\n\n\n<p>Entendemos y\nrespetamos el deseo de muchas personas, parejas y descendientes de donantes\n(DC) para saber m\u00e1s acerca de sus donantes. Tambi\u00e9n respetamos que muchas\npersonas, parejas y descendientes de donantes no quieren informaci\u00f3n de\nidentificaci\u00f3n sobre sus donantes. Para mantener los acuerdos que hemos hecho\ncon todas las partes involucradas, no divulgaremos informaci\u00f3n identificativa\nsobre nuestros donantes a nadie que no sea la descendencia registrada de\ndonantes de identificaci\u00f3n de 18 a\u00f1os o m\u00e1s.<\/p>\n\n\n\n<p>Creemos que\ntenemos la responsabilidad de seguir recopilando informaci\u00f3n m\u00e9dica y personal\nno identificable de nuestros donantes y de compartir esa informaci\u00f3n con\nnuestros clientes. Nos comprometemos a compartir esa informaci\u00f3n de una manera\nque no identifique a nuestros donantes.<\/p>\n\n\n\n<p>Si tiene\npreguntas adicionales sobre problemas de privacidad, p\u00f3ngase en contacto con El\nservicio de atenci\u00f3n al cliente.<\/p>\n","protected":false},"excerpt":{"rendered":"<p>Pol\u00edtica de privacidad de Fairfax Cryobank Fairfax Cryobank se compromete a proteger las identidades de nuestros clientes y donantes. Tenemos y seguiremos cumpliendo los contratos que hemos acordado con nuestros donantes. Si son donantes Non ID, mantendremos su identidad privada, a menos que, en el futuro soliciten que divulguemos su &#8230;<\/p>\n","protected":false},"author":1,"featured_media":0,"parent":0,"menu_order":0,"comment_status":"closed","ping_status":"closed","template":"","meta":{"footnotes":""},"class_list":["post-6522","page","type-page","status-publish","hentry"],"yoast_head":"<!-- This site is optimized with the Yoast SEO plugin v27.1.1 - https:\/\/yoast.com\/product\/yoast-seo-wordpress\/ -->\n<title>Pol\u00edtica de Privacidad | Fairfax Cryobank - Find a Sperm Donor<\/title>\n<meta name=\"description\" content=\"Pol\u00edtica de privacidad de Fairfax Cryobank Fairfax Cryobank se compromete a proteger las identidades de nuestros clientes y donantes. Tenemos y seguiremos\" \/>\n<meta name=\"robots\" content=\"index, follow, max-snippet:-1, max-image-preview:large, max-video-preview:-1\" \/>\n<link rel=\"canonical\" href=\"https:\/\/fairfaxcryobank.com\/es\/politica-de-privacidad\" \/>\n<meta property=\"og:locale\" content=\"es_ES\" \/>\n<meta property=\"og:type\" content=\"article\" \/>\n<meta property=\"og:title\" content=\"Pol\u00edtica de Privacidad | Fairfax Cryobank - Find a Sperm Donor\" \/>\n<meta property=\"og:description\" content=\"Pol\u00edtica de privacidad de Fairfax Cryobank Fairfax Cryobank se compromete a proteger las identidades de nuestros clientes y donantes. Tenemos y seguiremos\" \/>\n<meta property=\"og:url\" content=\"https:\/\/fairfaxcryobank.com\/es\/politica-de-privacidad\" \/>\n<meta property=\"og:site_name\" content=\"Fairfax Cryobank - Find a Sperm Donor\" \/>\n<meta property=\"article:publisher\" content=\"https:\/\/www.facebook.com\/fairfax.cryobank\" \/>\n<meta property=\"article:modified_time\" content=\"2020-02-07T10:57:05+00:00\" \/>\n<meta name=\"twitter:card\" content=\"summary_large_image\" \/>\n<meta name=\"twitter:site\" content=\"@FairfaxCryobank\" \/>\n<meta name=\"twitter:label1\" content=\"Tiempo de lectura\" \/>\n\t<meta name=\"twitter:data1\" content=\"6 minutos\" \/>\n<script type=\"application\/ld+json\" class=\"yoast-schema-graph\">{\"@context\":\"https:\/\/schema.org\",\"@graph\":[{\"@type\":\"WebPage\",\"@id\":\"https:\/\/fairfaxcryobank.com\/es\/politica-de-privacidad\",\"url\":\"https:\/\/fairfaxcryobank.com\/es\/politica-de-privacidad\",\"name\":\"Pol\u00edtica de Privacidad | Fairfax Cryobank - Find a Sperm Donor\",\"isPartOf\":{\"@id\":\"https:\/\/fairfaxcryobank.com\/es#website\"},\"datePublished\":\"2020-02-07T10:57:03+00:00\",\"dateModified\":\"2020-02-07T10:57:05+00:00\",\"description\":\"Pol\u00edtica de privacidad de Fairfax Cryobank Fairfax Cryobank se compromete a proteger las identidades de nuestros clientes y donantes. Tenemos y seguiremos\",\"breadcrumb\":{\"@id\":\"https:\/\/fairfaxcryobank.com\/es\/politica-de-privacidad#breadcrumb\"},\"inLanguage\":\"es\",\"potentialAction\":[{\"@type\":\"ReadAction\",\"target\":[\"https:\/\/fairfaxcryobank.com\/es\/politica-de-privacidad\"]}]},{\"@type\":\"BreadcrumbList\",\"@id\":\"https:\/\/fairfaxcryobank.com\/es\/politica-de-privacidad#breadcrumb\",\"itemListElement\":[{\"@type\":\"ListItem\",\"position\":1,\"name\":\"Home\",\"item\":\"https:\/\/fairfaxcryobank.com\/es\"},{\"@type\":\"ListItem\",\"position\":2,\"name\":\"Pol\u00edtica de Privacidad\"}]},{\"@type\":\"WebSite\",\"@id\":\"https:\/\/fairfaxcryobank.com\/es#website\",\"url\":\"https:\/\/fairfaxcryobank.com\/es\",\"name\":\"Fairfax Cryobank - Find a Sperm Donor\",\"description\":\"Top-Tier Sperm Bank\",\"publisher\":{\"@id\":\"https:\/\/fairfaxcryobank.com\/es#organization\"},\"potentialAction\":[{\"@type\":\"SearchAction\",\"target\":{\"@type\":\"EntryPoint\",\"urlTemplate\":\"https:\/\/fairfaxcryobank.com\/es?s={search_term_string}\"},\"query-input\":{\"@type\":\"PropertyValueSpecification\",\"valueRequired\":true,\"valueName\":\"search_term_string\"}}],\"inLanguage\":\"es\"},{\"@type\":\"Organization\",\"@id\":\"https:\/\/fairfaxcryobank.com\/es#organization\",\"name\":\"Fairfax Cryobank\",\"url\":\"https:\/\/fairfaxcryobank.com\/es\",\"logo\":{\"@type\":\"ImageObject\",\"inLanguage\":\"es\",\"@id\":\"https:\/\/fairfaxcryobank.com\/es#\/schema\/logo\/image\/\",\"url\":\"https:\/\/fairfaxcryobank.com\/wp-content\/uploads\/logo.webp\",\"contentUrl\":\"https:\/\/fairfaxcryobank.com\/wp-content\/uploads\/logo.webp\",\"width\":1,\"height\":1,\"caption\":\"Fairfax Cryobank\"},\"image\":{\"@id\":\"https:\/\/fairfaxcryobank.com\/es#\/schema\/logo\/image\/\"},\"sameAs\":[\"https:\/\/www.facebook.com\/fairfax.cryobank\",\"https:\/\/x.com\/FairfaxCryobank\",\"https:\/\/www.instagram.com\/fairfaxcryobank\/\",\"https:\/\/www.pinterest.com\/fairfaxcryo\/\"]}]}<\/script>\n<!-- \/ Yoast SEO plugin. -->","yoast_head_json":{"title":"Pol\u00edtica de Privacidad | Fairfax Cryobank - Find a Sperm Donor","description":"Pol\u00edtica de privacidad de Fairfax Cryobank Fairfax Cryobank se compromete a proteger las identidades de nuestros clientes y donantes. Tenemos y seguiremos","robots":{"index":"index","follow":"follow","max-snippet":"max-snippet:-1","max-image-preview":"max-image-preview:large","max-video-preview":"max-video-preview:-1"},"canonical":"https:\/\/fairfaxcryobank.com\/es\/politica-de-privacidad","og_locale":"es_ES","og_type":"article","og_title":"Pol\u00edtica de Privacidad | Fairfax Cryobank - Find a Sperm Donor","og_description":"Pol\u00edtica de privacidad de Fairfax Cryobank Fairfax Cryobank se compromete a proteger las identidades de nuestros clientes y donantes. Tenemos y seguiremos","og_url":"https:\/\/fairfaxcryobank.com\/es\/politica-de-privacidad","og_site_name":"Fairfax Cryobank - Find a Sperm Donor","article_publisher":"https:\/\/www.facebook.com\/fairfax.cryobank","article_modified_time":"2020-02-07T10:57:05+00:00","twitter_card":"summary_large_image","twitter_site":"@FairfaxCryobank","twitter_misc":{"Tiempo de lectura":"6 minutos"},"schema":{"@context":"https:\/\/schema.org","@graph":[{"@type":"WebPage","@id":"https:\/\/fairfaxcryobank.com\/es\/politica-de-privacidad","url":"https:\/\/fairfaxcryobank.com\/es\/politica-de-privacidad","name":"Pol\u00edtica de Privacidad | Fairfax Cryobank - Find a Sperm Donor","isPartOf":{"@id":"https:\/\/fairfaxcryobank.com\/es#website"},"datePublished":"2020-02-07T10:57:03+00:00","dateModified":"2020-02-07T10:57:05+00:00","description":"Pol\u00edtica de privacidad de Fairfax Cryobank Fairfax Cryobank se compromete a proteger las identidades de nuestros clientes y donantes. Tenemos y seguiremos","breadcrumb":{"@id":"https:\/\/fairfaxcryobank.com\/es\/politica-de-privacidad#breadcrumb"},"inLanguage":"es","potentialAction":[{"@type":"ReadAction","target":["https:\/\/fairfaxcryobank.com\/es\/politica-de-privacidad"]}]},{"@type":"BreadcrumbList","@id":"https:\/\/fairfaxcryobank.com\/es\/politica-de-privacidad#breadcrumb","itemListElement":[{"@type":"ListItem","position":1,"name":"Home","item":"https:\/\/fairfaxcryobank.com\/es"},{"@type":"ListItem","position":2,"name":"Pol\u00edtica de Privacidad"}]},{"@type":"WebSite","@id":"https:\/\/fairfaxcryobank.com\/es#website","url":"https:\/\/fairfaxcryobank.com\/es","name":"Fairfax Cryobank - Find a Sperm Donor","description":"Top-Tier Sperm Bank","publisher":{"@id":"https:\/\/fairfaxcryobank.com\/es#organization"},"potentialAction":[{"@type":"SearchAction","target":{"@type":"EntryPoint","urlTemplate":"https:\/\/fairfaxcryobank.com\/es?s={search_term_string}"},"query-input":{"@type":"PropertyValueSpecification","valueRequired":true,"valueName":"search_term_string"}}],"inLanguage":"es"},{"@type":"Organization","@id":"https:\/\/fairfaxcryobank.com\/es#organization","name":"Fairfax Cryobank","url":"https:\/\/fairfaxcryobank.com\/es","logo":{"@type":"ImageObject","inLanguage":"es","@id":"https:\/\/fairfaxcryobank.com\/es#\/schema\/logo\/image\/","url":"https:\/\/fairfaxcryobank.com\/wp-content\/uploads\/logo.webp","contentUrl":"https:\/\/fairfaxcryobank.com\/wp-content\/uploads\/logo.webp","width":1,"height":1,"caption":"Fairfax Cryobank"},"image":{"@id":"https:\/\/fairfaxcryobank.com\/es#\/schema\/logo\/image\/"},"sameAs":["https:\/\/www.facebook.com\/fairfax.cryobank","https:\/\/x.com\/FairfaxCryobank","https:\/\/www.instagram.com\/fairfaxcryobank\/","https:\/\/www.pinterest.com\/fairfaxcryo\/"]}]}},"post_mailing_queue_ids":[],"_links":{"self":[{"href":"https:\/\/fairfaxcryobank.com\/es\/wp-json\/wp\/v2\/pages\/6522","targetHints":{"allow":["GET"]}}],"collection":[{"href":"https:\/\/fairfaxcryobank.com\/es\/wp-json\/wp\/v2\/pages"}],"about":[{"href":"https:\/\/fairfaxcryobank.com\/es\/wp-json\/wp\/v2\/types\/page"}],"author":[{"embeddable":true,"href":"https:\/\/fairfaxcryobank.com\/es\/wp-json\/wp\/v2\/users\/1"}],"replies":[{"embeddable":true,"href":"https:\/\/fairfaxcryobank.com\/es\/wp-json\/wp\/v2\/comments?post=6522"}],"version-history":[{"count":0,"href":"https:\/\/fairfaxcryobank.com\/es\/wp-json\/wp\/v2\/pages\/6522\/revisions"}],"wp:attachment":[{"href":"https:\/\/fairfaxcryobank.com\/es\/wp-json\/wp\/v2\/media?parent=6522"}],"curies":[{"name":"wp","href":"https:\/\/api.w.org\/{rel}","templated":true}]}}